{"id":988088,"date":"2022-02-07T10:31:45","date_gmt":"2022-02-07T10:31:45","guid":{"rendered":"http:\/\/ceaseformacion.com\/zaes\/?page_id=988088"},"modified":"2025-07-01T11:15:18","modified_gmt":"2025-07-01T11:15:18","slug":"downloads","status":"publish","type":"page","link":"https:\/\/zaes.es\/en\/descargas\/","title":{"rendered":"Downloads"},"content":{"rendered":"<div class=\"vgblk-rw-wrapper limit-wrapper\">\n<h1>\n\tValve catalogues <strong><br \/>ZAES<\/strong>\n\t<\/h1>\n\t\t\t\t<a href=\"https:\/\/zaes.es\/wp-content\/uploads\/2023\/05\/ZAES-Catalog-Valvulas-de-Aguja-Needle-Valves-2023.pdf\" target=\"_blank\" rel=\"noopener\"  itemprop=\"url\" title=\"High quality needle valve with trim seal for high pressure systems Cod. V95 H -H\">\n\t\t\t\t\t\t\t<img loading=\"lazy\" decoding=\"async\" src=\"https:\/\/zaes.es\/wp-content\/uploads\/2022\/02\/VLVULA1-2-150x150.jpg\" alt=\"High quality needle valve with trim seal for high pressure systems Cod. V95 H -H\" itemprop=\"image\" height=\"150\" width=\"150\" data-link-type=\"url\" title=\"High quality needle valve with trim seal for high pressure systems Cod. V95 H -H\" onerror=\"this.style.display='none'\"  sizes=\"auto, (max-width: 768px) 100vw, 100vw\" srcset=\"https:\/\/zaes.es\/wp-content\/uploads\/2022\/02\/VLVULA1-2-150x150.jpg 150w, https:\/\/zaes.es\/wp-content\/uploads\/2022\/02\/VLVULA1-2-300x300.jpg 300w, https:\/\/zaes.es\/wp-content\/uploads\/2022\/02\/VLVULA1-2-768x768.jpg 768w, https:\/\/zaes.es\/wp-content\/uploads\/2022\/02\/VLVULA1-2-700x700.jpg 700w, https:\/\/zaes.es\/wp-content\/uploads\/2022\/02\/VLVULA1-2-466x466.jpg 466w, https:\/\/zaes.es\/wp-content\/uploads\/2022\/02\/VLVULA1-2-933x933.jpg 933w, https:\/\/zaes.es\/wp-content\/uploads\/2022\/02\/VLVULA1-2-350x350.jpg 350w, https:\/\/zaes.es\/wp-content\/uploads\/2022\/02\/VLVULA1-2-100x100.jpg 100w, https:\/\/zaes.es\/wp-content\/uploads\/2022\/02\/VLVULA1-2.jpg 1000w\" \/>\t\t\t\t\t\t<\/a>\n\t\t\t<a href=\"https:\/\/zaes.es\/wp-content\/uploads\/2024\/09\/ZAES-Catalog-Valvulas-de-Aguja-Needle-Valves-2023.pdf\" target=\"_blank\" role=\"button\" rel=\"noopener\">\n\t\t\t\t\t\tDownload Needle Valves catalogue\n\t\t\t\t\t<\/a>\n\t\t\t\t<a href=\"https:\/\/zaes.es\/wp-content\/uploads\/2023\/05\/ZAES-Catalog-Valvulas-de-flotador-Float-Valves-2023.pdf\" target=\"_blank\" rel=\"noopener\"  itemprop=\"url\" title=\"Float valve in stainless steel threaded rod Cod. V80.05 plus stainless steel threaded float Cod. V82.02\">\n\t\t\t\t\t\t\t<img loading=\"lazy\" decoding=\"async\" src=\"https:\/\/zaes.es\/wp-content\/uploads\/2022\/02\/VALVUL1-3.jpg\" alt=\"Float valve in stainless steel threaded rod Cod. V80.05 plus stainless steel threaded float Cod. V82.02\" itemprop=\"image\" height=\"1000\" width=\"1000\" data-link-type=\"url\" title=\"V80.05 V82.02 Float Valve Stainless Steel ZAES - Float Valve Stainless Steel\" onerror=\"this.style.display='none'\"  sizes=\"auto, (max-width: 768px) 100vw, 100vw\" srcset=\"https:\/\/zaes.es\/wp-content\/uploads\/2022\/02\/VALVUL1-3.jpg 1000w, https:\/\/zaes.es\/wp-content\/uploads\/2022\/02\/VALVUL1-3-300x300.jpg 300w, https:\/\/zaes.es\/wp-content\/uploads\/2022\/02\/VALVUL1-3-150x150.jpg 150w, https:\/\/zaes.es\/wp-content\/uploads\/2022\/02\/VALVUL1-3-768x768.jpg 768w, https:\/\/zaes.es\/wp-content\/uploads\/2022\/02\/VALVUL1-3-700x700.jpg 700w, https:\/\/zaes.es\/wp-content\/uploads\/2022\/02\/VALVUL1-3-466x466.jpg 466w, https:\/\/zaes.es\/wp-content\/uploads\/2022\/02\/VALVUL1-3-933x933.jpg 933w, https:\/\/zaes.es\/wp-content\/uploads\/2022\/02\/VALVUL1-3-350x350.jpg 350w, https:\/\/zaes.es\/wp-content\/uploads\/2022\/02\/VALVUL1-3-100x100.jpg 100w\" \/>\t\t\t\t\t\t<\/a>\n\t\t\t<a href=\"https:\/\/zaes.es\/wp-content\/uploads\/2024\/09\/ZAES-Catalog-Valvulas-de-flotador-Float-Valves-2023.pdf\" target=\"_blank\" role=\"button\" rel=\"noopener\">\n\t\t\t\t\t\tDownload Float Valve catalogue\n\t\t\t\t\t<\/a>\n\t\t\t\t<a href=\"https:\/\/zaes.es\/wp-content\/uploads\/2023\/05\/ZAES-Catalog-Valvulas-de-seguridad-Safety-Valves-2023.pdf\" target=\"_blank\" rel=\"noopener\"  itemprop=\"url\" title=\"V70-Safety-Valve-Safety-Valve-Exhaust-Lever-Driven-PED-2014.68.CE---Safety-Valve-Enclosed-Discharge-With-Lever-PED-2014.68\">\n\t\t\t\t\t\t\t<img loading=\"lazy\" decoding=\"async\" src=\"https:\/\/zaes.es\/wp-content\/uploads\/2023\/03\/V70-Valvula-Seguridad-Escape-Conducido-con-Palanca-PED-2014.68.CE-Safety-Valve-Enclosed-Discharge-With-Lever-PED-2014.68.png\" alt=\"V70-Safety-Valve-Safety-Valve-Exhaust-Lever-Driven-PED-2014.68.CE---Safety-Valve-Enclosed-Discharge-With-Lever-PED-2014.68\" itemprop=\"image\" height=\"1000\" width=\"1000\" data-link-type=\"url\" title=\"V70-Safety-Valve-Safety-Valve-Exhaust-Lever-Driven-PED-2014.68.CE---Safety-Valve-Enclosed-Discharge-With-Lever-PED-2014.68\" onerror=\"this.style.display='none'\"  sizes=\"auto, (max-width: 768px) 100vw, 100vw\" srcset=\"https:\/\/zaes.es\/wp-content\/uploads\/2023\/03\/V70-Valvula-Seguridad-Escape-Conducido-con-Palanca-PED-2014.68.CE-Safety-Valve-Enclosed-Discharge-With-Lever-PED-2014.68.png 1000w, https:\/\/zaes.es\/wp-content\/uploads\/2023\/03\/V70-Valvula-Seguridad-Escape-Conducido-con-Palanca-PED-2014.68.CE-Safety-Valve-Enclosed-Discharge-With-Lever-PED-2014.68-300x300.png 300w, https:\/\/zaes.es\/wp-content\/uploads\/2023\/03\/V70-Valvula-Seguridad-Escape-Conducido-con-Palanca-PED-2014.68.CE-Safety-Valve-Enclosed-Discharge-With-Lever-PED-2014.68-150x150.png 150w, https:\/\/zaes.es\/wp-content\/uploads\/2023\/03\/V70-Valvula-Seguridad-Escape-Conducido-con-Palanca-PED-2014.68.CE-Safety-Valve-Enclosed-Discharge-With-Lever-PED-2014.68-768x768.png 768w, https:\/\/zaes.es\/wp-content\/uploads\/2023\/03\/V70-Valvula-Seguridad-Escape-Conducido-con-Palanca-PED-2014.68.CE-Safety-Valve-Enclosed-Discharge-With-Lever-PED-2014.68-12x12.png 12w, https:\/\/zaes.es\/wp-content\/uploads\/2023\/03\/V70-Valvula-Seguridad-Escape-Conducido-con-Palanca-PED-2014.68.CE-Safety-Valve-Enclosed-Discharge-With-Lever-PED-2014.68-700x700.png 700w, https:\/\/zaes.es\/wp-content\/uploads\/2023\/03\/V70-Valvula-Seguridad-Escape-Conducido-con-Palanca-PED-2014.68.CE-Safety-Valve-Enclosed-Discharge-With-Lever-PED-2014.68-466x466.png 466w, https:\/\/zaes.es\/wp-content\/uploads\/2023\/03\/V70-Valvula-Seguridad-Escape-Conducido-con-Palanca-PED-2014.68.CE-Safety-Valve-Enclosed-Discharge-With-Lever-PED-2014.68-933x933.png 933w, https:\/\/zaes.es\/wp-content\/uploads\/2023\/03\/V70-Valvula-Seguridad-Escape-Conducido-con-Palanca-PED-2014.68.CE-Safety-Valve-Enclosed-Discharge-With-Lever-PED-2014.68-350x350.png 350w, https:\/\/zaes.es\/wp-content\/uploads\/2023\/03\/V70-Valvula-Seguridad-Escape-Conducido-con-Palanca-PED-2014.68.CE-Safety-Valve-Enclosed-Discharge-With-Lever-PED-2014.68-100x100.png 100w\" \/>\t\t\t\t\t\t<\/a>\n\t\t\t<a href=\"https:\/\/zaes.es\/wp-content\/uploads\/2025\/07\/Safety-Valves-Valvulas-de-Seguridad.pdf\" target=\"_blank\" role=\"button\" rel=\"noopener\">\n\t\t\t\t\t\tDownload Safety Valves catalogue\n\t\t\t\t\t<\/a>\n\t\t\t\t<a href=\"https:\/\/zaes.es\/wp-content\/uploads\/2023\/05\/ZAES-Catalog-Instrumentacion-Industrial-Industrial-Instrumentation-2023.pdf\" target=\"_blank\" rel=\"noopener\"  itemprop=\"url\" title=\"Stainless_steel_manometer_shock absorber_mod.M34.02\">\n\t\t\t\t\t\t\t<img loading=\"lazy\" decoding=\"async\" src=\"https:\/\/zaes.es\/wp-content\/uploads\/2022\/02\/Amortiguador_de_manometro_acero_inoxidable_Cod.M34.02.jpg\" alt=\"Stainless_steel_manometer_shock absorber_mod.M34.02\" itemprop=\"image\" height=\"1000\" width=\"1000\" data-link-type=\"url\" title=\"Pressure reducer Stainless Steel EN 12164 - manometer pressure reducer Stainless Steel EN 12164 figure M34.02\" onerror=\"this.style.display='none'\"  sizes=\"auto, (max-width: 768px) 100vw, 100vw\" srcset=\"https:\/\/zaes.es\/wp-content\/uploads\/2022\/02\/Amortiguador_de_manometro_acero_inoxidable_Cod.M34.02.jpg 1000w, https:\/\/zaes.es\/wp-content\/uploads\/2022\/02\/Amortiguador_de_manometro_acero_inoxidable_Cod.M34.02-300x300.jpg 300w, https:\/\/zaes.es\/wp-content\/uploads\/2022\/02\/Amortiguador_de_manometro_acero_inoxidable_Cod.M34.02-150x150.jpg 150w, https:\/\/zaes.es\/wp-content\/uploads\/2022\/02\/Amortiguador_de_manometro_acero_inoxidable_Cod.M34.02-768x768.jpg 768w, https:\/\/zaes.es\/wp-content\/uploads\/2022\/02\/Amortiguador_de_manometro_acero_inoxidable_Cod.M34.02-700x700.jpg 700w, https:\/\/zaes.es\/wp-content\/uploads\/2022\/02\/Amortiguador_de_manometro_acero_inoxidable_Cod.M34.02-466x466.jpg 466w, https:\/\/zaes.es\/wp-content\/uploads\/2022\/02\/Amortiguador_de_manometro_acero_inoxidable_Cod.M34.02-933x933.jpg 933w, https:\/\/zaes.es\/wp-content\/uploads\/2022\/02\/Amortiguador_de_manometro_acero_inoxidable_Cod.M34.02-350x350.jpg 350w, https:\/\/zaes.es\/wp-content\/uploads\/2022\/02\/Amortiguador_de_manometro_acero_inoxidable_Cod.M34.02-100x100.jpg 100w\" \/>\t\t\t\t\t\t<\/a>\n\t\t\t<a href=\"https:\/\/zaes.es\/wp-content\/uploads\/2024\/09\/ZAES-Catalog-Instrumentacion-Industrial-Industrial-Instrumentation-2023.pdf\" target=\"_blank\" role=\"button\" rel=\"noopener\">\n\t\t\t\t\t\tDownload Industrial Instrumentation catalogue\n\t\t\t\t\t<\/a>\n\t\t\t\t<a href=\"https:\/\/zaes.es\/wp-content\/uploads\/2023\/05\/ZAES-Catalog-Manifolds-2023.pdf\" target=\"_blank\" rel=\"noopener\"  itemprop=\"url\" title=\"V113-Manifold-Stainless-Steel-AISI-316L,-Carbon-Steel,-Carbon-Steel,-Monel,-Inconel,-Hastelloy,-Duplex,-Super-Duplex\">\n\t\t\t\t\t\t\t<img loading=\"lazy\" decoding=\"async\" src=\"https:\/\/zaes.es\/wp-content\/uploads\/2023\/03\/V113-Manifold-Stainless-Steel-AISI-316L-Acero-Carbono-Carbon-Steel-Monel-Inconel-Hastelloy-Duplex-Super-Duplex.png\" alt=\"V113-Manifold-Stainless-Steel-AISI-316L,-Carbon-Steel,-Carbon-Steel,-Monel,-Inconel,-Hastelloy,-Duplex,-Super-Duplex\" itemprop=\"image\" height=\"1000\" width=\"1000\" data-link-type=\"url\" title=\"V113-Manifold-Stainless-Steel-AISI-316L,-Carbon-Steel,-Carbon-Steel,-Monel,-Inconel,-Hastelloy,-Duplex,-Super-Duplex\" onerror=\"this.style.display='none'\"  sizes=\"auto, (max-width: 768px) 100vw, 100vw\" srcset=\"https:\/\/zaes.es\/wp-content\/uploads\/2023\/03\/V113-Manifold-Stainless-Steel-AISI-316L-Acero-Carbono-Carbon-Steel-Monel-Inconel-Hastelloy-Duplex-Super-Duplex.png 1000w, https:\/\/zaes.es\/wp-content\/uploads\/2023\/03\/V113-Manifold-Stainless-Steel-AISI-316L-Acero-Carbono-Carbon-Steel-Monel-Inconel-Hastelloy-Duplex-Super-Duplex-300x300.png 300w, https:\/\/zaes.es\/wp-content\/uploads\/2023\/03\/V113-Manifold-Stainless-Steel-AISI-316L-Acero-Carbono-Carbon-Steel-Monel-Inconel-Hastelloy-Duplex-Super-Duplex-150x150.png 150w, https:\/\/zaes.es\/wp-content\/uploads\/2023\/03\/V113-Manifold-Stainless-Steel-AISI-316L-Acero-Carbono-Carbon-Steel-Monel-Inconel-Hastelloy-Duplex-Super-Duplex-768x768.png 768w, https:\/\/zaes.es\/wp-content\/uploads\/2023\/03\/V113-Manifold-Stainless-Steel-AISI-316L-Acero-Carbono-Carbon-Steel-Monel-Inconel-Hastelloy-Duplex-Super-Duplex-12x12.png 12w, https:\/\/zaes.es\/wp-content\/uploads\/2023\/03\/V113-Manifold-Stainless-Steel-AISI-316L-Acero-Carbono-Carbon-Steel-Monel-Inconel-Hastelloy-Duplex-Super-Duplex-700x700.png 700w, https:\/\/zaes.es\/wp-content\/uploads\/2023\/03\/V113-Manifold-Stainless-Steel-AISI-316L-Acero-Carbono-Carbon-Steel-Monel-Inconel-Hastelloy-Duplex-Super-Duplex-466x466.png 466w, https:\/\/zaes.es\/wp-content\/uploads\/2023\/03\/V113-Manifold-Stainless-Steel-AISI-316L-Acero-Carbono-Carbon-Steel-Monel-Inconel-Hastelloy-Duplex-Super-Duplex-933x933.png 933w, https:\/\/zaes.es\/wp-content\/uploads\/2023\/03\/V113-Manifold-Stainless-Steel-AISI-316L-Acero-Carbono-Carbon-Steel-Monel-Inconel-Hastelloy-Duplex-Super-Duplex-350x350.png 350w, https:\/\/zaes.es\/wp-content\/uploads\/2023\/03\/V113-Manifold-Stainless-Steel-AISI-316L-Acero-Carbono-Carbon-Steel-Monel-Inconel-Hastelloy-Duplex-Super-Duplex-100x100.png 100w\" \/>\t\t\t\t\t\t<\/a>\n\t\t\t<a href=\"https:\/\/zaes.es\/wp-content\/uploads\/2024\/09\/ZAES-Catalog-Manifolds-2023.pdf\" target=\"_blank\" role=\"button\" rel=\"noopener\">\n\t\t\t\t\t\tDownload Instrumentation Manifolds catalogue\n\t\t\t\t\t<\/a>\n\t\t\t\t<a href=\"https:\/\/zaes.es\/wp-content\/uploads\/2023\/05\/ZAES-Catalog-Regadio-Liquidos-Viscosos-Irrigation-Viscouds-Liquids-2023.pdf\" target=\"_blank\" rel=\"noopener\"  itemprop=\"url\" title=\"V94-Valve--Rubbish-dump-valve--Rubbish-dump-valve\">\n\t\t\t\t\t\t\t<img loading=\"lazy\" decoding=\"async\" src=\"https:\/\/zaes.es\/wp-content\/uploads\/2023\/03\/V94-Valvula-Liquidos-Visquidos-Viscosos-Rubbish-dump-valve.png\" alt=\"V94-Valve--Rubbish-dump-valve--Rubbish-dump-valve\" itemprop=\"image\" height=\"1000\" width=\"1000\" data-link-type=\"url\" title=\"V94-Valve--Rubbish-dump-valve--Rubbish-dump-valve\" onerror=\"this.style.display='none'\"  sizes=\"auto, (max-width: 768px) 100vw, 100vw\" srcset=\"https:\/\/zaes.es\/wp-content\/uploads\/2023\/03\/V94-Valvula-Liquidos-Visquidos-Viscosos-Rubbish-dump-valve.png 1000w, https:\/\/zaes.es\/wp-content\/uploads\/2023\/03\/V94-Valvula-Liquidos-Visquidos-Viscosos-Rubbish-dump-valve-300x300.png 300w, https:\/\/zaes.es\/wp-content\/uploads\/2023\/03\/V94-Valvula-Liquidos-Visquidos-Viscosos-Rubbish-dump-valve-150x150.png 150w, https:\/\/zaes.es\/wp-content\/uploads\/2023\/03\/V94-Valvula-Liquidos-Visquidos-Viscosos-Rubbish-dump-valve-768x768.png 768w, https:\/\/zaes.es\/wp-content\/uploads\/2023\/03\/V94-Valvula-Liquidos-Visquidos-Viscosos-Rubbish-dump-valve-12x12.png 12w, https:\/\/zaes.es\/wp-content\/uploads\/2023\/03\/V94-Valvula-Liquidos-Visquidos-Viscosos-Rubbish-dump-valve-700x700.png 700w, https:\/\/zaes.es\/wp-content\/uploads\/2023\/03\/V94-Valvula-Liquidos-Visquidos-Viscosos-Rubbish-dump-valve-466x466.png 466w, https:\/\/zaes.es\/wp-content\/uploads\/2023\/03\/V94-Valvula-Liquidos-Visquidos-Viscosos-Rubbish-dump-valve-933x933.png 933w, https:\/\/zaes.es\/wp-content\/uploads\/2023\/03\/V94-Valvula-Liquidos-Visquidos-Viscosos-Rubbish-dump-valve-350x350.png 350w, https:\/\/zaes.es\/wp-content\/uploads\/2023\/03\/V94-Valvula-Liquidos-Visquidos-Viscosos-Rubbish-dump-valve-100x100.png 100w\" \/>\t\t\t\t\t\t<\/a>\n\t\t\t<a href=\"https:\/\/zaes.es\/wp-content\/uploads\/2024\/09\/ZAES-Catalog-Regadio-Liquidos-Viscosos-Irrigation-Viscouds-Liquids-2023.pdf\" target=\"_blank\" role=\"button\" rel=\"noopener\">\n\t\t\t\t\t\tDownload Raccordage, Irrigation and Viscous Liquids Catalogue\n\t\t\t\t\t<\/a>\n\t\t\t\t<a href=\"https:\/\/zaes.es\/wp-content\/uploads\/2023\/05\/Catalog-ZAES-2023.pdf\" target=\"_blank\" rel=\"noopener\"  itemprop=\"url\" title=\"ZAES VALVES\">\n\t\t\t\t\t\t\t<img loading=\"lazy\" decoding=\"async\" src=\"https:\/\/zaes.es\/wp-content\/uploads\/2017\/07\/zaes-logofooter.png\" alt=\"ZAES VALVES\" itemprop=\"image\" height=\"85\" width=\"233\" data-link-type=\"url\" title=\"ZAES VALVES\" onerror=\"this.style.display='none'\"  sizes=\"auto, (max-width: 768px) 100vw, 100vw\"\/>\t\t\t\t\t\t<\/a>\n\t\t\t<a href=\"https:\/\/zaes.es\/wp-content\/uploads\/2024\/12\/Catalog-ZAES-2024-Rev.-4.pdf\" target=\"_blank\" role=\"button\" rel=\"noopener\">\n\t\t\t\t\t\tDownload ZAES catalogue\n\t\t\t\t\t<\/a>\n\n<\/div><!-- .vgblk-rw-wrapper -->","protected":false},"excerpt":{"rendered":"<p>ZAES Valve Catalogues Download Needle Valves catalogue Download Float Valves catalogue Download Safety Valves catalogue Download Industrial Instrumentation catalogue Download Instrumentation Manifolds catalogue Download Raccordage, Irrigation and Viscous Liquids catalogue Download ZAES catalogue<\/p>","protected":false},"author":1,"featured_media":0,"parent":0,"menu_order":0,"comment_status":"closed","ping_status":"closed","template":"","meta":{"inline_featured_image":false,"footnotes":""},"class_list":["post-988088","page","type-page","status-publish","hentry"],"yoast_head":"<!-- This site is optimized with the Yoast SEO plugin v27.3 - https:\/\/yoast.com\/product\/yoast-seo-wordpress\/ -->\n<title>Descargas - V\u00e1lvulas de Seguridad - Zaes<\/title>\n<meta name=\"robots\" content=\"index, follow, max-snippet:-1, max-image-preview:large, max-video-preview:-1\" \/>\n<link rel=\"canonical\" href=\"https:\/\/zaes.es\/en\/downloads\/\" \/>\n<meta property=\"og:locale\" content=\"en_GB\" \/>\n<meta property=\"og:type\" content=\"article\" \/>\n<meta property=\"og:title\" content=\"Descargas - V\u00e1lvulas de Seguridad - Zaes\" \/>\n<meta property=\"og:description\" content=\"Cat\u00e1logos de v\u00e1lvulas ZAES Descargar cat\u00e1logo de V\u00e1lvulas de Aguja Descargar cat\u00e1logo de V\u00e1lvulas de Flotador Descargar cat\u00e1logo de V\u00e1lvulas de Seguridad Descargar cat\u00e1logo de Instrumentaci\u00f3n Industrial Descargar cat\u00e1logo de Manifolds para Instrumentaci\u00f3n Descargar cat\u00e1logo de Racordaje, Riego y L\u00edquidos Viscosos Descargar cat\u00e1logo de ZAES\" \/>\n<meta property=\"og:url\" content=\"https:\/\/zaes.es\/en\/downloads\/\" \/>\n<meta property=\"og:site_name\" content=\"V\u00e1lvulas de Seguridad - Zaes\" \/>\n<meta property=\"article:modified_time\" content=\"2025-07-01T11:15:18+00:00\" \/>\n<meta property=\"og:image\" content=\"https:\/\/zaes.es\/wp-content\/uploads\/2022\/02\/VLVULA1-2-150x150.jpg\" \/>\n<meta name=\"twitter:card\" content=\"summary_large_image\" \/>\n<meta name=\"twitter:label1\" content=\"Estimated reading time\" \/>\n\t<meta name=\"twitter:data1\" content=\"3 minutes\" \/>\n<script type=\"application\/ld+json\" class=\"yoast-schema-graph\">{\"@context\":\"https:\\\/\\\/schema.org\",\"@graph\":[{\"@type\":\"WebPage\",\"@id\":\"https:\\\/\\\/zaes.es\\\/descargas\\\/\",\"url\":\"https:\\\/\\\/zaes.es\\\/descargas\\\/\",\"name\":\"Descargas - V\u00e1lvulas de Seguridad - Zaes\",\"isPartOf\":{\"@id\":\"https:\\\/\\\/zaes.es\\\/#website\"},\"primaryImageOfPage\":{\"@id\":\"https:\\\/\\\/zaes.es\\\/descargas\\\/#primaryimage\"},\"image\":{\"@id\":\"https:\\\/\\\/zaes.es\\\/descargas\\\/#primaryimage\"},\"thumbnailUrl\":\"https:\\\/\\\/zaes.es\\\/wp-content\\\/uploads\\\/2022\\\/02\\\/VLVULA1-2-150x150.jpg\",\"datePublished\":\"2022-02-07T10:31:45+00:00\",\"dateModified\":\"2025-07-01T11:15:18+00:00\",\"breadcrumb\":{\"@id\":\"https:\\\/\\\/zaes.es\\\/descargas\\\/#breadcrumb\"},\"inLanguage\":\"en-GB\",\"potentialAction\":[{\"@type\":\"ReadAction\",\"target\":[\"https:\\\/\\\/zaes.es\\\/descargas\\\/\"]}]},{\"@type\":\"ImageObject\",\"inLanguage\":\"en-GB\",\"@id\":\"https:\\\/\\\/zaes.es\\\/descargas\\\/#primaryimage\",\"url\":\"https:\\\/\\\/zaes.es\\\/wp-content\\\/uploads\\\/2022\\\/02\\\/VLVULA1-2-150x150.jpg\",\"contentUrl\":\"https:\\\/\\\/zaes.es\\\/wp-content\\\/uploads\\\/2022\\\/02\\\/VLVULA1-2-150x150.jpg\"},{\"@type\":\"BreadcrumbList\",\"@id\":\"https:\\\/\\\/zaes.es\\\/descargas\\\/#breadcrumb\",\"itemListElement\":[{\"@type\":\"ListItem\",\"position\":1,\"name\":\"Portada\",\"item\":\"https:\\\/\\\/zaes.es\\\/\"},{\"@type\":\"ListItem\",\"position\":2,\"name\":\"Descargas\"}]},{\"@type\":\"WebSite\",\"@id\":\"https:\\\/\\\/zaes.es\\\/#website\",\"url\":\"https:\\\/\\\/zaes.es\\\/\",\"name\":\"V\u00e1lvulas de Seguridad - Zaes\",\"description\":\"\",\"publisher\":{\"@id\":\"https:\\\/\\\/zaes.es\\\/#organization\"},\"potentialAction\":[{\"@type\":\"SearchAction\",\"target\":{\"@type\":\"EntryPoint\",\"urlTemplate\":\"https:\\\/\\\/zaes.es\\\/?s={search_term_string}\"},\"query-input\":{\"@type\":\"PropertyValueSpecification\",\"valueRequired\":true,\"valueName\":\"search_term_string\"}}],\"inLanguage\":\"en-GB\"},{\"@type\":\"Organization\",\"@id\":\"https:\\\/\\\/zaes.es\\\/#organization\",\"name\":\"V\u00e1lvulas de Seguridad - Zaes\",\"url\":\"https:\\\/\\\/zaes.es\\\/\",\"logo\":{\"@type\":\"ImageObject\",\"inLanguage\":\"en-GB\",\"@id\":\"https:\\\/\\\/zaes.es\\\/#\\\/schema\\\/logo\\\/image\\\/\",\"url\":\"https:\\\/\\\/zaes.es\\\/wp-content\\\/uploads\\\/2017\\\/07\\\/cropped-zaes-logofooter.png\",\"contentUrl\":\"https:\\\/\\\/zaes.es\\\/wp-content\\\/uploads\\\/2017\\\/07\\\/cropped-zaes-logofooter.png\",\"width\":233,\"height\":85,\"caption\":\"V\u00e1lvulas de Seguridad - Zaes\"},\"image\":{\"@id\":\"https:\\\/\\\/zaes.es\\\/#\\\/schema\\\/logo\\\/image\\\/\"}}]}<\/script>\n<!-- \/ Yoast SEO plugin. -->","yoast_head_json":{"title":"Downloads - Safety Valves - Zaes","robots":{"index":"index","follow":"follow","max-snippet":"max-snippet:-1","max-image-preview":"max-image-preview:large","max-video-preview":"max-video-preview:-1"},"canonical":"https:\/\/zaes.es\/en\/downloads\/","og_locale":"en_GB","og_type":"article","og_title":"Descargas - V\u00e1lvulas de Seguridad - Zaes","og_description":"Cat\u00e1logos de v\u00e1lvulas ZAES Descargar cat\u00e1logo de V\u00e1lvulas de Aguja Descargar cat\u00e1logo de V\u00e1lvulas de Flotador Descargar cat\u00e1logo de V\u00e1lvulas de Seguridad Descargar cat\u00e1logo de Instrumentaci\u00f3n Industrial Descargar cat\u00e1logo de Manifolds para Instrumentaci\u00f3n Descargar cat\u00e1logo de Racordaje, Riego y L\u00edquidos Viscosos Descargar cat\u00e1logo de ZAES","og_url":"https:\/\/zaes.es\/en\/downloads\/","og_site_name":"V\u00e1lvulas de Seguridad - Zaes","article_modified_time":"2025-07-01T11:15:18+00:00","og_image":[{"url":"https:\/\/zaes.es\/wp-content\/uploads\/2022\/02\/VLVULA1-2-150x150.jpg","type":"","width":"","height":""}],"twitter_card":"summary_large_image","twitter_misc":{"Estimated reading time":"3 minutes"},"schema":{"@context":"https:\/\/schema.org","@graph":[{"@type":"WebPage","@id":"https:\/\/zaes.es\/descargas\/","url":"https:\/\/zaes.es\/descargas\/","name":"Downloads - Safety Valves - Zaes","isPartOf":{"@id":"https:\/\/zaes.es\/#website"},"primaryImageOfPage":{"@id":"https:\/\/zaes.es\/descargas\/#primaryimage"},"image":{"@id":"https:\/\/zaes.es\/descargas\/#primaryimage"},"thumbnailUrl":"https:\/\/zaes.es\/wp-content\/uploads\/2022\/02\/VLVULA1-2-150x150.jpg","datePublished":"2022-02-07T10:31:45+00:00","dateModified":"2025-07-01T11:15:18+00:00","breadcrumb":{"@id":"https:\/\/zaes.es\/descargas\/#breadcrumb"},"inLanguage":"en-GB","potentialAction":[{"@type":"ReadAction","target":["https:\/\/zaes.es\/descargas\/"]}]},{"@type":"ImageObject","inLanguage":"en-GB","@id":"https:\/\/zaes.es\/descargas\/#primaryimage","url":"https:\/\/zaes.es\/wp-content\/uploads\/2022\/02\/VLVULA1-2-150x150.jpg","contentUrl":"https:\/\/zaes.es\/wp-content\/uploads\/2022\/02\/VLVULA1-2-150x150.jpg"},{"@type":"BreadcrumbList","@id":"https:\/\/zaes.es\/descargas\/#breadcrumb","itemListElement":[{"@type":"ListItem","position":1,"name":"Portada","item":"https:\/\/zaes.es\/"},{"@type":"ListItem","position":2,"name":"Descargas"}]},{"@type":"WebSite","@id":"https:\/\/zaes.es\/#website","url":"https:\/\/zaes.es\/","name":"Safety Valves - Zaes","description":"","publisher":{"@id":"https:\/\/zaes.es\/#organization"},"potentialAction":[{"@type":"SearchAction","target":{"@type":"EntryPoint","urlTemplate":"https:\/\/zaes.es\/?s={search_term_string}"},"query-input":{"@type":"PropertyValueSpecification","valueRequired":true,"valueName":"search_term_string"}}],"inLanguage":"en-GB"},{"@type":"Organization","@id":"https:\/\/zaes.es\/#organization","name":"Safety Valves - Zaes","url":"https:\/\/zaes.es\/","logo":{"@type":"ImageObject","inLanguage":"en-GB","@id":"https:\/\/zaes.es\/#\/schema\/logo\/image\/","url":"https:\/\/zaes.es\/wp-content\/uploads\/2017\/07\/cropped-zaes-logofooter.png","contentUrl":"https:\/\/zaes.es\/wp-content\/uploads\/2017\/07\/cropped-zaes-logofooter.png","width":233,"height":85,"caption":"V\u00e1lvulas de Seguridad - Zaes"},"image":{"@id":"https:\/\/zaes.es\/#\/schema\/logo\/image\/"}}]}},"_links":{"self":[{"href":"https:\/\/zaes.es\/en\/wp-json\/wp\/v2\/pages\/988088","targetHints":{"allow":["GET"]}}],"collection":[{"href":"https:\/\/zaes.es\/en\/wp-json\/wp\/v2\/pages"}],"about":[{"href":"https:\/\/zaes.es\/en\/wp-json\/wp\/v2\/types\/page"}],"author":[{"embeddable":true,"href":"https:\/\/zaes.es\/en\/wp-json\/wp\/v2\/users\/1"}],"replies":[{"embeddable":true,"href":"https:\/\/zaes.es\/en\/wp-json\/wp\/v2\/comments?post=988088"}],"version-history":[{"count":71,"href":"https:\/\/zaes.es\/en\/wp-json\/wp\/v2\/pages\/988088\/revisions"}],"predecessor-version":[{"id":991099,"href":"https:\/\/zaes.es\/en\/wp-json\/wp\/v2\/pages\/988088\/revisions\/991099"}],"wp:attachment":[{"href":"https:\/\/zaes.es\/en\/wp-json\/wp\/v2\/media?parent=988088"}],"curies":[{"name":"wp","href":"https:\/\/api.w.org\/{rel}","templated":true}]}}