{"id":12696,"date":"2017-05-08T17:30:45","date_gmt":"2017-05-08T17:30:45","guid":{"rendered":"https:\/\/nex.vamtam.com\/?page_id=12696"},"modified":"2023-02-14T15:48:51","modified_gmt":"2023-02-14T15:48:51","slug":"valvulas-de-aguja","status":"publish","type":"page","link":"https:\/\/zaes.es\/es_ar\/productos\/valvulas-de-aguja\/","title":{"rendered":"V\u00e1lvulas de aguja"},"content":{"rendered":"<div class=\"vgblk-rw-wrapper limit-wrapper\">\r\n<p><a href=\"https:\/\/zaes.es\/es_ar\/contacto\/\">SOLICITA INFORMACI\u00d3N<\/a><\/p>\r\n<h1>Qu\u00e9 es una v\u00e1lvula<br \/><strong>de Aguja <\/strong><\/h1>\r\n<p>Una v\u00e1lvula de aguja en inoxidable y en otras aleaciones son unas v\u00e1lvulas que se pueden usar para regular el flujo de una sustancia (generalmente v\u00e1lvulas de aguja para gas o v\u00e1lvulas de aguja para agua) a trav\u00e9s de un aparato o sistema. La caracter\u00edstica \u00fanica de este valor es que contiene un peque\u00f1o \u00e9mbolo con forma de aguja (como su nombre propio nombre dice).<\/p>\r\n<blockquote>\r\n<p>Las v\u00e1lvulas de aguja en inoxidable y en otras aleaciones deben su nombre de un v\u00e1stago c\u00f3nico, que act\u00faa como un tap\u00f3n en un orificio de di\u00e1metro peque\u00f1o relacionado con el di\u00e1metro nominal de la v\u00e1lvula.<\/p>\r\n<\/blockquote>\r\n<p>El movimiento del v\u00e1stago de la v\u00e1lvula, si es de rosca fina, es lento, de hecho, la parte del paso del fluido no es la m\u00e1s peque\u00f1a hasta muchas vueltas, por su estabilidad esta v\u00e1lvula se convierte en un buen regulador de caudal. El dise\u00f1o del obturador de precisi\u00f3n favorece un buen sellado met\u00e1lico, con poco desgaste y puede evitar la cavitaci\u00f3n en caso de diferencias de alta presi\u00f3n.<\/p>\r\n<p>Puede encontrar dise\u00f1os que disponen los puertos de entrada y salida de la v\u00e1lvula en formas angulares, rectas (90\u00ba) o lineales (0\u00ba).<\/p>\r\n<p><a role=\"button\" href=\"https:\/\/zaes.es\/es_ar\/categoria-producto\/valvulas-de-aguja\/\" target=\"_self\" rel=\"noopener\"> VER V\u00c1LVULAS DE AGUJA <\/a> <img loading=\"lazy\" decoding=\"async\" title=\"WhiteValvulaAgujaConvencional600x600\" src=\"https:\/\/zaes.es\/wp-content\/uploads\/2022\/02\/WhiteValvulaAgujaConvencional600x600.jpg\" sizes=\"auto, (max-width: 768px) 100vw, 100vw\" srcset=\"https:\/\/zaes.es\/wp-content\/uploads\/2022\/02\/WhiteValvulaAgujaConvencional600x600.jpg 600w, https:\/\/zaes.es\/wp-content\/uploads\/2022\/02\/WhiteValvulaAgujaConvencional600x600-300x300.jpg 300w, https:\/\/zaes.es\/wp-content\/uploads\/2022\/02\/WhiteValvulaAgujaConvencional600x600-150x150.jpg 150w, https:\/\/zaes.es\/wp-content\/uploads\/2022\/02\/WhiteValvulaAgujaConvencional600x600-466x466.jpg 466w, https:\/\/zaes.es\/wp-content\/uploads\/2022\/02\/WhiteValvulaAgujaConvencional600x600-350x350.jpg 350w, https:\/\/zaes.es\/wp-content\/uploads\/2022\/02\/WhiteValvulaAgujaConvencional600x600-100x100.jpg 100w\" alt=\"Valvula de Aguja\" width=\"600\" height=\"600\" \/><\/p>\r\n<h2>Caracter\u00edsticas y funciones<br \/><strong>de una v\u00e1lvula de aguja<\/strong><\/h2>\r\n<p>La v\u00e1lvula de aguja es un tipo bien conocido porque se usa com\u00fanmente en instalaciones industriales. Tiene un v\u00e1stago \/ eje c\u00f3nico que puede abrir, cerrar o bloquear parcialmente conductos o agujeros. Es relativamente peque\u00f1o y, por tanto, apto para cualquier sistema de presi\u00f3n con dimensiones anteriores.<\/p>\r\n<p>Como otros tipos, el prop\u00f3sito de esta v\u00e1lvula de aguja es regular de manera efectiva y segura el fluido que fluye a trav\u00e9s del circuito. Su nombre proviene de su dise\u00f1o, ya que tiene un v\u00e1stago \/ eje c\u00f3nico que sirve de tap\u00f3n para el agujero, y su di\u00e1metro es muy peque\u00f1o en comparaci\u00f3n con el di\u00e1metro nominal.<\/p>\r\n<p>Si en este tipo de v\u00e1lvula industrial de aguja, el v\u00e1stago de la v\u00e1lvula tiene roscas finas y el desplazamiento es muy lento. Adem\u00e1s, la secci\u00f3n transversal del canal de fluido antes de girar es peque\u00f1a, lo que lo convierte en una excelente opci\u00f3n para regular el flujo.<\/p>\r\n<h3>\u00bfQu\u00e9 tipos de v\u00e1lvulas de aguja existen?<\/h3>\r\n<h2><strong>En Zaes como fabricante de v\u00e1lvulas de aguja, desde hace m\u00e1s de 60 a\u00f1os, les garantizamos un producto de calidad para sus instalaciones.<\/strong><\/h2>\r\n<p>Por lo general, est\u00e1n hechos de acero inoxidable AISI 316 L, acero al carbono, Monel, Inconel, Hastelloy, acero d\u00faplex y acero s\u00faper d\u00faplex.<\/p>\r\n<p>Cabe agregar que deben considerar el material m\u00e1s adecuado para su aplicaci\u00f3n, lo que les ayudar\u00e1 a extender el ciclo de vida de la v\u00e1lvula y mantener el sistema seguro y activo durante mucho tiempo.<\/p>\r\n<p>Las v\u00e1lvulas da aguja aplicaciones se utilizan com\u00fanmente en sistemas hidr\u00e1ulicos de alta y baja presi\u00f3n, procesamiento qu\u00edmico y otras aplicaciones de l\u00edquidos y gases.<\/p>\r\n<p>Dependiendo de sus materiales, tambi\u00e9n se pueden utilizar en sistemas de ox\u00edgeno o de alta temperatura.<\/p>\r\n<h2>Funcionamiento de las<br \/><strong>V\u00e1lvulas de Aguja<\/strong><\/h2>\r\n<ol>\r\n<li>Ajuste el caudal girando la perilla. Si gira en el sentido de las agujas del reloj, el caudal disminuye y si gira en el sentido contrario a las agujas del reloj, aumenta el caudal.<\/li>\r\n<li>Cierre la v\u00e1lvula con fuerza manual \u00fanicamente. Utilice tuber\u00edas o llaves sin motivo.<\/li>\r\n<li>Si la v\u00e1lvula est\u00e1 a alta temperatura, tenga en cuenta que puede quemarse las manos durante el funcionamiento.<\/li>\r\n<li>En la v\u00e1lvula de accionamiento, el actuador integral mec\u00e1nico env\u00eda una se\u00f1al de apertura o cierre.<\/li>\r\n<li>No deje la v\u00e1lvula estacionaria durante mucho tiempo. Se recomienda ejecutarlo con regularidad para asegurar su correcto y continuo funcionamiento.<\/li>\r\n<\/ol>\r\n<p><img loading=\"lazy\" decoding=\"async\" title=\"TransparentValvulaAgujaSellado600x600\" src=\"https:\/\/zaes.es\/wp-content\/uploads\/2022\/02\/TransparentValvulaAgujaSellado600x600.png\" sizes=\"auto, (max-width: 768px) 100vw, 100vw\" srcset=\"https:\/\/zaes.es\/wp-content\/uploads\/2022\/02\/TransparentValvulaAgujaSellado600x600.png 600w, https:\/\/zaes.es\/wp-content\/uploads\/2022\/02\/TransparentValvulaAgujaSellado600x600-300x300.png 300w, https:\/\/zaes.es\/wp-content\/uploads\/2022\/02\/TransparentValvulaAgujaSellado600x600-150x150.png 150w, https:\/\/zaes.es\/wp-content\/uploads\/2022\/02\/TransparentValvulaAgujaSellado600x600-466x466.png 466w, https:\/\/zaes.es\/wp-content\/uploads\/2022\/02\/TransparentValvulaAgujaSellado600x600-350x350.png 350w, https:\/\/zaes.es\/wp-content\/uploads\/2022\/02\/TransparentValvulaAgujaSellado600x600-100x100.png 100w\" alt=\"TransparentValvulaAgujaSellado600x600\" width=\"600\" height=\"600\" \/><\/p>\r\n<p>Una v\u00e1lvula de aguja en inoxidable y en otras aleaciones son unas v\u00e1lvulas que se pueden usar para regular el flujo de una sustancia (generalmente v\u00e1lvulas de aguja para gas o v\u00e1lvulas de aguja para agua) a trav\u00e9s de un aparato o sistema. La caracter\u00edstica \u00fanica de este valor es que contiene un peque\u00f1o \u00e9mbolo con forma de aguja (como su nombre propio nombre dice).<\/p>\r\n<p>Las v\u00e1lvulas de aguja en inoxidable y en otras aleaciones deben su nombre de un v\u00e1stago c\u00f3nico, que act\u00faa como un tap\u00f3n en un orificio de di\u00e1metro peque\u00f1o relacionado con el di\u00e1metro nominal de la v\u00e1lvula.<\/p>\r\n<blockquote>\r\n<p>El movimiento del v\u00e1stago de la v\u00e1lvula, si es de rosca fina, es lento, de hecho, la parte del paso del fluido no es la m\u00e1s peque\u00f1a hasta muchas vueltas, por su estabilidad esta v\u00e1lvula se convierte en un buen regulador de caudal. El dise\u00f1o del obturador de precisi\u00f3n favorece un buen sellado met\u00e1lico, con poco desgaste y puede evitar la cavitaci\u00f3n en caso de diferencias de alta presi\u00f3n.<\/p>\r\n<\/blockquote>\r\n<p>Puede encontrar dise\u00f1os que disponen los puertos de entrada y salida de la v\u00e1lvula en formas angulares, rectas (90\u00ba) o lineales (0\u00ba).<\/p>\r\n<\/div><!-- .vgblk-rw-wrapper -->","protected":false},"excerpt":{"rendered":"<p>SOLICITA INFORMACI\u00d3N Qu\u00e9 es una v\u00e1lvulade Aguja Una v\u00e1lvula de aguja en inoxidable y en otras aleaciones son unas v\u00e1lvulas que se pueden usar para regular el flujo de una sustancia (generalmente v\u00e1lvulas de aguja para gas o v\u00e1lvulas de aguja para agua) a trav\u00e9s de un aparato o sistema. La caracter\u00edstica \u00fanica de este&#8230;<\/p>","protected":false},"author":1,"featured_media":0,"parent":987852,"menu_order":0,"comment_status":"closed","ping_status":"closed","template":"","meta":{"inline_featured_image":false,"footnotes":""},"class_list":["post-12696","page","type-page","status-publish","hentry"],"yoast_head":"<!-- This site is optimized with the Yoast SEO plugin v27.3 - https:\/\/yoast.com\/product\/yoast-seo-wordpress\/ -->\n<title>V\u00e1lvulas de aguja - Zaes - Fabricantes de Valvulas de aguja<\/title>\n<meta name=\"description\" content=\"Las v\u00e1lvulas de aguja, en inoxidable y en otras aleaciones son unas v\u00e1lvulas que se pueden usar para regular el flujo del fluido.\" \/>\n<meta name=\"robots\" content=\"index, follow, max-snippet:-1, max-image-preview:large, max-video-preview:-1\" \/>\n<link rel=\"canonical\" href=\"https:\/\/zaes.es\/es_ar\/productos\/valvulas-de-aguja\/\" \/>\n<meta property=\"og:locale\" content=\"es_ES\" \/>\n<meta property=\"og:type\" content=\"article\" \/>\n<meta property=\"og:title\" content=\"V\u00e1lvulas de aguja - Zaes - Fabricantes de Valvulas de aguja\" \/>\n<meta property=\"og:description\" content=\"Las v\u00e1lvulas de aguja, en inoxidable y en otras aleaciones son unas v\u00e1lvulas que se pueden usar para regular el flujo del fluido.\" \/>\n<meta property=\"og:url\" content=\"https:\/\/zaes.es\/es_ar\/productos\/valvulas-de-aguja\/\" \/>\n<meta property=\"og:site_name\" content=\"V\u00e1lvulas de Seguridad - Zaes\" \/>\n<meta property=\"article:modified_time\" content=\"2023-02-14T15:48:51+00:00\" \/>\n<meta property=\"og:image\" content=\"https:\/\/zaes.es\/wp-content\/uploads\/2022\/02\/WhiteValvulaAgujaConvencional600x600.jpg\" \/>\n<meta name=\"twitter:card\" content=\"summary_large_image\" \/>\n<meta name=\"twitter:label1\" content=\"Tiempo de lectura\" \/>\n\t<meta name=\"twitter:data1\" content=\"5 minutos\" \/>\n<script type=\"application\/ld+json\" class=\"yoast-schema-graph\">{\"@context\":\"https:\\\/\\\/schema.org\",\"@graph\":[{\"@type\":\"WebPage\",\"@id\":\"https:\\\/\\\/zaes.es\\\/productos\\\/valvulas-de-aguja\\\/\",\"url\":\"https:\\\/\\\/zaes.es\\\/productos\\\/valvulas-de-aguja\\\/\",\"name\":\"V\u00e1lvulas de aguja - Zaes - Fabricantes de Valvulas de aguja\",\"isPartOf\":{\"@id\":\"https:\\\/\\\/zaes.es\\\/#website\"},\"primaryImageOfPage\":{\"@id\":\"https:\\\/\\\/zaes.es\\\/productos\\\/valvulas-de-aguja\\\/#primaryimage\"},\"image\":{\"@id\":\"https:\\\/\\\/zaes.es\\\/productos\\\/valvulas-de-aguja\\\/#primaryimage\"},\"thumbnailUrl\":\"https:\\\/\\\/zaes.es\\\/wp-content\\\/uploads\\\/2022\\\/02\\\/WhiteValvulaAgujaConvencional600x600.jpg\",\"datePublished\":\"2017-05-08T17:30:45+00:00\",\"dateModified\":\"2023-02-14T15:48:51+00:00\",\"description\":\"Las v\u00e1lvulas de aguja, en inoxidable y en otras aleaciones son unas v\u00e1lvulas que se pueden usar para regular el flujo del fluido.\",\"breadcrumb\":{\"@id\":\"https:\\\/\\\/zaes.es\\\/productos\\\/valvulas-de-aguja\\\/#breadcrumb\"},\"inLanguage\":\"es-AR\",\"potentialAction\":[{\"@type\":\"ReadAction\",\"target\":[\"https:\\\/\\\/zaes.es\\\/productos\\\/valvulas-de-aguja\\\/\"]}]},{\"@type\":\"ImageObject\",\"inLanguage\":\"es-AR\",\"@id\":\"https:\\\/\\\/zaes.es\\\/productos\\\/valvulas-de-aguja\\\/#primaryimage\",\"url\":\"https:\\\/\\\/zaes.es\\\/wp-content\\\/uploads\\\/2022\\\/02\\\/WhiteValvulaAgujaConvencional600x600.jpg\",\"contentUrl\":\"https:\\\/\\\/zaes.es\\\/wp-content\\\/uploads\\\/2022\\\/02\\\/WhiteValvulaAgujaConvencional600x600.jpg\"},{\"@type\":\"BreadcrumbList\",\"@id\":\"https:\\\/\\\/zaes.es\\\/productos\\\/valvulas-de-aguja\\\/#breadcrumb\",\"itemListElement\":[{\"@type\":\"ListItem\",\"position\":1,\"name\":\"Portada\",\"item\":\"https:\\\/\\\/zaes.es\\\/\"},{\"@type\":\"ListItem\",\"position\":2,\"name\":\"Productos\",\"item\":\"https:\\\/\\\/zaes.es\\\/productos\\\/\"},{\"@type\":\"ListItem\",\"position\":3,\"name\":\"V\u00e1lvulas de aguja\"}]},{\"@type\":\"WebSite\",\"@id\":\"https:\\\/\\\/zaes.es\\\/#website\",\"url\":\"https:\\\/\\\/zaes.es\\\/\",\"name\":\"V\u00e1lvulas de Seguridad - Zaes\",\"description\":\"\",\"publisher\":{\"@id\":\"https:\\\/\\\/zaes.es\\\/#organization\"},\"potentialAction\":[{\"@type\":\"SearchAction\",\"target\":{\"@type\":\"EntryPoint\",\"urlTemplate\":\"https:\\\/\\\/zaes.es\\\/?s={search_term_string}\"},\"query-input\":{\"@type\":\"PropertyValueSpecification\",\"valueRequired\":true,\"valueName\":\"search_term_string\"}}],\"inLanguage\":\"es-AR\"},{\"@type\":\"Organization\",\"@id\":\"https:\\\/\\\/zaes.es\\\/#organization\",\"name\":\"V\u00e1lvulas de Seguridad - Zaes\",\"url\":\"https:\\\/\\\/zaes.es\\\/\",\"logo\":{\"@type\":\"ImageObject\",\"inLanguage\":\"es-AR\",\"@id\":\"https:\\\/\\\/zaes.es\\\/#\\\/schema\\\/logo\\\/image\\\/\",\"url\":\"https:\\\/\\\/zaes.es\\\/wp-content\\\/uploads\\\/2017\\\/07\\\/cropped-zaes-logofooter.png\",\"contentUrl\":\"https:\\\/\\\/zaes.es\\\/wp-content\\\/uploads\\\/2017\\\/07\\\/cropped-zaes-logofooter.png\",\"width\":233,\"height\":85,\"caption\":\"V\u00e1lvulas de Seguridad - Zaes\"},\"image\":{\"@id\":\"https:\\\/\\\/zaes.es\\\/#\\\/schema\\\/logo\\\/image\\\/\"}}]}<\/script>\n<!-- \/ Yoast SEO plugin. -->","yoast_head_json":{"title":"V\u00e1lvulas de aguja - Zaes - Fabricantes de Valvulas de aguja","description":"Las v\u00e1lvulas de aguja, en inoxidable y en otras aleaciones son unas v\u00e1lvulas que se pueden usar para regular el flujo del fluido.","robots":{"index":"index","follow":"follow","max-snippet":"max-snippet:-1","max-image-preview":"max-image-preview:large","max-video-preview":"max-video-preview:-1"},"canonical":"https:\/\/zaes.es\/es_ar\/productos\/valvulas-de-aguja\/","og_locale":"es_ES","og_type":"article","og_title":"V\u00e1lvulas de aguja - Zaes - Fabricantes de Valvulas de aguja","og_description":"Las v\u00e1lvulas de aguja, en inoxidable y en otras aleaciones son unas v\u00e1lvulas que se pueden usar para regular el flujo del fluido.","og_url":"https:\/\/zaes.es\/es_ar\/productos\/valvulas-de-aguja\/","og_site_name":"V\u00e1lvulas de Seguridad - Zaes","article_modified_time":"2023-02-14T15:48:51+00:00","og_image":[{"url":"https:\/\/zaes.es\/wp-content\/uploads\/2022\/02\/WhiteValvulaAgujaConvencional600x600.jpg","type":"","width":"","height":""}],"twitter_card":"summary_large_image","twitter_misc":{"Tiempo de lectura":"5 minutos"},"schema":{"@context":"https:\/\/schema.org","@graph":[{"@type":"WebPage","@id":"https:\/\/zaes.es\/productos\/valvulas-de-aguja\/","url":"https:\/\/zaes.es\/productos\/valvulas-de-aguja\/","name":"V\u00e1lvulas de aguja - Zaes - Fabricantes de Valvulas de aguja","isPartOf":{"@id":"https:\/\/zaes.es\/#website"},"primaryImageOfPage":{"@id":"https:\/\/zaes.es\/productos\/valvulas-de-aguja\/#primaryimage"},"image":{"@id":"https:\/\/zaes.es\/productos\/valvulas-de-aguja\/#primaryimage"},"thumbnailUrl":"https:\/\/zaes.es\/wp-content\/uploads\/2022\/02\/WhiteValvulaAgujaConvencional600x600.jpg","datePublished":"2017-05-08T17:30:45+00:00","dateModified":"2023-02-14T15:48:51+00:00","description":"Las v\u00e1lvulas de aguja, en inoxidable y en otras aleaciones son unas v\u00e1lvulas que se pueden usar para regular el flujo del fluido.","breadcrumb":{"@id":"https:\/\/zaes.es\/productos\/valvulas-de-aguja\/#breadcrumb"},"inLanguage":"es-AR","potentialAction":[{"@type":"ReadAction","target":["https:\/\/zaes.es\/productos\/valvulas-de-aguja\/"]}]},{"@type":"ImageObject","inLanguage":"es-AR","@id":"https:\/\/zaes.es\/productos\/valvulas-de-aguja\/#primaryimage","url":"https:\/\/zaes.es\/wp-content\/uploads\/2022\/02\/WhiteValvulaAgujaConvencional600x600.jpg","contentUrl":"https:\/\/zaes.es\/wp-content\/uploads\/2022\/02\/WhiteValvulaAgujaConvencional600x600.jpg"},{"@type":"BreadcrumbList","@id":"https:\/\/zaes.es\/productos\/valvulas-de-aguja\/#breadcrumb","itemListElement":[{"@type":"ListItem","position":1,"name":"Portada","item":"https:\/\/zaes.es\/"},{"@type":"ListItem","position":2,"name":"Productos","item":"https:\/\/zaes.es\/productos\/"},{"@type":"ListItem","position":3,"name":"V\u00e1lvulas de aguja"}]},{"@type":"WebSite","@id":"https:\/\/zaes.es\/#website","url":"https:\/\/zaes.es\/","name":"V\u00e1lvulas de Seguridad - Zaes","description":"","publisher":{"@id":"https:\/\/zaes.es\/#organization"},"potentialAction":[{"@type":"SearchAction","target":{"@type":"EntryPoint","urlTemplate":"https:\/\/zaes.es\/?s={search_term_string}"},"query-input":{"@type":"PropertyValueSpecification","valueRequired":true,"valueName":"search_term_string"}}],"inLanguage":"es-AR"},{"@type":"Organization","@id":"https:\/\/zaes.es\/#organization","name":"V\u00e1lvulas de Seguridad - Zaes","url":"https:\/\/zaes.es\/","logo":{"@type":"ImageObject","inLanguage":"es-AR","@id":"https:\/\/zaes.es\/#\/schema\/logo\/image\/","url":"https:\/\/zaes.es\/wp-content\/uploads\/2017\/07\/cropped-zaes-logofooter.png","contentUrl":"https:\/\/zaes.es\/wp-content\/uploads\/2017\/07\/cropped-zaes-logofooter.png","width":233,"height":85,"caption":"V\u00e1lvulas de Seguridad - Zaes"},"image":{"@id":"https:\/\/zaes.es\/#\/schema\/logo\/image\/"}}]}},"_links":{"self":[{"href":"https:\/\/zaes.es\/es_ar\/wp-json\/wp\/v2\/pages\/12696","targetHints":{"allow":["GET"]}}],"collection":[{"href":"https:\/\/zaes.es\/es_ar\/wp-json\/wp\/v2\/pages"}],"about":[{"href":"https:\/\/zaes.es\/es_ar\/wp-json\/wp\/v2\/types\/page"}],"author":[{"embeddable":true,"href":"https:\/\/zaes.es\/es_ar\/wp-json\/wp\/v2\/users\/1"}],"replies":[{"embeddable":true,"href":"https:\/\/zaes.es\/es_ar\/wp-json\/wp\/v2\/comments?post=12696"}],"version-history":[{"count":121,"href":"https:\/\/zaes.es\/es_ar\/wp-json\/wp\/v2\/pages\/12696\/revisions"}],"predecessor-version":[{"id":990490,"href":"https:\/\/zaes.es\/es_ar\/wp-json\/wp\/v2\/pages\/12696\/revisions\/990490"}],"up":[{"embeddable":true,"href":"https:\/\/zaes.es\/es_ar\/wp-json\/wp\/v2\/pages\/987852"}],"wp:attachment":[{"href":"https:\/\/zaes.es\/es_ar\/wp-json\/wp\/v2\/media?parent=12696"}],"curies":[{"name":"wp","href":"https:\/\/api.w.org\/{rel}","templated":true}]}}