{"id":987898,"date":"2022-02-03T07:53:24","date_gmt":"2022-02-03T07:53:24","guid":{"rendered":"http:\/\/ceaseformacion.com\/zaes\/?page_id=987898"},"modified":"2023-03-03T11:06:24","modified_gmt":"2023-03-03T11:06:24","slug":"valvulas-de-flotador","status":"publish","type":"page","link":"https:\/\/zaes.es\/es_cl\/productos\/valvulas-de-flotador\/","title":{"rendered":"V\u00e1lvulas de flotador"},"content":{"rendered":"<div class=\"vgblk-rw-wrapper limit-wrapper\">\n\n\t<p><a href=\"https:\/\/zaes.es\/es_cl\/contacto\/\">SOLICITA INFORMACI\u00d3N<\/a><\/p>\n<h1>\n\tQue es una v\u00e1lvula<br \/><strong>de Flotador<\/strong>\n\t<\/h1>\n\t<p>Las v\u00e1lvulas de flotador en acero inoxidable (Inox) para tanque de agua, v\u00e1lvulas de flotador de dep\u00f3sito de agua, v\u00e1lvulas de flotador para agua potable, llave flotadora, v\u00e1lvula de flotador con boya, etc&#8230; son aquellas v\u00e1lvulas que intentan mantener un nivel constante en el tanque \/ dep\u00f3sito de almacenamiento de l\u00edquido, asegurando que el fluido entrante proporcione llenado sin desbordamiento.<\/p>\n<p>La mayor ventaja de estas v\u00e1lvulas de flotador en acero inoxidable es que requieren un mantenimiento m\u00ednimo y, debido a que son accionadas mec\u00e1nicamente, no necesitan estar cerca de ning\u00fan tipo de suministro el\u00e9ctrico, neum\u00e1tico o mec\u00e1nico. Aun as\u00ed, se recomiendan inspecciones visuales peri\u00f3dicas para analizar el correcto funcionamiento de la v\u00e1lvula.<\/p>\n<blockquote>\n<p>En ZAES, como fabricante de v\u00e1lvulas de flotador, recomendamos realizar a nuestras v\u00e1lvulas de flotador en acero inoxidable una inspecci\u00f3n visual al menos una vez al a\u00f1o.<\/p>\n<\/blockquote>\n\t<a href=\"https:\/\/zaes.es\/es_cl\/categoria-producto\/valvulas-de-flotador\/\" target=\"_self\" role=\"button\" rel=\"noopener\">\n\t\t\t\t\tVER V\u00c1LVULAS DE FLOTADOR\n\t<\/a>\n\t\t\t\t\t\t\t<img decoding=\"async\" loading=\"lazy\" src=\"https:\/\/zaes.es\/wp-content\/uploads\/2022\/02\/WhiteValvula-flotador-acero-Inoxidable600x600.jpg\" alt=\"Valvula-flotador\" itemprop=\"image\" height=\"600\" width=\"600\" title=\"WhiteValvula-flotador-acero-Inoxidable600x600\" onerror=\"this.style.display='none'\"  sizes=\"auto, (max-width: 768px) 100vw, 100vw\" srcset=\"https:\/\/zaes.es\/wp-content\/uploads\/2022\/02\/WhiteValvula-flotador-acero-Inoxidable600x600.jpg 600w, https:\/\/zaes.es\/wp-content\/uploads\/2022\/02\/WhiteValvula-flotador-acero-Inoxidable600x600-300x300.jpg 300w, https:\/\/zaes.es\/wp-content\/uploads\/2022\/02\/WhiteValvula-flotador-acero-Inoxidable600x600-150x150.jpg 150w, https:\/\/zaes.es\/wp-content\/uploads\/2022\/02\/WhiteValvula-flotador-acero-Inoxidable600x600-466x466.jpg 466w, https:\/\/zaes.es\/wp-content\/uploads\/2022\/02\/WhiteValvula-flotador-acero-Inoxidable600x600-350x350.jpg 350w, https:\/\/zaes.es\/wp-content\/uploads\/2022\/02\/WhiteValvula-flotador-acero-Inoxidable600x600-100x100.jpg 100w\" \/>\t\t\t\t\t\t\t\n<h2>\n\tCaracter\u00edsticas y funciones<br \/><strong>de una v\u00e1lvula de flotador<\/strong>\n\t<\/h2>\n\t<p>Cabe agregar que para cada fluido de debe considerar el material m\u00e1s adecuado para su aplicaci\u00f3n, lo que les ayudar\u00e1 a extender el ciclo de vida de la v\u00e1lvula de flotador y mantener el sistema seguro y activo durante mucho tiempo.<\/p>\n<h3>\n\t\u00bfQu\u00e9 tipos de v\u00e1lvulas de flotador existen?\n\t<\/h3>\n<h2>\n\t<strong>En Zaes como fabricante de v\u00e1lvulas de flotador, desde hace m\u00e1s de 60 a\u00f1os, les garantizamos un producto de calidad para sus instalaciones.<\/strong>\n\t<\/h2>\n\t<p>La v\u00e1lvula de flotador cumple las siguientes caracter\u00edsticas:<\/p>\n<h2>\n\tFuncionamiento de las<br \/><strong>V\u00e1lvulas de Flotador<\/strong>\n\t<\/h2>\n\t<p>Ya sea en el tanque de agua o en el tanque de otros fluidos como pueden ser aditivos alimentarios, combustibles, etc&#8230; la v\u00e1lvula de flotador funciona de la misma manera, el fluido entra por la tuber\u00eda conectada a la v\u00e1lvula de flotador y cae continuamente para llenar el tanque o dep\u00f3sito.<\/p>\n<p>Cuando el tanque o deposito est\u00e1 lleno la v\u00e1lvula de flotador, que est\u00e1 conectada \/ roscada a una boya \/ bola que est\u00e1 flotando en el fluido va subiendo provocando que mediante una varilla acciona el mecanismo de la v\u00e1lvula haciendo que el disco de cierre u obturador cierre y provocando que la v\u00e1lvula quede totalmente cerrada no dejando que el tanque o deposito se llene m\u00e1s.<\/p>\n<p>Cuando el tanque o deposito vuelve a vaciarse la boya \/ bola baja y la v\u00e1lvula de flotador vuelve a\u00a0 abrir para dejar de nuevo entrar el fluido.<\/p>\n\t\t\t\t\t\t\t<img decoding=\"async\" loading=\"lazy\" src=\"https:\/\/zaes.es\/wp-content\/uploads\/2023\/03\/Valvula-Flotador-Inoxidable-ZAES-Float-Valve-Stainless-Steel.png\" alt=\"Valvula-Flotador-Inoxidable-ZAES---Float-Valve-Stainless-Steel\" itemprop=\"image\" height=\"277\" width=\"952\" title=\"Valvula-Flotador-Inoxidable-ZAES---Float-Valve-Stainless-Steel\" onerror=\"this.style.display='none'\"  sizes=\"auto, (max-width: 768px) 100vw, 100vw\" srcset=\"https:\/\/zaes.es\/wp-content\/uploads\/2023\/03\/Valvula-Flotador-Inoxidable-ZAES-Float-Valve-Stainless-Steel.png 952w, https:\/\/zaes.es\/wp-content\/uploads\/2023\/03\/Valvula-Flotador-Inoxidable-ZAES-Float-Valve-Stainless-Steel-300x87.png 300w, https:\/\/zaes.es\/wp-content\/uploads\/2023\/03\/Valvula-Flotador-Inoxidable-ZAES-Float-Valve-Stainless-Steel-768x223.png 768w, https:\/\/zaes.es\/wp-content\/uploads\/2023\/03\/Valvula-Flotador-Inoxidable-ZAES-Float-Valve-Stainless-Steel-18x5.png 18w, https:\/\/zaes.es\/wp-content\/uploads\/2023\/03\/Valvula-Flotador-Inoxidable-ZAES-Float-Valve-Stainless-Steel-700x204.png 700w, https:\/\/zaes.es\/wp-content\/uploads\/2023\/03\/Valvula-Flotador-Inoxidable-ZAES-Float-Valve-Stainless-Steel-466x136.png 466w, https:\/\/zaes.es\/wp-content\/uploads\/2023\/03\/Valvula-Flotador-Inoxidable-ZAES-Float-Valve-Stainless-Steel-933x271.png 933w, https:\/\/zaes.es\/wp-content\/uploads\/2023\/03\/Valvula-Flotador-Inoxidable-ZAES-Float-Valve-Stainless-Steel-350x102.png 350w\" \/>\t\t\t\t\t\t\t\n\n<\/div><!-- .vgblk-rw-wrapper -->","protected":false},"excerpt":{"rendered":"<p>SOLICITA INFORMACI\u00d3N Que es una v\u00e1lvulade Flotador Las v\u00e1lvulas de flotador en acero inoxidable (Inox) para tanque de agua, v\u00e1lvulas de flotador de dep\u00f3sito de agua, v\u00e1lvulas de flotador para agua potable, llave flotadora, v\u00e1lvula de flotador con boya, etc&#8230; son aquellas v\u00e1lvulas que intentan mantener un nivel constante en el tanque \/ dep\u00f3sito de&#8230;<\/p>","protected":false},"author":1,"featured_media":0,"parent":987852,"menu_order":0,"comment_status":"closed","ping_status":"closed","template":"","meta":{"inline_featured_image":false,"footnotes":""},"class_list":["post-987898","page","type-page","status-publish","hentry"],"yoast_head":"<!-- This site is optimized with the Yoast SEO plugin v27.3 - https:\/\/yoast.com\/product\/yoast-seo-wordpress\/ -->\n<title>V\u00e1lvulas de flotador - Zaes - Fabricantes de Valvulas de flotador<\/title>\n<meta name=\"description\" content=\"Las v\u00e1lvulas de flotador en acero inoxidable (Inox) para tanque de agua, v\u00e1lvulas de flotador de dep\u00f3sito de agua potable y otros fluidos.\" \/>\n<meta name=\"robots\" content=\"index, follow, max-snippet:-1, max-image-preview:large, max-video-preview:-1\" \/>\n<link rel=\"canonical\" href=\"https:\/\/zaes.es\/es_cl\/productos\/valvulas-de-flotador\/\" \/>\n<meta property=\"og:locale\" content=\"es_ES\" \/>\n<meta property=\"og:type\" content=\"article\" \/>\n<meta property=\"og:title\" content=\"V\u00e1lvulas de flotador - Zaes - Fabricantes de Valvulas de flotador\" \/>\n<meta property=\"og:description\" content=\"Las v\u00e1lvulas de flotador en acero inoxidable (Inox) para tanque de agua, v\u00e1lvulas de flotador de dep\u00f3sito de agua potable y otros fluidos.\" \/>\n<meta property=\"og:url\" content=\"https:\/\/zaes.es\/es_cl\/productos\/valvulas-de-flotador\/\" \/>\n<meta property=\"og:site_name\" content=\"V\u00e1lvulas de Seguridad - Zaes\" \/>\n<meta property=\"article:modified_time\" content=\"2023-03-03T11:06:24+00:00\" \/>\n<meta property=\"og:image\" content=\"https:\/\/zaes.es\/wp-content\/uploads\/2022\/02\/WhiteValvula-flotador-acero-Inoxidable600x600.jpg\" \/>\n<meta name=\"twitter:card\" content=\"summary_large_image\" \/>\n<meta name=\"twitter:label1\" content=\"Tiempo estimado de lectura\" \/>\n\t<meta name=\"twitter:data1\" content=\"3 minutos\" \/>\n<script type=\"application\/ld+json\" class=\"yoast-schema-graph\">{\"@context\":\"https:\\\/\\\/schema.org\",\"@graph\":[{\"@type\":\"WebPage\",\"@id\":\"https:\\\/\\\/zaes.es\\\/productos\\\/valvulas-de-flotador\\\/\",\"url\":\"https:\\\/\\\/zaes.es\\\/productos\\\/valvulas-de-flotador\\\/\",\"name\":\"V\u00e1lvulas de flotador - Zaes - Fabricantes de Valvulas de flotador\",\"isPartOf\":{\"@id\":\"https:\\\/\\\/zaes.es\\\/#website\"},\"primaryImageOfPage\":{\"@id\":\"https:\\\/\\\/zaes.es\\\/productos\\\/valvulas-de-flotador\\\/#primaryimage\"},\"image\":{\"@id\":\"https:\\\/\\\/zaes.es\\\/productos\\\/valvulas-de-flotador\\\/#primaryimage\"},\"thumbnailUrl\":\"https:\\\/\\\/zaes.es\\\/wp-content\\\/uploads\\\/2022\\\/02\\\/WhiteValvula-flotador-acero-Inoxidable600x600.jpg\",\"datePublished\":\"2022-02-03T07:53:24+00:00\",\"dateModified\":\"2023-03-03T11:06:24+00:00\",\"description\":\"Las v\u00e1lvulas de flotador en acero inoxidable (Inox) para tanque de agua, v\u00e1lvulas de flotador de dep\u00f3sito de agua potable y otros fluidos.\",\"breadcrumb\":{\"@id\":\"https:\\\/\\\/zaes.es\\\/productos\\\/valvulas-de-flotador\\\/#breadcrumb\"},\"inLanguage\":\"es-CL\",\"potentialAction\":[{\"@type\":\"ReadAction\",\"target\":[\"https:\\\/\\\/zaes.es\\\/productos\\\/valvulas-de-flotador\\\/\"]}]},{\"@type\":\"ImageObject\",\"inLanguage\":\"es-CL\",\"@id\":\"https:\\\/\\\/zaes.es\\\/productos\\\/valvulas-de-flotador\\\/#primaryimage\",\"url\":\"https:\\\/\\\/zaes.es\\\/wp-content\\\/uploads\\\/2022\\\/02\\\/WhiteValvula-flotador-acero-Inoxidable600x600.jpg\",\"contentUrl\":\"https:\\\/\\\/zaes.es\\\/wp-content\\\/uploads\\\/2022\\\/02\\\/WhiteValvula-flotador-acero-Inoxidable600x600.jpg\"},{\"@type\":\"BreadcrumbList\",\"@id\":\"https:\\\/\\\/zaes.es\\\/productos\\\/valvulas-de-flotador\\\/#breadcrumb\",\"itemListElement\":[{\"@type\":\"ListItem\",\"position\":1,\"name\":\"Portada\",\"item\":\"https:\\\/\\\/zaes.es\\\/\"},{\"@type\":\"ListItem\",\"position\":2,\"name\":\"Productos\",\"item\":\"https:\\\/\\\/zaes.es\\\/productos\\\/\"},{\"@type\":\"ListItem\",\"position\":3,\"name\":\"V\u00e1lvulas de flotador\"}]},{\"@type\":\"WebSite\",\"@id\":\"https:\\\/\\\/zaes.es\\\/#website\",\"url\":\"https:\\\/\\\/zaes.es\\\/\",\"name\":\"V\u00e1lvulas de Seguridad - Zaes\",\"description\":\"\",\"publisher\":{\"@id\":\"https:\\\/\\\/zaes.es\\\/#organization\"},\"potentialAction\":[{\"@type\":\"SearchAction\",\"target\":{\"@type\":\"EntryPoint\",\"urlTemplate\":\"https:\\\/\\\/zaes.es\\\/?s={search_term_string}\"},\"query-input\":{\"@type\":\"PropertyValueSpecification\",\"valueRequired\":true,\"valueName\":\"search_term_string\"}}],\"inLanguage\":\"es-CL\"},{\"@type\":\"Organization\",\"@id\":\"https:\\\/\\\/zaes.es\\\/#organization\",\"name\":\"V\u00e1lvulas de Seguridad - Zaes\",\"url\":\"https:\\\/\\\/zaes.es\\\/\",\"logo\":{\"@type\":\"ImageObject\",\"inLanguage\":\"es-CL\",\"@id\":\"https:\\\/\\\/zaes.es\\\/#\\\/schema\\\/logo\\\/image\\\/\",\"url\":\"https:\\\/\\\/zaes.es\\\/wp-content\\\/uploads\\\/2017\\\/07\\\/cropped-zaes-logofooter.png\",\"contentUrl\":\"https:\\\/\\\/zaes.es\\\/wp-content\\\/uploads\\\/2017\\\/07\\\/cropped-zaes-logofooter.png\",\"width\":233,\"height\":85,\"caption\":\"V\u00e1lvulas de Seguridad - Zaes\"},\"image\":{\"@id\":\"https:\\\/\\\/zaes.es\\\/#\\\/schema\\\/logo\\\/image\\\/\"}}]}<\/script>\n<!-- \/ Yoast SEO plugin. -->","yoast_head_json":{"title":"V\u00e1lvulas de flotador - Zaes - Fabricantes de Valvulas de flotador","description":"Las v\u00e1lvulas de flotador en acero inoxidable (Inox) para tanque de agua, v\u00e1lvulas de flotador de dep\u00f3sito de agua potable y otros fluidos.","robots":{"index":"index","follow":"follow","max-snippet":"max-snippet:-1","max-image-preview":"max-image-preview:large","max-video-preview":"max-video-preview:-1"},"canonical":"https:\/\/zaes.es\/es_cl\/productos\/valvulas-de-flotador\/","og_locale":"es_ES","og_type":"article","og_title":"V\u00e1lvulas de flotador - Zaes - Fabricantes de Valvulas de flotador","og_description":"Las v\u00e1lvulas de flotador en acero inoxidable (Inox) para tanque de agua, v\u00e1lvulas de flotador de dep\u00f3sito de agua potable y otros fluidos.","og_url":"https:\/\/zaes.es\/es_cl\/productos\/valvulas-de-flotador\/","og_site_name":"V\u00e1lvulas de Seguridad - Zaes","article_modified_time":"2023-03-03T11:06:24+00:00","og_image":[{"url":"https:\/\/zaes.es\/wp-content\/uploads\/2022\/02\/WhiteValvula-flotador-acero-Inoxidable600x600.jpg","type":"","width":"","height":""}],"twitter_card":"summary_large_image","twitter_misc":{"Tiempo estimado de lectura":"3 minutos"},"schema":{"@context":"https:\/\/schema.org","@graph":[{"@type":"WebPage","@id":"https:\/\/zaes.es\/productos\/valvulas-de-flotador\/","url":"https:\/\/zaes.es\/productos\/valvulas-de-flotador\/","name":"V\u00e1lvulas de flotador - Zaes - Fabricantes de Valvulas de flotador","isPartOf":{"@id":"https:\/\/zaes.es\/#website"},"primaryImageOfPage":{"@id":"https:\/\/zaes.es\/productos\/valvulas-de-flotador\/#primaryimage"},"image":{"@id":"https:\/\/zaes.es\/productos\/valvulas-de-flotador\/#primaryimage"},"thumbnailUrl":"https:\/\/zaes.es\/wp-content\/uploads\/2022\/02\/WhiteValvula-flotador-acero-Inoxidable600x600.jpg","datePublished":"2022-02-03T07:53:24+00:00","dateModified":"2023-03-03T11:06:24+00:00","description":"Las v\u00e1lvulas de flotador en acero inoxidable (Inox) para tanque de agua, v\u00e1lvulas de flotador de dep\u00f3sito de agua potable y otros fluidos.","breadcrumb":{"@id":"https:\/\/zaes.es\/productos\/valvulas-de-flotador\/#breadcrumb"},"inLanguage":"es-CL","potentialAction":[{"@type":"ReadAction","target":["https:\/\/zaes.es\/productos\/valvulas-de-flotador\/"]}]},{"@type":"ImageObject","inLanguage":"es-CL","@id":"https:\/\/zaes.es\/productos\/valvulas-de-flotador\/#primaryimage","url":"https:\/\/zaes.es\/wp-content\/uploads\/2022\/02\/WhiteValvula-flotador-acero-Inoxidable600x600.jpg","contentUrl":"https:\/\/zaes.es\/wp-content\/uploads\/2022\/02\/WhiteValvula-flotador-acero-Inoxidable600x600.jpg"},{"@type":"BreadcrumbList","@id":"https:\/\/zaes.es\/productos\/valvulas-de-flotador\/#breadcrumb","itemListElement":[{"@type":"ListItem","position":1,"name":"Portada","item":"https:\/\/zaes.es\/"},{"@type":"ListItem","position":2,"name":"Productos","item":"https:\/\/zaes.es\/productos\/"},{"@type":"ListItem","position":3,"name":"V\u00e1lvulas de flotador"}]},{"@type":"WebSite","@id":"https:\/\/zaes.es\/#website","url":"https:\/\/zaes.es\/","name":"V\u00e1lvulas de Seguridad - Zaes","description":"","publisher":{"@id":"https:\/\/zaes.es\/#organization"},"potentialAction":[{"@type":"SearchAction","target":{"@type":"EntryPoint","urlTemplate":"https:\/\/zaes.es\/?s={search_term_string}"},"query-input":{"@type":"PropertyValueSpecification","valueRequired":true,"valueName":"search_term_string"}}],"inLanguage":"es-CL"},{"@type":"Organization","@id":"https:\/\/zaes.es\/#organization","name":"V\u00e1lvulas de Seguridad - Zaes","url":"https:\/\/zaes.es\/","logo":{"@type":"ImageObject","inLanguage":"es-CL","@id":"https:\/\/zaes.es\/#\/schema\/logo\/image\/","url":"https:\/\/zaes.es\/wp-content\/uploads\/2017\/07\/cropped-zaes-logofooter.png","contentUrl":"https:\/\/zaes.es\/wp-content\/uploads\/2017\/07\/cropped-zaes-logofooter.png","width":233,"height":85,"caption":"V\u00e1lvulas de Seguridad - Zaes"},"image":{"@id":"https:\/\/zaes.es\/#\/schema\/logo\/image\/"}}]}},"_links":{"self":[{"href":"https:\/\/zaes.es\/es_cl\/wp-json\/wp\/v2\/pages\/987898","targetHints":{"allow":["GET"]}}],"collection":[{"href":"https:\/\/zaes.es\/es_cl\/wp-json\/wp\/v2\/pages"}],"about":[{"href":"https:\/\/zaes.es\/es_cl\/wp-json\/wp\/v2\/types\/page"}],"author":[{"embeddable":true,"href":"https:\/\/zaes.es\/es_cl\/wp-json\/wp\/v2\/users\/1"}],"replies":[{"embeddable":true,"href":"https:\/\/zaes.es\/es_cl\/wp-json\/wp\/v2\/comments?post=987898"}],"version-history":[{"count":39,"href":"https:\/\/zaes.es\/es_cl\/wp-json\/wp\/v2\/pages\/987898\/revisions"}],"predecessor-version":[{"id":990581,"href":"https:\/\/zaes.es\/es_cl\/wp-json\/wp\/v2\/pages\/987898\/revisions\/990581"}],"up":[{"embeddable":true,"href":"https:\/\/zaes.es\/es_cl\/wp-json\/wp\/v2\/pages\/987852"}],"wp:attachment":[{"href":"https:\/\/zaes.es\/es_cl\/wp-json\/wp\/v2\/media?parent=987898"}],"curies":[{"name":"wp","href":"https:\/\/api.w.org\/{rel}","templated":true}]}}