{"id":987961,"date":"2022-02-03T11:37:09","date_gmt":"2022-02-03T11:37:09","guid":{"rendered":"http:\/\/ceaseformacion.com\/zaes\/?page_id=987961"},"modified":"2025-02-03T09:13:34","modified_gmt":"2025-02-03T09:13:34","slug":"amortiguador-de-manometro","status":"publish","type":"page","link":"https:\/\/zaes.es\/es_cl\/productos\/accesorios-instrumentacion-industrial\/amortiguador-de-manometro\/","title":{"rendered":"Amortiguador de Man\u00f3metro"},"content":{"rendered":"<div class=\"vgblk-rw-wrapper limit-wrapper\">\n<h1>\n\tQu\u00e9 es un Amortiguador<br \/><strong>de Man\u00f3metro<\/strong>\n\t<\/h1>\n\t<p>El amortiguador de presi\u00f3n es un elemento de seguridad que se utiliza para evitar golpes de ariete en el man\u00f3metro, ya sea por sobrepresi\u00f3n o por oscilaciones bruscas de presi\u00f3n.<\/p>\n<blockquote><p>El amortiguador del medidor se puede ajustar y perfeccionar para ajustar el golpe de ariete. El amortiguador ajustable t\u00edpico es un amortiguador de pist\u00f3n con una v\u00e1lvula de aguja a\u00f1adida. La v\u00e1lvula de aguja restringe a\u00fan m\u00e1s el flujo antes de entrar en la compuerta.<\/p><\/blockquote>\n<p>El amortiguador de pist\u00f3n tambi\u00e9n puede ser una v\u00e1lvula de bola de retenci\u00f3n, su principio de funcionamiento es pasivo hasta que se activa por un cambio brusco de presi\u00f3n. Algunos amortiguadores ajustables tambi\u00e9n vienen con una cubierta de sellado, lo que permite desmontar el medidor para su reparaci\u00f3n o mantenimiento.<\/p>\n\t<a href=\"https:\/\/zaes.es\/es_cl\/categoria-producto\/instrumentacion-industrial\/amortiguador-de-manometro\/\" target=\"_self\" role=\"button\">\n\t\t\t\t\tVER AMORTIGUADORES DE MAN\u00d3METRO\n\t<\/a>\n\t\t\t\t\t\t\t<img loading=\"lazy\" decoding=\"async\" src=\"https:\/\/zaes.es\/wp-content\/uploads\/2022\/02\/Amortiguador_de_manometro_acero_inoxidable_Cod.M34.02.jpg\" alt=\"Amortiguador_de_manometro_acero_inoxidable_Cod.M34.02\" itemprop=\"image\" height=\"1000\" width=\"1000\" title=\"Amortiguador manometro Inoxidable EN 12164 - manometer pressure reducer Stainless Steel EN 12164 figura M34.02\" onerror=\"this.style.display='none'\"  sizes=\"auto, (max-width: 768px) 100vw, 100vw\" srcset=\"https:\/\/zaes.es\/wp-content\/uploads\/2022\/02\/Amortiguador_de_manometro_acero_inoxidable_Cod.M34.02.jpg 1000w, https:\/\/zaes.es\/wp-content\/uploads\/2022\/02\/Amortiguador_de_manometro_acero_inoxidable_Cod.M34.02-300x300.jpg 300w, https:\/\/zaes.es\/wp-content\/uploads\/2022\/02\/Amortiguador_de_manometro_acero_inoxidable_Cod.M34.02-150x150.jpg 150w, https:\/\/zaes.es\/wp-content\/uploads\/2022\/02\/Amortiguador_de_manometro_acero_inoxidable_Cod.M34.02-768x768.jpg 768w, https:\/\/zaes.es\/wp-content\/uploads\/2022\/02\/Amortiguador_de_manometro_acero_inoxidable_Cod.M34.02-700x700.jpg 700w, https:\/\/zaes.es\/wp-content\/uploads\/2022\/02\/Amortiguador_de_manometro_acero_inoxidable_Cod.M34.02-466x466.jpg 466w, https:\/\/zaes.es\/wp-content\/uploads\/2022\/02\/Amortiguador_de_manometro_acero_inoxidable_Cod.M34.02-933x933.jpg 933w, https:\/\/zaes.es\/wp-content\/uploads\/2022\/02\/Amortiguador_de_manometro_acero_inoxidable_Cod.M34.02-350x350.jpg 350w, https:\/\/zaes.es\/wp-content\/uploads\/2022\/02\/Amortiguador_de_manometro_acero_inoxidable_Cod.M34.02-100x100.jpg 100w\" \/>\t\t\t\t\t\t\t\n<h2>\n\tCaracter\u00edsticas y funciones de un<br \/><strong> Amortiguador de Man\u00f3metro<\/strong>\n\t<\/h2>\n\t<p>El amortiguador ajustable t\u00edpico es un amortiguador de pist\u00f3n con una v\u00e1lvula de aguja a\u00f1adida. La v\u00e1lvula de aguja restringe a\u00fan m\u00e1s el flujo antes de entrar en la compuerta.<\/p>\n<p>El amortiguador de pist\u00f3n tambi\u00e9n puede ser una v\u00e1lvula de bola antirretorno, su principio de funcionamiento es el mismo que el de tipo pasivo, no se activa hasta que la presi\u00f3n cambia bruscamente.<\/p>\n<p>Algunos amortiguadores ajustables tambi\u00e9n vienen con una cubierta de sellado, lo que permite desmontar el medidor para su reparaci\u00f3n o mantenimiento.<\/p>\n<h3>\n\t\u00bfQu\u00e9 tipo de Amortiguadores de Man\u00f3metro existen?\n\t<\/h3>\n<h4>\n\tAmortiguador de lat\u00f3n\n\t<\/h4>\n<h4>\n\tAmortiguador de acero inoxidable\n\t<\/h4>\n<h2>\n\t<strong>En Zaes como fabricante de Amortiguadores de man\u00f3metro, desde hace m\u00e1s de 60 a\u00f1os, les garantizamos un producto de calidad para sus instalaciones.<\/strong>\n\t<\/h2>\n<h2>\n\tFuncionamiento de los Amortiguadores <br \/><strong>de Man\u00f3metro<\/strong>\n\t<\/h2>\n\t<p>El tamp\u00f3n del man\u00f3metro coincide con la velocidad a la que el fluido o el gas alcanza el punto de medici\u00f3n.<\/p>\n<p>El uso de un b\u00fafer en una aplicaci\u00f3n de man\u00f3metro no cambiar\u00e1 la presi\u00f3n del proceso, reducir\u00e1 la pulsaci\u00f3n de la tuber\u00eda, mejorando as\u00ed la precisi\u00f3n de las lecturas del man\u00f3metro y extendiendo la vida \u00fatil de man\u00f3metros espec\u00edficos.<\/p>\n\t\t\t\t\t\t\t<img loading=\"lazy\" decoding=\"async\" src=\"https:\/\/zaes.es\/wp-content\/uploads\/2022\/02\/TransparentAmortiguador-Manometro-600x600-1.png\" alt=\"TransparentAmortiguador-Manometro-600x600\" itemprop=\"image\" height=\"600\" width=\"600\" title=\"TransparentAmortiguador-Manometro-600x600\" onerror=\"this.style.display='none'\"  sizes=\"auto, (max-width: 768px) 100vw, 100vw\" srcset=\"https:\/\/zaes.es\/wp-content\/uploads\/2022\/02\/TransparentAmortiguador-Manometro-600x600-1.png 600w, https:\/\/zaes.es\/wp-content\/uploads\/2022\/02\/TransparentAmortiguador-Manometro-600x600-1-300x300.png 300w, https:\/\/zaes.es\/wp-content\/uploads\/2022\/02\/TransparentAmortiguador-Manometro-600x600-1-150x150.png 150w, https:\/\/zaes.es\/wp-content\/uploads\/2022\/02\/TransparentAmortiguador-Manometro-600x600-1-466x466.png 466w, https:\/\/zaes.es\/wp-content\/uploads\/2022\/02\/TransparentAmortiguador-Manometro-600x600-1-350x350.png 350w, https:\/\/zaes.es\/wp-content\/uploads\/2022\/02\/TransparentAmortiguador-Manometro-600x600-1-100x100.png 100w\" \/>\t\t\t\t\t\t\t\n\n<\/div><!-- .vgblk-rw-wrapper -->","protected":false},"excerpt":{"rendered":"<p>Qu\u00e9 es un Amortiguadorde Man\u00f3metro El amortiguador de presi\u00f3n es un elemento de seguridad que se utiliza para evitar golpes de ariete en el man\u00f3metro, ya sea por sobrepresi\u00f3n o por oscilaciones bruscas de presi\u00f3n. El amortiguador del medidor se puede ajustar y perfeccionar para ajustar el golpe de ariete. El amortiguador ajustable t\u00edpico es&#8230;<\/p>","protected":false},"author":1,"featured_media":0,"parent":988015,"menu_order":0,"comment_status":"closed","ping_status":"closed","template":"","meta":{"inline_featured_image":false,"footnotes":""},"class_list":["post-987961","page","type-page","status-publish","hentry"],"yoast_head":"<!-- This site is optimized with the Yoast SEO plugin v27.3 - https:\/\/yoast.com\/product\/yoast-seo-wordpress\/ -->\n<title>Amortiguador de man\u00f3metro<\/title>\n<meta name=\"description\" content=\"El amortiguador de presi\u00f3n es un elemento de seguridad que se utiliza para evitar golpes de ariete en el man\u00f3metro.\" \/>\n<meta name=\"robots\" content=\"index, follow, max-snippet:-1, max-image-preview:large, max-video-preview:-1\" \/>\n<link rel=\"canonical\" href=\"https:\/\/zaes.es\/es_cl\/productos\/accesorios-instrumentacion-industrial\/amortiguador-de-manometro\/\" \/>\n<meta property=\"og:locale\" content=\"es_ES\" \/>\n<meta property=\"og:type\" content=\"article\" \/>\n<meta property=\"og:title\" content=\"Amortiguador de man\u00f3metro\" \/>\n<meta property=\"og:description\" content=\"El amortiguador de presi\u00f3n es un elemento de seguridad que se utiliza para evitar golpes de ariete en el man\u00f3metro.\" \/>\n<meta property=\"og:url\" content=\"https:\/\/zaes.es\/es_cl\/productos\/accesorios-instrumentacion-industrial\/amortiguador-de-manometro\/\" \/>\n<meta property=\"og:site_name\" content=\"V\u00e1lvulas de Seguridad - Zaes\" \/>\n<meta property=\"article:modified_time\" content=\"2025-02-03T09:13:34+00:00\" \/>\n<meta property=\"og:image\" content=\"https:\/\/zaes.es\/wp-content\/uploads\/2022\/02\/Amortiguador_de_manometro_acero_inoxidable_Cod.M34.02.jpg\" \/>\n<meta name=\"twitter:card\" content=\"summary_large_image\" \/>\n<meta name=\"twitter:label1\" content=\"Tiempo estimado de lectura\" \/>\n\t<meta name=\"twitter:data1\" content=\"2 minutos\" \/>\n<script type=\"application\/ld+json\" class=\"yoast-schema-graph\">{\"@context\":\"https:\\\/\\\/schema.org\",\"@graph\":[{\"@type\":\"WebPage\",\"@id\":\"https:\\\/\\\/zaes.es\\\/productos\\\/accesorios-instrumentacion-industrial\\\/amortiguador-de-manometro\\\/\",\"url\":\"https:\\\/\\\/zaes.es\\\/productos\\\/accesorios-instrumentacion-industrial\\\/amortiguador-de-manometro\\\/\",\"name\":\"Amortiguador de man\u00f3metro\",\"isPartOf\":{\"@id\":\"https:\\\/\\\/zaes.es\\\/#website\"},\"primaryImageOfPage\":{\"@id\":\"https:\\\/\\\/zaes.es\\\/productos\\\/accesorios-instrumentacion-industrial\\\/amortiguador-de-manometro\\\/#primaryimage\"},\"image\":{\"@id\":\"https:\\\/\\\/zaes.es\\\/productos\\\/accesorios-instrumentacion-industrial\\\/amortiguador-de-manometro\\\/#primaryimage\"},\"thumbnailUrl\":\"https:\\\/\\\/zaes.es\\\/wp-content\\\/uploads\\\/2022\\\/02\\\/Amortiguador_de_manometro_acero_inoxidable_Cod.M34.02.jpg\",\"datePublished\":\"2022-02-03T11:37:09+00:00\",\"dateModified\":\"2025-02-03T09:13:34+00:00\",\"description\":\"El amortiguador de presi\u00f3n es un elemento de seguridad que se utiliza para evitar golpes de ariete en el man\u00f3metro.\",\"breadcrumb\":{\"@id\":\"https:\\\/\\\/zaes.es\\\/productos\\\/accesorios-instrumentacion-industrial\\\/amortiguador-de-manometro\\\/#breadcrumb\"},\"inLanguage\":\"es-CL\",\"potentialAction\":[{\"@type\":\"ReadAction\",\"target\":[\"https:\\\/\\\/zaes.es\\\/productos\\\/accesorios-instrumentacion-industrial\\\/amortiguador-de-manometro\\\/\"]}]},{\"@type\":\"ImageObject\",\"inLanguage\":\"es-CL\",\"@id\":\"https:\\\/\\\/zaes.es\\\/productos\\\/accesorios-instrumentacion-industrial\\\/amortiguador-de-manometro\\\/#primaryimage\",\"url\":\"https:\\\/\\\/zaes.es\\\/wp-content\\\/uploads\\\/2022\\\/02\\\/Amortiguador_de_manometro_acero_inoxidable_Cod.M34.02.jpg\",\"contentUrl\":\"https:\\\/\\\/zaes.es\\\/wp-content\\\/uploads\\\/2022\\\/02\\\/Amortiguador_de_manometro_acero_inoxidable_Cod.M34.02.jpg\"},{\"@type\":\"BreadcrumbList\",\"@id\":\"https:\\\/\\\/zaes.es\\\/productos\\\/accesorios-instrumentacion-industrial\\\/amortiguador-de-manometro\\\/#breadcrumb\",\"itemListElement\":[{\"@type\":\"ListItem\",\"position\":1,\"name\":\"Portada\",\"item\":\"https:\\\/\\\/zaes.es\\\/\"},{\"@type\":\"ListItem\",\"position\":2,\"name\":\"Productos\",\"item\":\"https:\\\/\\\/zaes.es\\\/productos\\\/\"},{\"@type\":\"ListItem\",\"position\":3,\"name\":\"Instrumentaci\u00f3n Industrial\",\"item\":\"https:\\\/\\\/zaes.es\\\/productos\\\/accesorios-instrumentacion-industrial\\\/\"},{\"@type\":\"ListItem\",\"position\":4,\"name\":\"Amortiguador de Man\u00f3metro\"}]},{\"@type\":\"WebSite\",\"@id\":\"https:\\\/\\\/zaes.es\\\/#website\",\"url\":\"https:\\\/\\\/zaes.es\\\/\",\"name\":\"V\u00e1lvulas de Seguridad - Zaes\",\"description\":\"\",\"publisher\":{\"@id\":\"https:\\\/\\\/zaes.es\\\/#organization\"},\"potentialAction\":[{\"@type\":\"SearchAction\",\"target\":{\"@type\":\"EntryPoint\",\"urlTemplate\":\"https:\\\/\\\/zaes.es\\\/?s={search_term_string}\"},\"query-input\":{\"@type\":\"PropertyValueSpecification\",\"valueRequired\":true,\"valueName\":\"search_term_string\"}}],\"inLanguage\":\"es-CL\"},{\"@type\":\"Organization\",\"@id\":\"https:\\\/\\\/zaes.es\\\/#organization\",\"name\":\"V\u00e1lvulas de Seguridad - Zaes\",\"url\":\"https:\\\/\\\/zaes.es\\\/\",\"logo\":{\"@type\":\"ImageObject\",\"inLanguage\":\"es-CL\",\"@id\":\"https:\\\/\\\/zaes.es\\\/#\\\/schema\\\/logo\\\/image\\\/\",\"url\":\"https:\\\/\\\/zaes.es\\\/wp-content\\\/uploads\\\/2017\\\/07\\\/cropped-zaes-logofooter.png\",\"contentUrl\":\"https:\\\/\\\/zaes.es\\\/wp-content\\\/uploads\\\/2017\\\/07\\\/cropped-zaes-logofooter.png\",\"width\":233,\"height\":85,\"caption\":\"V\u00e1lvulas de Seguridad - Zaes\"},\"image\":{\"@id\":\"https:\\\/\\\/zaes.es\\\/#\\\/schema\\\/logo\\\/image\\\/\"}}]}<\/script>\n<!-- \/ Yoast SEO plugin. -->","yoast_head_json":{"title":"Amortiguador de man\u00f3metro","description":"El amortiguador de presi\u00f3n es un elemento de seguridad que se utiliza para evitar golpes de ariete en el man\u00f3metro.","robots":{"index":"index","follow":"follow","max-snippet":"max-snippet:-1","max-image-preview":"max-image-preview:large","max-video-preview":"max-video-preview:-1"},"canonical":"https:\/\/zaes.es\/es_cl\/productos\/accesorios-instrumentacion-industrial\/amortiguador-de-manometro\/","og_locale":"es_ES","og_type":"article","og_title":"Amortiguador de man\u00f3metro","og_description":"El amortiguador de presi\u00f3n es un elemento de seguridad que se utiliza para evitar golpes de ariete en el man\u00f3metro.","og_url":"https:\/\/zaes.es\/es_cl\/productos\/accesorios-instrumentacion-industrial\/amortiguador-de-manometro\/","og_site_name":"V\u00e1lvulas de Seguridad - Zaes","article_modified_time":"2025-02-03T09:13:34+00:00","og_image":[{"url":"https:\/\/zaes.es\/wp-content\/uploads\/2022\/02\/Amortiguador_de_manometro_acero_inoxidable_Cod.M34.02.jpg","type":"","width":"","height":""}],"twitter_card":"summary_large_image","twitter_misc":{"Tiempo estimado de lectura":"2 minutos"},"schema":{"@context":"https:\/\/schema.org","@graph":[{"@type":"WebPage","@id":"https:\/\/zaes.es\/productos\/accesorios-instrumentacion-industrial\/amortiguador-de-manometro\/","url":"https:\/\/zaes.es\/productos\/accesorios-instrumentacion-industrial\/amortiguador-de-manometro\/","name":"Amortiguador de man\u00f3metro","isPartOf":{"@id":"https:\/\/zaes.es\/#website"},"primaryImageOfPage":{"@id":"https:\/\/zaes.es\/productos\/accesorios-instrumentacion-industrial\/amortiguador-de-manometro\/#primaryimage"},"image":{"@id":"https:\/\/zaes.es\/productos\/accesorios-instrumentacion-industrial\/amortiguador-de-manometro\/#primaryimage"},"thumbnailUrl":"https:\/\/zaes.es\/wp-content\/uploads\/2022\/02\/Amortiguador_de_manometro_acero_inoxidable_Cod.M34.02.jpg","datePublished":"2022-02-03T11:37:09+00:00","dateModified":"2025-02-03T09:13:34+00:00","description":"El amortiguador de presi\u00f3n es un elemento de seguridad que se utiliza para evitar golpes de ariete en el man\u00f3metro.","breadcrumb":{"@id":"https:\/\/zaes.es\/productos\/accesorios-instrumentacion-industrial\/amortiguador-de-manometro\/#breadcrumb"},"inLanguage":"es-CL","potentialAction":[{"@type":"ReadAction","target":["https:\/\/zaes.es\/productos\/accesorios-instrumentacion-industrial\/amortiguador-de-manometro\/"]}]},{"@type":"ImageObject","inLanguage":"es-CL","@id":"https:\/\/zaes.es\/productos\/accesorios-instrumentacion-industrial\/amortiguador-de-manometro\/#primaryimage","url":"https:\/\/zaes.es\/wp-content\/uploads\/2022\/02\/Amortiguador_de_manometro_acero_inoxidable_Cod.M34.02.jpg","contentUrl":"https:\/\/zaes.es\/wp-content\/uploads\/2022\/02\/Amortiguador_de_manometro_acero_inoxidable_Cod.M34.02.jpg"},{"@type":"BreadcrumbList","@id":"https:\/\/zaes.es\/productos\/accesorios-instrumentacion-industrial\/amortiguador-de-manometro\/#breadcrumb","itemListElement":[{"@type":"ListItem","position":1,"name":"Portada","item":"https:\/\/zaes.es\/"},{"@type":"ListItem","position":2,"name":"Productos","item":"https:\/\/zaes.es\/productos\/"},{"@type":"ListItem","position":3,"name":"Instrumentaci\u00f3n Industrial","item":"https:\/\/zaes.es\/productos\/accesorios-instrumentacion-industrial\/"},{"@type":"ListItem","position":4,"name":"Amortiguador de Man\u00f3metro"}]},{"@type":"WebSite","@id":"https:\/\/zaes.es\/#website","url":"https:\/\/zaes.es\/","name":"V\u00e1lvulas de Seguridad - Zaes","description":"","publisher":{"@id":"https:\/\/zaes.es\/#organization"},"potentialAction":[{"@type":"SearchAction","target":{"@type":"EntryPoint","urlTemplate":"https:\/\/zaes.es\/?s={search_term_string}"},"query-input":{"@type":"PropertyValueSpecification","valueRequired":true,"valueName":"search_term_string"}}],"inLanguage":"es-CL"},{"@type":"Organization","@id":"https:\/\/zaes.es\/#organization","name":"V\u00e1lvulas de Seguridad - Zaes","url":"https:\/\/zaes.es\/","logo":{"@type":"ImageObject","inLanguage":"es-CL","@id":"https:\/\/zaes.es\/#\/schema\/logo\/image\/","url":"https:\/\/zaes.es\/wp-content\/uploads\/2017\/07\/cropped-zaes-logofooter.png","contentUrl":"https:\/\/zaes.es\/wp-content\/uploads\/2017\/07\/cropped-zaes-logofooter.png","width":233,"height":85,"caption":"V\u00e1lvulas de Seguridad - Zaes"},"image":{"@id":"https:\/\/zaes.es\/#\/schema\/logo\/image\/"}}]}},"_links":{"self":[{"href":"https:\/\/zaes.es\/es_cl\/wp-json\/wp\/v2\/pages\/987961","targetHints":{"allow":["GET"]}}],"collection":[{"href":"https:\/\/zaes.es\/es_cl\/wp-json\/wp\/v2\/pages"}],"about":[{"href":"https:\/\/zaes.es\/es_cl\/wp-json\/wp\/v2\/types\/page"}],"author":[{"embeddable":true,"href":"https:\/\/zaes.es\/es_cl\/wp-json\/wp\/v2\/users\/1"}],"replies":[{"embeddable":true,"href":"https:\/\/zaes.es\/es_cl\/wp-json\/wp\/v2\/comments?post=987961"}],"version-history":[{"count":34,"href":"https:\/\/zaes.es\/es_cl\/wp-json\/wp\/v2\/pages\/987961\/revisions"}],"predecessor-version":[{"id":991061,"href":"https:\/\/zaes.es\/es_cl\/wp-json\/wp\/v2\/pages\/987961\/revisions\/991061"}],"up":[{"embeddable":true,"href":"https:\/\/zaes.es\/es_cl\/wp-json\/wp\/v2\/pages\/988015"}],"wp:attachment":[{"href":"https:\/\/zaes.es\/es_cl\/wp-json\/wp\/v2\/media?parent=987961"}],"curies":[{"name":"wp","href":"https:\/\/api.w.org\/{rel}","templated":true}]}}