{"id":987974,"date":"2022-02-03T12:21:24","date_gmt":"2022-02-03T12:21:24","guid":{"rendered":"http:\/\/ceaseformacion.com\/zaes\/?page_id=987974"},"modified":"2025-02-03T09:14:06","modified_gmt":"2025-02-03T09:14:06","slug":"valvulas-para-manometro","status":"publish","type":"page","link":"https:\/\/zaes.es\/es_cl\/productos\/accesorios-instrumentacion-industrial\/valvulas-para-manometro\/","title":{"rendered":"Valvulas para Manometro"},"content":{"rendered":"<div class=\"vgblk-rw-wrapper limit-wrapper\">\n<h1>\n\tQu\u00e9 es una V\u00e1lvula para <br \/><strong>Man\u00f3metro<\/strong>\n\t<\/h1>\n\t<p>La v\u00e1lvula del man\u00f3metro est\u00e1 especialmente dise\u00f1ada para conectar un extremo al man\u00f3metro y el otro extremo para conectarse al proceso.<\/p>\n<p>La v\u00e1lvula del man\u00f3metro se instala en la tuber\u00eda y se usa como v\u00e1lvula de cierre para el man\u00f3metro. Es muy t\u00edpico que se instale una tuber\u00eda de sellado de agua en la tuber\u00eda antes de la v\u00e1lvula del man\u00f3metro.<\/p>\n<h2>\n\tCaracter\u00edsticas y funciones de una <strong> V\u00e1lvula para Man\u00f3metro<\/strong>\n\t<\/h2>\n\t<p>La v\u00e1lvula de presi\u00f3n ajustable es una v\u00e1lvula t\u00edpica de tipo cono o punz\u00f3n.<\/p>\n<p>La v\u00e1lvula del man\u00f3metro restringe el flujo antes que el man\u00f3metro y puede cerrar completamente el flujo de fluido al man\u00f3metro, de modo que el man\u00f3metro se puede desmontar para calibraci\u00f3n y \/ o reemplazo sin despresurizar toda la instalaci\u00f3n y tiene la capacidad de dejarlo fuera de servicio.<\/p>\n\t<a href=\"https:\/\/zaes.es\/es_cl\/categoria-producto\/instrumentacion-industrial\/valvulas-para-manometros\/\" target=\"_self\" role=\"button\">\n\t\t\t\t\tVER V\u00c1LVULAS PARA MAN\u00d3NEMTROS\n\t<\/a>\n\t\t\t\t\t\t\t<img loading=\"lazy\" decoding=\"async\" src=\"https:\/\/zaes.es\/wp-content\/uploads\/2022\/11\/Manometro.jpg\" alt=\"Man\u00f3metro\" itemprop=\"image\" height=\"1000\" width=\"1000\" title=\"Man\u00f3metro\" onerror=\"this.style.display='none'\"  sizes=\"auto, (max-width: 768px) 100vw, 100vw\" srcset=\"https:\/\/zaes.es\/wp-content\/uploads\/2022\/11\/Manometro.jpg 1000w, https:\/\/zaes.es\/wp-content\/uploads\/2022\/11\/Manometro-300x300.jpg 300w, https:\/\/zaes.es\/wp-content\/uploads\/2022\/11\/Manometro-150x150.jpg 150w, https:\/\/zaes.es\/wp-content\/uploads\/2022\/11\/Manometro-768x768.jpg 768w, https:\/\/zaes.es\/wp-content\/uploads\/2022\/11\/Manometro-700x700.jpg 700w, https:\/\/zaes.es\/wp-content\/uploads\/2022\/11\/Manometro-466x466.jpg 466w, https:\/\/zaes.es\/wp-content\/uploads\/2022\/11\/Manometro-933x933.jpg 933w, https:\/\/zaes.es\/wp-content\/uploads\/2022\/11\/Manometro-350x350.jpg 350w, https:\/\/zaes.es\/wp-content\/uploads\/2022\/11\/Manometro-100x100.jpg 100w\" \/>\t\t\t\t\t\t\t\n<h2>\n\tQu\u00e9 tipos de V\u00e1lvulas para <br \/><strong>Man\u00f3metro existen<\/strong>\n\t<\/h2>\n<h4>\n\tV\u00e1lvulas de Man\u00f3metro de lat\u00f3n\n\t<\/h4>\n<h4>\n\tV\u00e1lvulas de Man\u00f3metro de acero inoxidable\n\t<\/h4>\n<h2>\n\t<strong>En Zaes como fabricante de Valv\u00falas para man\u00f3metro, desde hace m\u00e1s de 60 a\u00f1os, les garantizamos un producto de calidad para sus instalaciones.<\/strong>\n\t<\/h2>\n<h2>\n\tFuncionamiento de las V\u00e1lvulas <br \/><strong>de Man\u00f3metro<\/strong>\n\t<\/h2>\n\t<p>La v\u00e1lvula del man\u00f3metro reduce y \/ o cierra la velocidad a la que el fluido o el gas llega al man\u00f3metro.<\/p>\n<p>La v\u00e1lvula del man\u00f3metro se utiliza principalmente en la aplicaci\u00f3n del man\u00f3metro, al no cambiar la presi\u00f3n del proceso y proteger el man\u00f3metro, tiene una vida \u00fatil m\u00e1s larga y su reemplazo y \/ o calibraci\u00f3n es lo m\u00e1s simple posible.<\/p>\n\t\t\t\t\t\t\t<img loading=\"lazy\" decoding=\"async\" src=\"https:\/\/zaes.es\/wp-content\/uploads\/2022\/11\/Transparent-Manometro-2.png\" alt=\"Valvula manometro\" itemprop=\"image\" height=\"1000\" width=\"1000\" title=\"Valvula manometro\" onerror=\"this.style.display='none'\"  sizes=\"auto, (max-width: 768px) 100vw, 100vw\" srcset=\"https:\/\/zaes.es\/wp-content\/uploads\/2022\/11\/Transparent-Manometro-2.png 1000w, https:\/\/zaes.es\/wp-content\/uploads\/2022\/11\/Transparent-Manometro-2-300x300.png 300w, https:\/\/zaes.es\/wp-content\/uploads\/2022\/11\/Transparent-Manometro-2-150x150.png 150w, https:\/\/zaes.es\/wp-content\/uploads\/2022\/11\/Transparent-Manometro-2-768x768.png 768w, https:\/\/zaes.es\/wp-content\/uploads\/2022\/11\/Transparent-Manometro-2-700x700.png 700w, https:\/\/zaes.es\/wp-content\/uploads\/2022\/11\/Transparent-Manometro-2-466x466.png 466w, https:\/\/zaes.es\/wp-content\/uploads\/2022\/11\/Transparent-Manometro-2-933x933.png 933w, https:\/\/zaes.es\/wp-content\/uploads\/2022\/11\/Transparent-Manometro-2-350x350.png 350w, https:\/\/zaes.es\/wp-content\/uploads\/2022\/11\/Transparent-Manometro-2-100x100.png 100w\" \/>\t\t\t\t\t\t\t\n\n<\/div><!-- .vgblk-rw-wrapper -->","protected":false},"excerpt":{"rendered":"<p>Qu\u00e9 es una V\u00e1lvula para Man\u00f3metro La v\u00e1lvula del man\u00f3metro est\u00e1 especialmente dise\u00f1ada para conectar un extremo al man\u00f3metro y el otro extremo para conectarse al proceso. La v\u00e1lvula del man\u00f3metro se instala en la tuber\u00eda y se usa como v\u00e1lvula de cierre para el man\u00f3metro. Es muy t\u00edpico que se instale una tuber\u00eda de&#8230;<\/p>","protected":false},"author":1,"featured_media":0,"parent":988015,"menu_order":0,"comment_status":"closed","ping_status":"closed","template":"","meta":{"inline_featured_image":false,"footnotes":""},"class_list":["post-987974","page","type-page","status-publish","hentry"],"yoast_head":"<!-- This site is optimized with the Yoast SEO plugin v27.3 - https:\/\/yoast.com\/product\/yoast-seo-wordpress\/ -->\n<title>Valvulas para manometro<\/title>\n<meta name=\"description\" content=\"Las valvulas para manometro est\u00e1 especialmente dise\u00f1ada para conectar un extremo al man\u00f3metro y el otro extremo para conectarse al proceso.\" \/>\n<meta name=\"robots\" content=\"index, follow, max-snippet:-1, max-image-preview:large, max-video-preview:-1\" \/>\n<link rel=\"canonical\" href=\"https:\/\/zaes.es\/es_cl\/productos\/accesorios-instrumentacion-industrial\/valvulas-para-manometro\/\" \/>\n<meta property=\"og:locale\" content=\"es_ES\" \/>\n<meta property=\"og:type\" content=\"article\" \/>\n<meta property=\"og:title\" content=\"Valvulas para manometro\" \/>\n<meta property=\"og:description\" content=\"Las valvulas para manometro est\u00e1 especialmente dise\u00f1ada para conectar un extremo al man\u00f3metro y el otro extremo para conectarse al proceso.\" \/>\n<meta property=\"og:url\" content=\"https:\/\/zaes.es\/es_cl\/productos\/accesorios-instrumentacion-industrial\/valvulas-para-manometro\/\" \/>\n<meta property=\"og:site_name\" content=\"V\u00e1lvulas de Seguridad - Zaes\" \/>\n<meta property=\"article:modified_time\" content=\"2025-02-03T09:14:06+00:00\" \/>\n<meta property=\"og:image\" content=\"https:\/\/zaes.es\/wp-content\/uploads\/2022\/11\/Manometro.jpg\" \/>\n<meta name=\"twitter:card\" content=\"summary_large_image\" \/>\n<meta name=\"twitter:label1\" content=\"Tiempo estimado de lectura\" \/>\n\t<meta name=\"twitter:data1\" content=\"2 minutos\" \/>\n<script type=\"application\/ld+json\" class=\"yoast-schema-graph\">{\"@context\":\"https:\\\/\\\/schema.org\",\"@graph\":[{\"@type\":\"WebPage\",\"@id\":\"https:\\\/\\\/zaes.es\\\/productos\\\/accesorios-instrumentacion-industrial\\\/valvulas-para-manometro\\\/\",\"url\":\"https:\\\/\\\/zaes.es\\\/productos\\\/accesorios-instrumentacion-industrial\\\/valvulas-para-manometro\\\/\",\"name\":\"Valvulas para manometro\",\"isPartOf\":{\"@id\":\"https:\\\/\\\/zaes.es\\\/#website\"},\"primaryImageOfPage\":{\"@id\":\"https:\\\/\\\/zaes.es\\\/productos\\\/accesorios-instrumentacion-industrial\\\/valvulas-para-manometro\\\/#primaryimage\"},\"image\":{\"@id\":\"https:\\\/\\\/zaes.es\\\/productos\\\/accesorios-instrumentacion-industrial\\\/valvulas-para-manometro\\\/#primaryimage\"},\"thumbnailUrl\":\"https:\\\/\\\/zaes.es\\\/wp-content\\\/uploads\\\/2022\\\/11\\\/Manometro.jpg\",\"datePublished\":\"2022-02-03T12:21:24+00:00\",\"dateModified\":\"2025-02-03T09:14:06+00:00\",\"description\":\"Las valvulas para manometro est\u00e1 especialmente dise\u00f1ada para conectar un extremo al man\u00f3metro y el otro extremo para conectarse al proceso.\",\"breadcrumb\":{\"@id\":\"https:\\\/\\\/zaes.es\\\/productos\\\/accesorios-instrumentacion-industrial\\\/valvulas-para-manometro\\\/#breadcrumb\"},\"inLanguage\":\"es-CL\",\"potentialAction\":[{\"@type\":\"ReadAction\",\"target\":[\"https:\\\/\\\/zaes.es\\\/productos\\\/accesorios-instrumentacion-industrial\\\/valvulas-para-manometro\\\/\"]}]},{\"@type\":\"ImageObject\",\"inLanguage\":\"es-CL\",\"@id\":\"https:\\\/\\\/zaes.es\\\/productos\\\/accesorios-instrumentacion-industrial\\\/valvulas-para-manometro\\\/#primaryimage\",\"url\":\"https:\\\/\\\/zaes.es\\\/wp-content\\\/uploads\\\/2022\\\/11\\\/Manometro.jpg\",\"contentUrl\":\"https:\\\/\\\/zaes.es\\\/wp-content\\\/uploads\\\/2022\\\/11\\\/Manometro.jpg\"},{\"@type\":\"BreadcrumbList\",\"@id\":\"https:\\\/\\\/zaes.es\\\/productos\\\/accesorios-instrumentacion-industrial\\\/valvulas-para-manometro\\\/#breadcrumb\",\"itemListElement\":[{\"@type\":\"ListItem\",\"position\":1,\"name\":\"Portada\",\"item\":\"https:\\\/\\\/zaes.es\\\/\"},{\"@type\":\"ListItem\",\"position\":2,\"name\":\"Productos\",\"item\":\"https:\\\/\\\/zaes.es\\\/productos\\\/\"},{\"@type\":\"ListItem\",\"position\":3,\"name\":\"Instrumentaci\u00f3n Industrial\",\"item\":\"https:\\\/\\\/zaes.es\\\/productos\\\/accesorios-instrumentacion-industrial\\\/\"},{\"@type\":\"ListItem\",\"position\":4,\"name\":\"Valvulas para Manometro\"}]},{\"@type\":\"WebSite\",\"@id\":\"https:\\\/\\\/zaes.es\\\/#website\",\"url\":\"https:\\\/\\\/zaes.es\\\/\",\"name\":\"V\u00e1lvulas de Seguridad - Zaes\",\"description\":\"\",\"publisher\":{\"@id\":\"https:\\\/\\\/zaes.es\\\/#organization\"},\"potentialAction\":[{\"@type\":\"SearchAction\",\"target\":{\"@type\":\"EntryPoint\",\"urlTemplate\":\"https:\\\/\\\/zaes.es\\\/?s={search_term_string}\"},\"query-input\":{\"@type\":\"PropertyValueSpecification\",\"valueRequired\":true,\"valueName\":\"search_term_string\"}}],\"inLanguage\":\"es-CL\"},{\"@type\":\"Organization\",\"@id\":\"https:\\\/\\\/zaes.es\\\/#organization\",\"name\":\"V\u00e1lvulas de Seguridad - Zaes\",\"url\":\"https:\\\/\\\/zaes.es\\\/\",\"logo\":{\"@type\":\"ImageObject\",\"inLanguage\":\"es-CL\",\"@id\":\"https:\\\/\\\/zaes.es\\\/#\\\/schema\\\/logo\\\/image\\\/\",\"url\":\"https:\\\/\\\/zaes.es\\\/wp-content\\\/uploads\\\/2017\\\/07\\\/cropped-zaes-logofooter.png\",\"contentUrl\":\"https:\\\/\\\/zaes.es\\\/wp-content\\\/uploads\\\/2017\\\/07\\\/cropped-zaes-logofooter.png\",\"width\":233,\"height\":85,\"caption\":\"V\u00e1lvulas de Seguridad - Zaes\"},\"image\":{\"@id\":\"https:\\\/\\\/zaes.es\\\/#\\\/schema\\\/logo\\\/image\\\/\"}}]}<\/script>\n<!-- \/ Yoast SEO plugin. -->","yoast_head_json":{"title":"Valvulas para manometro","description":"Las valvulas para manometro est\u00e1 especialmente dise\u00f1ada para conectar un extremo al man\u00f3metro y el otro extremo para conectarse al proceso.","robots":{"index":"index","follow":"follow","max-snippet":"max-snippet:-1","max-image-preview":"max-image-preview:large","max-video-preview":"max-video-preview:-1"},"canonical":"https:\/\/zaes.es\/es_cl\/productos\/accesorios-instrumentacion-industrial\/valvulas-para-manometro\/","og_locale":"es_ES","og_type":"article","og_title":"Valvulas para manometro","og_description":"Las valvulas para manometro est\u00e1 especialmente dise\u00f1ada para conectar un extremo al man\u00f3metro y el otro extremo para conectarse al proceso.","og_url":"https:\/\/zaes.es\/es_cl\/productos\/accesorios-instrumentacion-industrial\/valvulas-para-manometro\/","og_site_name":"V\u00e1lvulas de Seguridad - Zaes","article_modified_time":"2025-02-03T09:14:06+00:00","og_image":[{"url":"https:\/\/zaes.es\/wp-content\/uploads\/2022\/11\/Manometro.jpg","type":"","width":"","height":""}],"twitter_card":"summary_large_image","twitter_misc":{"Tiempo estimado de lectura":"2 minutos"},"schema":{"@context":"https:\/\/schema.org","@graph":[{"@type":"WebPage","@id":"https:\/\/zaes.es\/productos\/accesorios-instrumentacion-industrial\/valvulas-para-manometro\/","url":"https:\/\/zaes.es\/productos\/accesorios-instrumentacion-industrial\/valvulas-para-manometro\/","name":"Valvulas para manometro","isPartOf":{"@id":"https:\/\/zaes.es\/#website"},"primaryImageOfPage":{"@id":"https:\/\/zaes.es\/productos\/accesorios-instrumentacion-industrial\/valvulas-para-manometro\/#primaryimage"},"image":{"@id":"https:\/\/zaes.es\/productos\/accesorios-instrumentacion-industrial\/valvulas-para-manometro\/#primaryimage"},"thumbnailUrl":"https:\/\/zaes.es\/wp-content\/uploads\/2022\/11\/Manometro.jpg","datePublished":"2022-02-03T12:21:24+00:00","dateModified":"2025-02-03T09:14:06+00:00","description":"Las valvulas para manometro est\u00e1 especialmente dise\u00f1ada para conectar un extremo al man\u00f3metro y el otro extremo para conectarse al proceso.","breadcrumb":{"@id":"https:\/\/zaes.es\/productos\/accesorios-instrumentacion-industrial\/valvulas-para-manometro\/#breadcrumb"},"inLanguage":"es-CL","potentialAction":[{"@type":"ReadAction","target":["https:\/\/zaes.es\/productos\/accesorios-instrumentacion-industrial\/valvulas-para-manometro\/"]}]},{"@type":"ImageObject","inLanguage":"es-CL","@id":"https:\/\/zaes.es\/productos\/accesorios-instrumentacion-industrial\/valvulas-para-manometro\/#primaryimage","url":"https:\/\/zaes.es\/wp-content\/uploads\/2022\/11\/Manometro.jpg","contentUrl":"https:\/\/zaes.es\/wp-content\/uploads\/2022\/11\/Manometro.jpg"},{"@type":"BreadcrumbList","@id":"https:\/\/zaes.es\/productos\/accesorios-instrumentacion-industrial\/valvulas-para-manometro\/#breadcrumb","itemListElement":[{"@type":"ListItem","position":1,"name":"Portada","item":"https:\/\/zaes.es\/"},{"@type":"ListItem","position":2,"name":"Productos","item":"https:\/\/zaes.es\/productos\/"},{"@type":"ListItem","position":3,"name":"Instrumentaci\u00f3n Industrial","item":"https:\/\/zaes.es\/productos\/accesorios-instrumentacion-industrial\/"},{"@type":"ListItem","position":4,"name":"Valvulas para Manometro"}]},{"@type":"WebSite","@id":"https:\/\/zaes.es\/#website","url":"https:\/\/zaes.es\/","name":"V\u00e1lvulas de Seguridad - Zaes","description":"","publisher":{"@id":"https:\/\/zaes.es\/#organization"},"potentialAction":[{"@type":"SearchAction","target":{"@type":"EntryPoint","urlTemplate":"https:\/\/zaes.es\/?s={search_term_string}"},"query-input":{"@type":"PropertyValueSpecification","valueRequired":true,"valueName":"search_term_string"}}],"inLanguage":"es-CL"},{"@type":"Organization","@id":"https:\/\/zaes.es\/#organization","name":"V\u00e1lvulas de Seguridad - Zaes","url":"https:\/\/zaes.es\/","logo":{"@type":"ImageObject","inLanguage":"es-CL","@id":"https:\/\/zaes.es\/#\/schema\/logo\/image\/","url":"https:\/\/zaes.es\/wp-content\/uploads\/2017\/07\/cropped-zaes-logofooter.png","contentUrl":"https:\/\/zaes.es\/wp-content\/uploads\/2017\/07\/cropped-zaes-logofooter.png","width":233,"height":85,"caption":"V\u00e1lvulas de Seguridad - Zaes"},"image":{"@id":"https:\/\/zaes.es\/#\/schema\/logo\/image\/"}}]}},"_links":{"self":[{"href":"https:\/\/zaes.es\/es_cl\/wp-json\/wp\/v2\/pages\/987974","targetHints":{"allow":["GET"]}}],"collection":[{"href":"https:\/\/zaes.es\/es_cl\/wp-json\/wp\/v2\/pages"}],"about":[{"href":"https:\/\/zaes.es\/es_cl\/wp-json\/wp\/v2\/types\/page"}],"author":[{"embeddable":true,"href":"https:\/\/zaes.es\/es_cl\/wp-json\/wp\/v2\/users\/1"}],"replies":[{"embeddable":true,"href":"https:\/\/zaes.es\/es_cl\/wp-json\/wp\/v2\/comments?post=987974"}],"version-history":[{"count":22,"href":"https:\/\/zaes.es\/es_cl\/wp-json\/wp\/v2\/pages\/987974\/revisions"}],"predecessor-version":[{"id":991063,"href":"https:\/\/zaes.es\/es_cl\/wp-json\/wp\/v2\/pages\/987974\/revisions\/991063"}],"up":[{"embeddable":true,"href":"https:\/\/zaes.es\/es_cl\/wp-json\/wp\/v2\/pages\/988015"}],"wp:attachment":[{"href":"https:\/\/zaes.es\/es_cl\/wp-json\/wp\/v2\/media?parent=987974"}],"curies":[{"name":"wp","href":"https:\/\/api.w.org\/{rel}","templated":true}]}}