{"id":988015,"date":"2022-02-03T13:42:26","date_gmt":"2022-02-03T13:42:26","guid":{"rendered":"http:\/\/ceaseformacion.com\/zaes\/?page_id=988015"},"modified":"2024-05-27T14:18:40","modified_gmt":"2024-05-27T14:18:40","slug":"accesorios-instrumentacion-industrial","status":"publish","type":"page","link":"https:\/\/zaes.es\/es_cl\/productos\/accesorios-instrumentacion-industrial\/","title":{"rendered":"Instrumentaci\u00f3n Industrial"},"content":{"rendered":"<div class=\"vgblk-rw-wrapper limit-wrapper\">\n\n\t<p><a href=\"#\">SOLICITA INFORMACI\u00d3N<\/a><\/p>\n<h1>\n\tAccesorios para<strong> Instrumentaci\u00f3n Industrial<\/strong>\n\t<\/h1>\n\t<p>En Zaes somos fabricantes de accesorios para la instrumentaci\u00f3n industrial desde hace m\u00e1s de 50 a\u00f1os.<\/p>\n<p>Los accesorios para la instrumentaci\u00f3n como son los amortiguadores para man\u00f3metro, las v\u00e1lvulas para man\u00f3metro y los tubos de sif\u00f3n Zaes est\u00e1n fabricados con materiales de primer nivel y certificados para garantizar a nuestros clientes el correcto funcionamiento en las instalaciones aplicadas.<\/p>\n<p>Son apropiadas para regulaci\u00f3n, disipaci\u00f3n y medici\u00f3n en sistemas l\u00edquidos, gaseosos y de vapor.<\/p>\n\t<a href=\"https:\/\/zaes.es\/es_cl\/categoria-producto\/instrumentacion-industrial\/\" target=\"_self\" role=\"button\" rel=\"noopener\">\n\t\t\t\t\tVER ACCESORIOS PARA INSTRUMENTACION INDUSTRIAL\n\t<\/a>\n<h3>\n\t\t<a href=\"https:\/\/zaes.es\/es_cl\/productos\/accesorios-instrumentacion-industrial\/amortiguador-de-manometro\/\" title=\"Amortiguador de&lt;br&gt; Man&oacute;metro\" target=\"_self\" rel=\"noopener\">\n\t\tAmortiguador de<br \/> Man\u00f3metro\n\t\t<\/a>\n\t<\/h3>\n\t\t\t\t<a href=\"https:\/\/zaes.es\/es_cl\/productos\/accesorios-instrumentacion-industrial\/amortiguador-de-manometro\/\" target=\"_self\" itemprop=\"url\" title=\"Categoria Amortiguador\" rel=\"noopener\">\n\t\t\t\t\t\t\t<img loading=\"lazy\" decoding=\"async\" src=\"https:\/\/zaes.es\/wp-content\/uploads\/2022\/11\/PlantillCategoriaMniatura.jpg\" alt=\"Categoria Amortiguador\" itemprop=\"image\" height=\"600\" width=\"600\" data-link-type=\"url\" title=\"Categoria Amortiguador\" onerror=\"this.style.display='none'\"  sizes=\"auto, (max-width: 768px) 100vw, 100vw\" srcset=\"https:\/\/zaes.es\/wp-content\/uploads\/2022\/11\/PlantillCategoriaMniatura.jpg 600w, https:\/\/zaes.es\/wp-content\/uploads\/2022\/11\/PlantillCategoriaMniatura-300x300.jpg 300w, https:\/\/zaes.es\/wp-content\/uploads\/2022\/11\/PlantillCategoriaMniatura-150x150.jpg 150w, https:\/\/zaes.es\/wp-content\/uploads\/2022\/11\/PlantillCategoriaMniatura-466x466.jpg 466w, https:\/\/zaes.es\/wp-content\/uploads\/2022\/11\/PlantillCategoriaMniatura-350x350.jpg 350w, https:\/\/zaes.es\/wp-content\/uploads\/2022\/11\/PlantillCategoriaMniatura-100x100.jpg 100w\" \/>\t\t\t\t\t\t<\/a>\n<h3>\n\t\t<a href=\"https:\/\/zaes.es\/es_cl\/productos\/accesorios-instrumentacion-industrial\/tubos-de-sifon-para-manometros\/\" title=\" Tubos de Sif&oacute;n para&lt;br&gt; Man&oacute;metros\" target=\"_self\" rel=\"noopener\">\n\t\t Tubos de Sif\u00f3n para<br \/> Man\u00f3metros\n\t\t<\/a>\n\t<\/h3>\n\t\t\t\t<a href=\"https:\/\/zaes.es\/es_cl\/productos\/accesorios-instrumentacion-industrial\/tubos-de-sifon-para-manometros\/\" target=\"_self\" itemprop=\"url\" title=\"Bluetubo-de-sifon-tipo-cola-de-cerdo-600x600\" rel=\"noopener\">\n\t\t\t\t\t\t\t<img loading=\"lazy\" decoding=\"async\" src=\"https:\/\/zaes.es\/wp-content\/uploads\/2022\/02\/Bluetubo-de-sifon-tipo-cola-de-cerdo-600x600-1.jpg\" alt=\"Bluetubo-de-sifon-tipo-cola-de-cerdo-600x600\" itemprop=\"image\" height=\"600\" width=\"600\" data-link-type=\"url\" title=\"Bluetubo-de-sifon-tipo-cola-de-cerdo-600x600\" onerror=\"this.style.display='none'\"  sizes=\"auto, (max-width: 768px) 100vw, 100vw\" srcset=\"https:\/\/zaes.es\/wp-content\/uploads\/2022\/02\/Bluetubo-de-sifon-tipo-cola-de-cerdo-600x600-1.jpg 600w, https:\/\/zaes.es\/wp-content\/uploads\/2022\/02\/Bluetubo-de-sifon-tipo-cola-de-cerdo-600x600-1-300x300.jpg 300w, https:\/\/zaes.es\/wp-content\/uploads\/2022\/02\/Bluetubo-de-sifon-tipo-cola-de-cerdo-600x600-1-150x150.jpg 150w, https:\/\/zaes.es\/wp-content\/uploads\/2022\/02\/Bluetubo-de-sifon-tipo-cola-de-cerdo-600x600-1-466x466.jpg 466w, https:\/\/zaes.es\/wp-content\/uploads\/2022\/02\/Bluetubo-de-sifon-tipo-cola-de-cerdo-600x600-1-350x350.jpg 350w, https:\/\/zaes.es\/wp-content\/uploads\/2022\/02\/Bluetubo-de-sifon-tipo-cola-de-cerdo-600x600-1-100x100.jpg 100w\" \/>\t\t\t\t\t\t<\/a>\n<h3>\n\t\t<a href=\"https:\/\/zaes.es\/es_cl\/productos\/accesorios-instrumentacion-industrial\/valvulas-para-manometro\/\" title=\" V&aacute;lvulas para&lt;br&gt;  Man&oacute;metros\" target=\"_self\" rel=\"noopener\">\n\t\t V\u00e1lvulas para<br \/>  Man\u00f3metros\n\t\t<\/a>\n\t<\/h3>\n\t\t\t\t<a href=\"https:\/\/zaes.es\/es_cl\/productos\/accesorios-instrumentacion-industrial\/valvulas-para-manometro\/\" target=\"_self\" itemprop=\"url\" title=\"CategoriaManometro\" rel=\"noopener\">\n\t\t\t\t\t\t\t<img loading=\"lazy\" decoding=\"async\" src=\"https:\/\/zaes.es\/wp-content\/uploads\/2022\/11\/CategoriaManometro.jpg\" alt=\"CategoriaManometro\" itemprop=\"image\" height=\"600\" width=\"600\" data-link-type=\"url\" title=\"CategoriaManometro\" onerror=\"this.style.display='none'\"  sizes=\"auto, (max-width: 768px) 100vw, 100vw\" srcset=\"https:\/\/zaes.es\/wp-content\/uploads\/2022\/11\/CategoriaManometro.jpg 600w, https:\/\/zaes.es\/wp-content\/uploads\/2022\/11\/CategoriaManometro-300x300.jpg 300w, https:\/\/zaes.es\/wp-content\/uploads\/2022\/11\/CategoriaManometro-150x150.jpg 150w, https:\/\/zaes.es\/wp-content\/uploads\/2022\/11\/CategoriaManometro-466x466.jpg 466w, https:\/\/zaes.es\/wp-content\/uploads\/2022\/11\/CategoriaManometro-350x350.jpg 350w, https:\/\/zaes.es\/wp-content\/uploads\/2022\/11\/CategoriaManometro-100x100.jpg 100w\" \/>\t\t\t\t\t\t<\/a>\n\n<\/div><!-- .vgblk-rw-wrapper -->","protected":false},"excerpt":{"rendered":"<p>SOLICITA INFORMACI\u00d3N Accesorios para Instrumentaci\u00f3n Industrial En Zaes somos fabricantes de accesorios para la instrumentaci\u00f3n industrial desde hace m\u00e1s de 50 a\u00f1os. Los accesorios para la instrumentaci\u00f3n como son los amortiguadores para man\u00f3metro, las v\u00e1lvulas para man\u00f3metro y los tubos de sif\u00f3n Zaes est\u00e1n fabricados con materiales de primer nivel y certificados para garantizar a&#8230;<\/p>","protected":false},"author":1,"featured_media":0,"parent":987852,"menu_order":0,"comment_status":"closed","ping_status":"closed","template":"","meta":{"inline_featured_image":false,"footnotes":""},"class_list":["post-988015","page","type-page","status-publish","hentry"],"yoast_head":"<!-- This site is optimized with the Yoast SEO plugin v27.3 - https:\/\/yoast.com\/product\/yoast-seo-wordpress\/ -->\n<title>Instrumentaci\u00f3n Industrial - Zaes - Fabricantes de V\u00e1lvulas de seguridad<\/title>\n<meta name=\"description\" content=\"Los accesorios para la instrumentaci\u00f3n como son los amortiguadores para man\u00f3metro, las v\u00e1lvulas para man\u00f3metro y los tubos de sif\u00f3n Zaes\" \/>\n<meta name=\"robots\" content=\"index, follow, max-snippet:-1, max-image-preview:large, max-video-preview:-1\" \/>\n<link rel=\"canonical\" href=\"https:\/\/zaes.es\/es_cl\/productos\/accesorios-instrumentacion-industrial\/\" \/>\n<meta property=\"og:locale\" content=\"es_ES\" \/>\n<meta property=\"og:type\" content=\"article\" \/>\n<meta property=\"og:title\" content=\"Instrumentaci\u00f3n Industrial - Zaes - Fabricantes de V\u00e1lvulas de seguridad\" \/>\n<meta property=\"og:description\" content=\"Los accesorios para la instrumentaci\u00f3n como son los amortiguadores para man\u00f3metro, las v\u00e1lvulas para man\u00f3metro y los tubos de sif\u00f3n Zaes\" \/>\n<meta property=\"og:url\" content=\"https:\/\/zaes.es\/es_cl\/productos\/accesorios-instrumentacion-industrial\/\" \/>\n<meta property=\"og:site_name\" content=\"V\u00e1lvulas de Seguridad - Zaes\" \/>\n<meta property=\"article:modified_time\" content=\"2024-05-27T14:18:40+00:00\" \/>\n<meta property=\"og:image\" content=\"https:\/\/zaes.es\/wp-content\/uploads\/2022\/11\/PlantillCategoriaMniatura.jpg\" \/>\n<meta name=\"twitter:card\" content=\"summary_large_image\" \/>\n<meta name=\"twitter:label1\" content=\"Tiempo estimado de lectura\" \/>\n\t<meta name=\"twitter:data1\" content=\"2 minutos\" \/>\n<script type=\"application\/ld+json\" class=\"yoast-schema-graph\">{\"@context\":\"https:\\\/\\\/schema.org\",\"@graph\":[{\"@type\":\"WebPage\",\"@id\":\"https:\\\/\\\/zaes.es\\\/productos\\\/accesorios-instrumentacion-industrial\\\/\",\"url\":\"https:\\\/\\\/zaes.es\\\/productos\\\/accesorios-instrumentacion-industrial\\\/\",\"name\":\"Instrumentaci\u00f3n Industrial - Zaes - Fabricantes de V\u00e1lvulas de seguridad\",\"isPartOf\":{\"@id\":\"https:\\\/\\\/zaes.es\\\/#website\"},\"primaryImageOfPage\":{\"@id\":\"https:\\\/\\\/zaes.es\\\/productos\\\/accesorios-instrumentacion-industrial\\\/#primaryimage\"},\"image\":{\"@id\":\"https:\\\/\\\/zaes.es\\\/productos\\\/accesorios-instrumentacion-industrial\\\/#primaryimage\"},\"thumbnailUrl\":\"https:\\\/\\\/zaes.es\\\/wp-content\\\/uploads\\\/2022\\\/11\\\/PlantillCategoriaMniatura.jpg\",\"datePublished\":\"2022-02-03T13:42:26+00:00\",\"dateModified\":\"2024-05-27T14:18:40+00:00\",\"description\":\"Los accesorios para la instrumentaci\u00f3n como son los amortiguadores para man\u00f3metro, las v\u00e1lvulas para man\u00f3metro y los tubos de sif\u00f3n Zaes\",\"breadcrumb\":{\"@id\":\"https:\\\/\\\/zaes.es\\\/productos\\\/accesorios-instrumentacion-industrial\\\/#breadcrumb\"},\"inLanguage\":\"es-CL\",\"potentialAction\":[{\"@type\":\"ReadAction\",\"target\":[\"https:\\\/\\\/zaes.es\\\/productos\\\/accesorios-instrumentacion-industrial\\\/\"]}]},{\"@type\":\"ImageObject\",\"inLanguage\":\"es-CL\",\"@id\":\"https:\\\/\\\/zaes.es\\\/productos\\\/accesorios-instrumentacion-industrial\\\/#primaryimage\",\"url\":\"https:\\\/\\\/zaes.es\\\/wp-content\\\/uploads\\\/2022\\\/11\\\/PlantillCategoriaMniatura.jpg\",\"contentUrl\":\"https:\\\/\\\/zaes.es\\\/wp-content\\\/uploads\\\/2022\\\/11\\\/PlantillCategoriaMniatura.jpg\"},{\"@type\":\"BreadcrumbList\",\"@id\":\"https:\\\/\\\/zaes.es\\\/productos\\\/accesorios-instrumentacion-industrial\\\/#breadcrumb\",\"itemListElement\":[{\"@type\":\"ListItem\",\"position\":1,\"name\":\"Portada\",\"item\":\"https:\\\/\\\/zaes.es\\\/\"},{\"@type\":\"ListItem\",\"position\":2,\"name\":\"Productos\",\"item\":\"https:\\\/\\\/zaes.es\\\/productos\\\/\"},{\"@type\":\"ListItem\",\"position\":3,\"name\":\"Instrumentaci\u00f3n Industrial\"}]},{\"@type\":\"WebSite\",\"@id\":\"https:\\\/\\\/zaes.es\\\/#website\",\"url\":\"https:\\\/\\\/zaes.es\\\/\",\"name\":\"V\u00e1lvulas de Seguridad - Zaes\",\"description\":\"\",\"publisher\":{\"@id\":\"https:\\\/\\\/zaes.es\\\/#organization\"},\"potentialAction\":[{\"@type\":\"SearchAction\",\"target\":{\"@type\":\"EntryPoint\",\"urlTemplate\":\"https:\\\/\\\/zaes.es\\\/?s={search_term_string}\"},\"query-input\":{\"@type\":\"PropertyValueSpecification\",\"valueRequired\":true,\"valueName\":\"search_term_string\"}}],\"inLanguage\":\"es-CL\"},{\"@type\":\"Organization\",\"@id\":\"https:\\\/\\\/zaes.es\\\/#organization\",\"name\":\"V\u00e1lvulas de Seguridad - Zaes\",\"url\":\"https:\\\/\\\/zaes.es\\\/\",\"logo\":{\"@type\":\"ImageObject\",\"inLanguage\":\"es-CL\",\"@id\":\"https:\\\/\\\/zaes.es\\\/#\\\/schema\\\/logo\\\/image\\\/\",\"url\":\"https:\\\/\\\/zaes.es\\\/wp-content\\\/uploads\\\/2017\\\/07\\\/cropped-zaes-logofooter.png\",\"contentUrl\":\"https:\\\/\\\/zaes.es\\\/wp-content\\\/uploads\\\/2017\\\/07\\\/cropped-zaes-logofooter.png\",\"width\":233,\"height\":85,\"caption\":\"V\u00e1lvulas de Seguridad - Zaes\"},\"image\":{\"@id\":\"https:\\\/\\\/zaes.es\\\/#\\\/schema\\\/logo\\\/image\\\/\"}}]}<\/script>\n<!-- \/ Yoast SEO plugin. -->","yoast_head_json":{"title":"Instrumentaci\u00f3n Industrial - Zaes - Fabricantes de V\u00e1lvulas de seguridad","description":"Los accesorios para la instrumentaci\u00f3n como son los amortiguadores para man\u00f3metro, las v\u00e1lvulas para man\u00f3metro y los tubos de sif\u00f3n Zaes","robots":{"index":"index","follow":"follow","max-snippet":"max-snippet:-1","max-image-preview":"max-image-preview:large","max-video-preview":"max-video-preview:-1"},"canonical":"https:\/\/zaes.es\/es_cl\/productos\/accesorios-instrumentacion-industrial\/","og_locale":"es_ES","og_type":"article","og_title":"Instrumentaci\u00f3n Industrial - Zaes - Fabricantes de V\u00e1lvulas de seguridad","og_description":"Los accesorios para la instrumentaci\u00f3n como son los amortiguadores para man\u00f3metro, las v\u00e1lvulas para man\u00f3metro y los tubos de sif\u00f3n Zaes","og_url":"https:\/\/zaes.es\/es_cl\/productos\/accesorios-instrumentacion-industrial\/","og_site_name":"V\u00e1lvulas de Seguridad - Zaes","article_modified_time":"2024-05-27T14:18:40+00:00","og_image":[{"url":"https:\/\/zaes.es\/wp-content\/uploads\/2022\/11\/PlantillCategoriaMniatura.jpg","type":"","width":"","height":""}],"twitter_card":"summary_large_image","twitter_misc":{"Tiempo estimado de lectura":"2 minutos"},"schema":{"@context":"https:\/\/schema.org","@graph":[{"@type":"WebPage","@id":"https:\/\/zaes.es\/productos\/accesorios-instrumentacion-industrial\/","url":"https:\/\/zaes.es\/productos\/accesorios-instrumentacion-industrial\/","name":"Instrumentaci\u00f3n Industrial - Zaes - Fabricantes de V\u00e1lvulas de seguridad","isPartOf":{"@id":"https:\/\/zaes.es\/#website"},"primaryImageOfPage":{"@id":"https:\/\/zaes.es\/productos\/accesorios-instrumentacion-industrial\/#primaryimage"},"image":{"@id":"https:\/\/zaes.es\/productos\/accesorios-instrumentacion-industrial\/#primaryimage"},"thumbnailUrl":"https:\/\/zaes.es\/wp-content\/uploads\/2022\/11\/PlantillCategoriaMniatura.jpg","datePublished":"2022-02-03T13:42:26+00:00","dateModified":"2024-05-27T14:18:40+00:00","description":"Los accesorios para la instrumentaci\u00f3n como son los amortiguadores para man\u00f3metro, las v\u00e1lvulas para man\u00f3metro y los tubos de sif\u00f3n Zaes","breadcrumb":{"@id":"https:\/\/zaes.es\/productos\/accesorios-instrumentacion-industrial\/#breadcrumb"},"inLanguage":"es-CL","potentialAction":[{"@type":"ReadAction","target":["https:\/\/zaes.es\/productos\/accesorios-instrumentacion-industrial\/"]}]},{"@type":"ImageObject","inLanguage":"es-CL","@id":"https:\/\/zaes.es\/productos\/accesorios-instrumentacion-industrial\/#primaryimage","url":"https:\/\/zaes.es\/wp-content\/uploads\/2022\/11\/PlantillCategoriaMniatura.jpg","contentUrl":"https:\/\/zaes.es\/wp-content\/uploads\/2022\/11\/PlantillCategoriaMniatura.jpg"},{"@type":"BreadcrumbList","@id":"https:\/\/zaes.es\/productos\/accesorios-instrumentacion-industrial\/#breadcrumb","itemListElement":[{"@type":"ListItem","position":1,"name":"Portada","item":"https:\/\/zaes.es\/"},{"@type":"ListItem","position":2,"name":"Productos","item":"https:\/\/zaes.es\/productos\/"},{"@type":"ListItem","position":3,"name":"Instrumentaci\u00f3n Industrial"}]},{"@type":"WebSite","@id":"https:\/\/zaes.es\/#website","url":"https:\/\/zaes.es\/","name":"V\u00e1lvulas de Seguridad - Zaes","description":"","publisher":{"@id":"https:\/\/zaes.es\/#organization"},"potentialAction":[{"@type":"SearchAction","target":{"@type":"EntryPoint","urlTemplate":"https:\/\/zaes.es\/?s={search_term_string}"},"query-input":{"@type":"PropertyValueSpecification","valueRequired":true,"valueName":"search_term_string"}}],"inLanguage":"es-CL"},{"@type":"Organization","@id":"https:\/\/zaes.es\/#organization","name":"V\u00e1lvulas de Seguridad - Zaes","url":"https:\/\/zaes.es\/","logo":{"@type":"ImageObject","inLanguage":"es-CL","@id":"https:\/\/zaes.es\/#\/schema\/logo\/image\/","url":"https:\/\/zaes.es\/wp-content\/uploads\/2017\/07\/cropped-zaes-logofooter.png","contentUrl":"https:\/\/zaes.es\/wp-content\/uploads\/2017\/07\/cropped-zaes-logofooter.png","width":233,"height":85,"caption":"V\u00e1lvulas de Seguridad - Zaes"},"image":{"@id":"https:\/\/zaes.es\/#\/schema\/logo\/image\/"}}]}},"_links":{"self":[{"href":"https:\/\/zaes.es\/es_cl\/wp-json\/wp\/v2\/pages\/988015","targetHints":{"allow":["GET"]}}],"collection":[{"href":"https:\/\/zaes.es\/es_cl\/wp-json\/wp\/v2\/pages"}],"about":[{"href":"https:\/\/zaes.es\/es_cl\/wp-json\/wp\/v2\/types\/page"}],"author":[{"embeddable":true,"href":"https:\/\/zaes.es\/es_cl\/wp-json\/wp\/v2\/users\/1"}],"replies":[{"embeddable":true,"href":"https:\/\/zaes.es\/es_cl\/wp-json\/wp\/v2\/comments?post=988015"}],"version-history":[{"count":20,"href":"https:\/\/zaes.es\/es_cl\/wp-json\/wp\/v2\/pages\/988015\/revisions"}],"predecessor-version":[{"id":990942,"href":"https:\/\/zaes.es\/es_cl\/wp-json\/wp\/v2\/pages\/988015\/revisions\/990942"}],"up":[{"embeddable":true,"href":"https:\/\/zaes.es\/es_cl\/wp-json\/wp\/v2\/pages\/987852"}],"wp:attachment":[{"href":"https:\/\/zaes.es\/es_cl\/wp-json\/wp\/v2\/media?parent=988015"}],"curies":[{"name":"wp","href":"https:\/\/api.w.org\/{rel}","templated":true}]}}