{"id":988606,"date":"2022-02-16T09:11:33","date_gmt":"2022-02-16T09:11:33","guid":{"rendered":"http:\/\/ceaseformacion.com\/zaes\/?post_type=product&#038;p=988606"},"modified":"2023-03-03T07:59:57","modified_gmt":"2023-03-03T07:59:57","slug":"tubo-de-sifon-recto-en-acero-inoxidable-cod-m78-04-con-accesorios-de-conexion","status":"publish","type":"product","link":"https:\/\/zaes.es\/es_cl\/producto\/tubo-de-sifon-recto-en-acero-inoxidable-cod-m78-04-con-accesorios-de-conexion\/","title":{"rendered":"Tubo de sif\u00f3n \u201crecto\u201d en acero inoxidable Cod. M78.04 con accesorios de conexi\u00f3n."},"content":{"rendered":"<div class=\"vgblk-rw-wrapper limit-wrapper\">\r\n<h2>Te contamos m\u00e1s sobre la Tubo de sif\u00f3n \u00abrecto\u00bb en acero inoxidable Cod. M78.04 sin accesorios de conexi\u00f3n.<\/h2>\r\n<h3>Materiales disponibles<\/h3>\r\n<p>&#8211; Acero inoxidable AISI 316 Sch 40<\/p>\r\n<h4>Embalaje:<\/h4>\r\n<p>Embolsado individualmente para evitar su deterioro y garantizar una entrega en perfecto estado<\/p>\r\n<p><img loading=\"lazy\" decoding=\"async\" title=\"DIMENS~1\" src=\"https:\/\/zaes.es\/wp-content\/uploads\/2022\/02\/DIMENS1-24.png\" sizes=\"auto, (max-width: 768px) 100vw, 100vw\" srcset=\"https:\/\/zaes.es\/wp-content\/uploads\/2022\/02\/DIMENS1-24.png 1454w, https:\/\/zaes.es\/wp-content\/uploads\/2022\/02\/DIMENS1-24-300x79.png 300w, https:\/\/zaes.es\/wp-content\/uploads\/2022\/02\/DIMENS1-24-1024x270.png 1024w, https:\/\/zaes.es\/wp-content\/uploads\/2022\/02\/DIMENS1-24-768x202.png 768w, https:\/\/zaes.es\/wp-content\/uploads\/2022\/02\/DIMENS1-24-1400x369.png 1400w, https:\/\/zaes.es\/wp-content\/uploads\/2022\/02\/DIMENS1-24-700x184.png 700w, https:\/\/zaes.es\/wp-content\/uploads\/2022\/02\/DIMENS1-24-466x123.png 466w, https:\/\/zaes.es\/wp-content\/uploads\/2022\/02\/DIMENS1-24-933x246.png 933w, https:\/\/zaes.es\/wp-content\/uploads\/2022\/02\/DIMENS1-24-350x92.png 350w\" alt=\"Dimensiones Tubo_de_sifon_recto_en_acero_inoxidable_Cod.M78.04_sin_accesorios_de_conexion.Tubo_de_sifon_recto_en_acero_inoxidable_Cod.M78.04_sin_accesorios_de_conexion.\" width=\"1454\" height=\"383\" \/><\/p>\r\n<\/div><!-- .vgblk-rw-wrapper -->","protected":false},"excerpt":{"rendered":"<p>Tubo de sif\u00f3n recto ( tipo cola de cerdo) para conexi\u00f3n de man\u00f3metro fabricado en tubo sin soldadura de gran espesor.<\/p>\n<p>Indicado para reducir el golpe de ariete en man\u00f3metros u otros elementos del sistema sujetos a presi\u00f3n variable, evitando desajustes que afecten a la medida.<\/p>\n<p>Es \u00fatil como enfriador disipando calor y reduciendo en riesgo de deterioro en man\u00f3metros.<\/p>\n<p>En l\u00edneas de vapor garantiza la lectura de valores del agua de condensaci\u00f3n en lugar de la de la l\u00ednea de vapor.<\/p>\n<p>Suministrado con y sin accesorios de conexi\u00f3n. Tratamiento anticorrosivo por fosfatado negro en la opci\u00f3n de acero al carbono (interior y exterior)<\/p>\n<div class=\"ButtonProduct\">\n<p><a href=\"https:\/\/zaes.es\/Catalogos_de_Productos\/Instrumentacion_Industrial\/Tubos_de_sifon\/Tubo_de_sifon_recto_en_acero_inoxidable_Cod.M78.04_sin_accesorios_de_conexion.pdf\" target=\"_blank\" rel=\"noopener\">DESCARGAR PDF<\/a><\/p>\n<\/div>","protected":false},"featured_media":988607,"template":"","meta":{"inline_featured_image":false},"product_brand":[],"product_cat":[69,78],"product_tag":[75,94,93,74],"class_list":{"0":"post-988606","1":"product","2":"type-product","3":"status-publish","4":"has-post-thumbnail","6":"product_cat-instrumentacion-industrial","7":"product_cat-tubos-de-sifon-para-manometros","8":"product_tag-aire-comprimido","9":"product_tag-gases-y-criogenia","10":"product_tag-petroquimica-y-combustibles","11":"product_tag-vapor","13":"first","14":"instock","15":"shipping-taxable","16":"product-type-simple"},"yoast_head":"<!-- This site is optimized with the Yoast SEO plugin v27.3 - https:\/\/yoast.com\/product\/yoast-seo-wordpress\/ -->\n<title>Tubo de sif\u00f3n \u201crecto\u201d en acero inoxidable con accesorios de conexi\u00f3n. - V\u00e1lvulas de Seguridad - Zaes<\/title>\n<meta name=\"description\" content=\"Tubo de sif\u00f3n recto ( tipo cola de cerdo) para conexi\u00f3n de man\u00f3metro fabricado en tubo sin soldadura de gran espesor, en acero inoxidable.\" \/>\n<meta name=\"robots\" content=\"index, follow, max-snippet:-1, max-image-preview:large, max-video-preview:-1\" \/>\n<link rel=\"canonical\" href=\"https:\/\/zaes.es\/es_cl\/producto\/tubo-de-sifon-recto-en-acero-inoxidable-cod-m78-04-con-accesorios-de-conexion\/\" \/>\n<meta property=\"og:locale\" content=\"es_ES\" \/>\n<meta property=\"og:type\" content=\"article\" \/>\n<meta property=\"og:title\" content=\"Tubo de sif\u00f3n \u201crecto\u201d en acero inoxidable con accesorios de conexi\u00f3n. - V\u00e1lvulas de Seguridad - Zaes\" \/>\n<meta property=\"og:description\" content=\"Tubo de sif\u00f3n recto ( tipo cola de cerdo) para conexi\u00f3n de man\u00f3metro fabricado en tubo sin soldadura de gran espesor, en acero inoxidable.\" \/>\n<meta property=\"og:url\" content=\"https:\/\/zaes.es\/es_cl\/producto\/tubo-de-sifon-recto-en-acero-inoxidable-cod-m78-04-con-accesorios-de-conexion\/\" \/>\n<meta property=\"og:site_name\" content=\"V\u00e1lvulas de Seguridad - Zaes\" \/>\n<meta property=\"article:modified_time\" content=\"2023-03-03T07:59:57+00:00\" \/>\n<meta property=\"og:image\" content=\"https:\/\/zaes.es\/wp-content\/uploads\/2022\/02\/TUBO_D1-2.jpg\" \/>\n\t<meta property=\"og:image:width\" content=\"1000\" \/>\n\t<meta property=\"og:image:height\" content=\"1000\" \/>\n\t<meta property=\"og:image:type\" content=\"image\/jpeg\" \/>\n<meta name=\"twitter:card\" content=\"summary_large_image\" \/>\n<meta name=\"twitter:label1\" content=\"Tiempo estimado de lectura\" \/>\n\t<meta name=\"twitter:data1\" content=\"1 minuto\" \/>\n<script type=\"application\/ld+json\" class=\"yoast-schema-graph\">{\"@context\":\"https:\\\/\\\/schema.org\",\"@graph\":[{\"@type\":\"WebPage\",\"@id\":\"https:\\\/\\\/zaes.es\\\/es_cl\\\/producto\\\/tubo-de-sifon-recto-en-acero-inoxidable-cod-m78-04-con-accesorios-de-conexion\\\/\",\"url\":\"https:\\\/\\\/zaes.es\\\/es_cl\\\/producto\\\/tubo-de-sifon-recto-en-acero-inoxidable-cod-m78-04-con-accesorios-de-conexion\\\/\",\"name\":\"Tubo de sif\u00f3n \u201crecto\u201d en acero inoxidable con accesorios de conexi\u00f3n. - V\u00e1lvulas de Seguridad - Zaes\",\"isPartOf\":{\"@id\":\"https:\\\/\\\/zaes.es\\\/#website\"},\"primaryImageOfPage\":{\"@id\":\"https:\\\/\\\/zaes.es\\\/es_cl\\\/producto\\\/tubo-de-sifon-recto-en-acero-inoxidable-cod-m78-04-con-accesorios-de-conexion\\\/#primaryimage\"},\"image\":{\"@id\":\"https:\\\/\\\/zaes.es\\\/es_cl\\\/producto\\\/tubo-de-sifon-recto-en-acero-inoxidable-cod-m78-04-con-accesorios-de-conexion\\\/#primaryimage\"},\"thumbnailUrl\":\"https:\\\/\\\/zaes.es\\\/wp-content\\\/uploads\\\/2022\\\/02\\\/TUBO_D1-2.jpg\",\"datePublished\":\"2022-02-16T09:11:33+00:00\",\"dateModified\":\"2023-03-03T07:59:57+00:00\",\"description\":\"Tubo de sif\u00f3n recto ( tipo cola de cerdo) para conexi\u00f3n de man\u00f3metro fabricado en tubo sin soldadura de gran espesor, en acero inoxidable.\",\"breadcrumb\":{\"@id\":\"https:\\\/\\\/zaes.es\\\/es_cl\\\/producto\\\/tubo-de-sifon-recto-en-acero-inoxidable-cod-m78-04-con-accesorios-de-conexion\\\/#breadcrumb\"},\"inLanguage\":\"es-CL\",\"potentialAction\":[{\"@type\":\"ReadAction\",\"target\":[\"https:\\\/\\\/zaes.es\\\/es_cl\\\/producto\\\/tubo-de-sifon-recto-en-acero-inoxidable-cod-m78-04-con-accesorios-de-conexion\\\/\"]}]},{\"@type\":\"ImageObject\",\"inLanguage\":\"es-CL\",\"@id\":\"https:\\\/\\\/zaes.es\\\/es_cl\\\/producto\\\/tubo-de-sifon-recto-en-acero-inoxidable-cod-m78-04-con-accesorios-de-conexion\\\/#primaryimage\",\"url\":\"https:\\\/\\\/zaes.es\\\/wp-content\\\/uploads\\\/2022\\\/02\\\/TUBO_D1-2.jpg\",\"contentUrl\":\"https:\\\/\\\/zaes.es\\\/wp-content\\\/uploads\\\/2022\\\/02\\\/TUBO_D1-2.jpg\",\"width\":1000,\"height\":1000,\"caption\":\"Tubo_de_sifon_recto_en_acero_inoxidable_Cod.M78.04_sin_accesorios_de_conexion.\"},{\"@type\":\"BreadcrumbList\",\"@id\":\"https:\\\/\\\/zaes.es\\\/es_cl\\\/producto\\\/tubo-de-sifon-recto-en-acero-inoxidable-cod-m78-04-con-accesorios-de-conexion\\\/#breadcrumb\",\"itemListElement\":[{\"@type\":\"ListItem\",\"position\":1,\"name\":\"Portada\",\"item\":\"https:\\\/\\\/zaes.es\\\/\"},{\"@type\":\"ListItem\",\"position\":2,\"name\":\"Shop\",\"item\":\"https:\\\/\\\/zaes.es\\\/shop\\\/\"},{\"@type\":\"ListItem\",\"position\":3,\"name\":\"Instrumentaci\u00f3n Industrial\",\"item\":\"https:\\\/\\\/zaes.es\\\/es_cl\\\/categoria-producto\\\/instrumentacion-industrial\\\/\"},{\"@type\":\"ListItem\",\"position\":4,\"name\":\"Tubo de sif\u00f3n \u201crecto\u201d en acero inoxidable Cod. M78.04 con accesorios de conexi\u00f3n.\"}]},{\"@type\":\"WebSite\",\"@id\":\"https:\\\/\\\/zaes.es\\\/#website\",\"url\":\"https:\\\/\\\/zaes.es\\\/\",\"name\":\"V\u00e1lvulas de Seguridad - Zaes\",\"description\":\"\",\"publisher\":{\"@id\":\"https:\\\/\\\/zaes.es\\\/#organization\"},\"potentialAction\":[{\"@type\":\"SearchAction\",\"target\":{\"@type\":\"EntryPoint\",\"urlTemplate\":\"https:\\\/\\\/zaes.es\\\/?s={search_term_string}\"},\"query-input\":{\"@type\":\"PropertyValueSpecification\",\"valueRequired\":true,\"valueName\":\"search_term_string\"}}],\"inLanguage\":\"es-CL\"},{\"@type\":\"Organization\",\"@id\":\"https:\\\/\\\/zaes.es\\\/#organization\",\"name\":\"V\u00e1lvulas de Seguridad - Zaes\",\"url\":\"https:\\\/\\\/zaes.es\\\/\",\"logo\":{\"@type\":\"ImageObject\",\"inLanguage\":\"es-CL\",\"@id\":\"https:\\\/\\\/zaes.es\\\/#\\\/schema\\\/logo\\\/image\\\/\",\"url\":\"https:\\\/\\\/zaes.es\\\/wp-content\\\/uploads\\\/2017\\\/07\\\/cropped-zaes-logofooter.png\",\"contentUrl\":\"https:\\\/\\\/zaes.es\\\/wp-content\\\/uploads\\\/2017\\\/07\\\/cropped-zaes-logofooter.png\",\"width\":233,\"height\":85,\"caption\":\"V\u00e1lvulas de Seguridad - Zaes\"},\"image\":{\"@id\":\"https:\\\/\\\/zaes.es\\\/#\\\/schema\\\/logo\\\/image\\\/\"}}]}<\/script>\n<!-- \/ Yoast SEO plugin. -->","yoast_head_json":{"title":"Tubo de sif\u00f3n \u201crecto\u201d en acero inoxidable con accesorios de conexi\u00f3n. - V\u00e1lvulas de Seguridad - Zaes","description":"Tubo de sif\u00f3n recto ( tipo cola de cerdo) para conexi\u00f3n de man\u00f3metro fabricado en tubo sin soldadura de gran espesor, en acero inoxidable.","robots":{"index":"index","follow":"follow","max-snippet":"max-snippet:-1","max-image-preview":"max-image-preview:large","max-video-preview":"max-video-preview:-1"},"canonical":"https:\/\/zaes.es\/es_cl\/producto\/tubo-de-sifon-recto-en-acero-inoxidable-cod-m78-04-con-accesorios-de-conexion\/","og_locale":"es_ES","og_type":"article","og_title":"Tubo de sif\u00f3n \u201crecto\u201d en acero inoxidable con accesorios de conexi\u00f3n. - V\u00e1lvulas de Seguridad - Zaes","og_description":"Tubo de sif\u00f3n recto ( tipo cola de cerdo) para conexi\u00f3n de man\u00f3metro fabricado en tubo sin soldadura de gran espesor, en acero inoxidable.","og_url":"https:\/\/zaes.es\/es_cl\/producto\/tubo-de-sifon-recto-en-acero-inoxidable-cod-m78-04-con-accesorios-de-conexion\/","og_site_name":"V\u00e1lvulas de Seguridad - Zaes","article_modified_time":"2023-03-03T07:59:57+00:00","og_image":[{"width":1000,"height":1000,"url":"https:\/\/zaes.es\/wp-content\/uploads\/2022\/02\/TUBO_D1-2.jpg","type":"image\/jpeg"}],"twitter_card":"summary_large_image","twitter_misc":{"Tiempo estimado de lectura":"1 minuto"},"schema":{"@context":"https:\/\/schema.org","@graph":[{"@type":"WebPage","@id":"https:\/\/zaes.es\/es_cl\/producto\/tubo-de-sifon-recto-en-acero-inoxidable-cod-m78-04-con-accesorios-de-conexion\/","url":"https:\/\/zaes.es\/es_cl\/producto\/tubo-de-sifon-recto-en-acero-inoxidable-cod-m78-04-con-accesorios-de-conexion\/","name":"Tubo de sif\u00f3n \u201crecto\u201d en acero inoxidable con accesorios de conexi\u00f3n. - V\u00e1lvulas de Seguridad - Zaes","isPartOf":{"@id":"https:\/\/zaes.es\/#website"},"primaryImageOfPage":{"@id":"https:\/\/zaes.es\/es_cl\/producto\/tubo-de-sifon-recto-en-acero-inoxidable-cod-m78-04-con-accesorios-de-conexion\/#primaryimage"},"image":{"@id":"https:\/\/zaes.es\/es_cl\/producto\/tubo-de-sifon-recto-en-acero-inoxidable-cod-m78-04-con-accesorios-de-conexion\/#primaryimage"},"thumbnailUrl":"https:\/\/zaes.es\/wp-content\/uploads\/2022\/02\/TUBO_D1-2.jpg","datePublished":"2022-02-16T09:11:33+00:00","dateModified":"2023-03-03T07:59:57+00:00","description":"Tubo de sif\u00f3n recto ( tipo cola de cerdo) para conexi\u00f3n de man\u00f3metro fabricado en tubo sin soldadura de gran espesor, en acero inoxidable.","breadcrumb":{"@id":"https:\/\/zaes.es\/es_cl\/producto\/tubo-de-sifon-recto-en-acero-inoxidable-cod-m78-04-con-accesorios-de-conexion\/#breadcrumb"},"inLanguage":"es-CL","potentialAction":[{"@type":"ReadAction","target":["https:\/\/zaes.es\/es_cl\/producto\/tubo-de-sifon-recto-en-acero-inoxidable-cod-m78-04-con-accesorios-de-conexion\/"]}]},{"@type":"ImageObject","inLanguage":"es-CL","@id":"https:\/\/zaes.es\/es_cl\/producto\/tubo-de-sifon-recto-en-acero-inoxidable-cod-m78-04-con-accesorios-de-conexion\/#primaryimage","url":"https:\/\/zaes.es\/wp-content\/uploads\/2022\/02\/TUBO_D1-2.jpg","contentUrl":"https:\/\/zaes.es\/wp-content\/uploads\/2022\/02\/TUBO_D1-2.jpg","width":1000,"height":1000,"caption":"Tubo_de_sifon_recto_en_acero_inoxidable_Cod.M78.04_sin_accesorios_de_conexion."},{"@type":"BreadcrumbList","@id":"https:\/\/zaes.es\/es_cl\/producto\/tubo-de-sifon-recto-en-acero-inoxidable-cod-m78-04-con-accesorios-de-conexion\/#breadcrumb","itemListElement":[{"@type":"ListItem","position":1,"name":"Portada","item":"https:\/\/zaes.es\/"},{"@type":"ListItem","position":2,"name":"Shop","item":"https:\/\/zaes.es\/shop\/"},{"@type":"ListItem","position":3,"name":"Instrumentaci\u00f3n Industrial","item":"https:\/\/zaes.es\/es_cl\/categoria-producto\/instrumentacion-industrial\/"},{"@type":"ListItem","position":4,"name":"Tubo de sif\u00f3n \u201crecto\u201d en acero inoxidable Cod. M78.04 con accesorios de conexi\u00f3n."}]},{"@type":"WebSite","@id":"https:\/\/zaes.es\/#website","url":"https:\/\/zaes.es\/","name":"V\u00e1lvulas de Seguridad - Zaes","description":"","publisher":{"@id":"https:\/\/zaes.es\/#organization"},"potentialAction":[{"@type":"SearchAction","target":{"@type":"EntryPoint","urlTemplate":"https:\/\/zaes.es\/?s={search_term_string}"},"query-input":{"@type":"PropertyValueSpecification","valueRequired":true,"valueName":"search_term_string"}}],"inLanguage":"es-CL"},{"@type":"Organization","@id":"https:\/\/zaes.es\/#organization","name":"V\u00e1lvulas de Seguridad - Zaes","url":"https:\/\/zaes.es\/","logo":{"@type":"ImageObject","inLanguage":"es-CL","@id":"https:\/\/zaes.es\/#\/schema\/logo\/image\/","url":"https:\/\/zaes.es\/wp-content\/uploads\/2017\/07\/cropped-zaes-logofooter.png","contentUrl":"https:\/\/zaes.es\/wp-content\/uploads\/2017\/07\/cropped-zaes-logofooter.png","width":233,"height":85,"caption":"V\u00e1lvulas de Seguridad - Zaes"},"image":{"@id":"https:\/\/zaes.es\/#\/schema\/logo\/image\/"}}]}},"_links":{"self":[{"href":"https:\/\/zaes.es\/es_cl\/wp-json\/wp\/v2\/product\/988606","targetHints":{"allow":["GET"]}}],"collection":[{"href":"https:\/\/zaes.es\/es_cl\/wp-json\/wp\/v2\/product"}],"about":[{"href":"https:\/\/zaes.es\/es_cl\/wp-json\/wp\/v2\/types\/product"}],"wp:featuredmedia":[{"embeddable":true,"href":"https:\/\/zaes.es\/es_cl\/wp-json\/wp\/v2\/media\/988607"}],"wp:attachment":[{"href":"https:\/\/zaes.es\/es_cl\/wp-json\/wp\/v2\/media?parent=988606"}],"wp:term":[{"taxonomy":"product_brand","embeddable":true,"href":"https:\/\/zaes.es\/es_cl\/wp-json\/wp\/v2\/product_brand?post=988606"},{"taxonomy":"product_cat","embeddable":true,"href":"https:\/\/zaes.es\/es_cl\/wp-json\/wp\/v2\/product_cat?post=988606"},{"taxonomy":"product_tag","embeddable":true,"href":"https:\/\/zaes.es\/es_cl\/wp-json\/wp\/v2\/product_tag?post=988606"}],"curies":[{"name":"wp","href":"https:\/\/api.w.org\/{rel}","templated":true}]}}