{"id":703,"date":"2011-05-20T18:51:43","date_gmt":"2011-05-21T01:51:43","guid":{"rendered":"http:\/\/wpthemetestdata.wordpress.com\/?page_id=703"},"modified":"2024-12-02T09:16:11","modified_gmt":"2024-12-02T09:16:11","slug":"noticias","status":"publish","type":"page","link":"https:\/\/zaes.es\/es_co\/noticias\/","title":{"rendered":"Noticias"},"content":{"rendered":"<div class=\"vgblk-rw-wrapper limit-wrapper\">\n<h1>\n\t\tTodo lo que debes saber sobre<br \/><strong>v\u00e1lvulas ZAES<\/strong>\n\t<\/h1>\n\n<\/div><!-- .vgblk-rw-wrapper -->","protected":false},"excerpt":{"rendered":"<p>Todo lo que debes saber sobrev\u00e1lvulas ZAES<\/p>","protected":false},"author":1,"featured_media":0,"parent":0,"menu_order":0,"comment_status":"open","ping_status":"closed","template":"","meta":{"inline_featured_image":false,"footnotes":""},"class_list":["post-703","page","type-page","status-publish","hentry"],"yoast_head":"<!-- This site is optimized with the Yoast SEO plugin v27.0 - https:\/\/yoast.com\/product\/yoast-seo-wordpress\/ -->\n<title>Noticias ZAES - Zaes - Fabricantes de V\u00e1lvulas de seguridad<\/title>\n<meta name=\"description\" content=\"Mantengase al tanto de todas las noticias relacionadas con las v\u00e1lvulas de ZAES en nuestra secci\u00f3n de Noticias\" \/>\n<meta name=\"robots\" content=\"index, follow, max-snippet:-1, max-image-preview:large, max-video-preview:-1\" \/>\n<link rel=\"canonical\" href=\"https:\/\/zaes.es\/es_co\/noticias\/\" \/>\n<meta property=\"og:locale\" content=\"es_ES\" \/>\n<meta property=\"og:type\" content=\"article\" \/>\n<meta property=\"og:title\" content=\"Noticias ZAES - Zaes - Fabricantes de V\u00e1lvulas de seguridad\" \/>\n<meta property=\"og:description\" content=\"Mantengase al tanto de todas las noticias relacionadas con las v\u00e1lvulas de ZAES en nuestra secci\u00f3n de Noticias\" \/>\n<meta property=\"og:url\" content=\"https:\/\/zaes.es\/es_co\/noticias\/\" \/>\n<meta property=\"og:site_name\" content=\"V\u00e1lvulas de Seguridad - Zaes\" \/>\n<meta property=\"article:modified_time\" content=\"2024-12-02T09:16:11+00:00\" \/>\n<meta name=\"twitter:card\" content=\"summary_large_image\" \/>\n<meta name=\"twitter:label1\" content=\"Tiempo de lectura\" \/>\n\t<meta name=\"twitter:data1\" content=\"1 minuto\" \/>\n<script type=\"application\/ld+json\" class=\"yoast-schema-graph\">{\"@context\":\"https:\/\/schema.org\",\"@graph\":[{\"@type\":\"WebPage\",\"@id\":\"https:\/\/zaes.es\/noticias\/\",\"url\":\"https:\/\/zaes.es\/noticias\/\",\"name\":\"Noticias ZAES - Zaes - Fabricantes de V\u00e1lvulas de seguridad\",\"isPartOf\":{\"@id\":\"https:\/\/zaes.es\/#website\"},\"datePublished\":\"2011-05-21T01:51:43+00:00\",\"dateModified\":\"2024-12-02T09:16:11+00:00\",\"description\":\"Mantengase al tanto de todas las noticias relacionadas con las v\u00e1lvulas de ZAES en nuestra secci\u00f3n de Noticias\",\"breadcrumb\":{\"@id\":\"https:\/\/zaes.es\/noticias\/#breadcrumb\"},\"inLanguage\":\"es-CO\",\"potentialAction\":[{\"@type\":\"ReadAction\",\"target\":[\"https:\/\/zaes.es\/noticias\/\"]}]},{\"@type\":\"BreadcrumbList\",\"@id\":\"https:\/\/zaes.es\/noticias\/#breadcrumb\",\"itemListElement\":[{\"@type\":\"ListItem\",\"position\":1,\"name\":\"Portada\",\"item\":\"https:\/\/zaes.es\/\"},{\"@type\":\"ListItem\",\"position\":2,\"name\":\"Noticias\"}]},{\"@type\":\"WebSite\",\"@id\":\"https:\/\/zaes.es\/#website\",\"url\":\"https:\/\/zaes.es\/\",\"name\":\"V\u00e1lvulas de Seguridad - Zaes\",\"description\":\"\",\"publisher\":{\"@id\":\"https:\/\/zaes.es\/#organization\"},\"potentialAction\":[{\"@type\":\"SearchAction\",\"target\":{\"@type\":\"EntryPoint\",\"urlTemplate\":\"https:\/\/zaes.es\/?s={search_term_string}\"},\"query-input\":{\"@type\":\"PropertyValueSpecification\",\"valueRequired\":true,\"valueName\":\"search_term_string\"}}],\"inLanguage\":\"es-CO\"},{\"@type\":\"Organization\",\"@id\":\"https:\/\/zaes.es\/#organization\",\"name\":\"V\u00e1lvulas de Seguridad - Zaes\",\"url\":\"https:\/\/zaes.es\/\",\"logo\":{\"@type\":\"ImageObject\",\"inLanguage\":\"es-CO\",\"@id\":\"https:\/\/zaes.es\/#\/schema\/logo\/image\/\",\"url\":\"https:\/\/zaes.es\/wp-content\/uploads\/2017\/07\/cropped-zaes-logofooter.png\",\"contentUrl\":\"https:\/\/zaes.es\/wp-content\/uploads\/2017\/07\/cropped-zaes-logofooter.png\",\"width\":233,\"height\":85,\"caption\":\"V\u00e1lvulas de Seguridad - Zaes\"},\"image\":{\"@id\":\"https:\/\/zaes.es\/#\/schema\/logo\/image\/\"}}]}<\/script>\n<!-- \/ Yoast SEO plugin. -->","yoast_head_json":{"title":"Noticias ZAES - Zaes - Fabricantes de V\u00e1lvulas de seguridad","description":"Mantengase al tanto de todas las noticias relacionadas con las v\u00e1lvulas de ZAES en nuestra secci\u00f3n de Noticias","robots":{"index":"index","follow":"follow","max-snippet":"max-snippet:-1","max-image-preview":"max-image-preview:large","max-video-preview":"max-video-preview:-1"},"canonical":"https:\/\/zaes.es\/es_co\/noticias\/","og_locale":"es_ES","og_type":"article","og_title":"Noticias ZAES - Zaes - Fabricantes de V\u00e1lvulas de seguridad","og_description":"Mantengase al tanto de todas las noticias relacionadas con las v\u00e1lvulas de ZAES en nuestra secci\u00f3n de Noticias","og_url":"https:\/\/zaes.es\/es_co\/noticias\/","og_site_name":"V\u00e1lvulas de Seguridad - Zaes","article_modified_time":"2024-12-02T09:16:11+00:00","twitter_card":"summary_large_image","twitter_misc":{"Tiempo de lectura":"1 minuto"},"schema":{"@context":"https:\/\/schema.org","@graph":[{"@type":"WebPage","@id":"https:\/\/zaes.es\/noticias\/","url":"https:\/\/zaes.es\/noticias\/","name":"Noticias ZAES - Zaes - Fabricantes de V\u00e1lvulas de seguridad","isPartOf":{"@id":"https:\/\/zaes.es\/#website"},"datePublished":"2011-05-21T01:51:43+00:00","dateModified":"2024-12-02T09:16:11+00:00","description":"Mantengase al tanto de todas las noticias relacionadas con las v\u00e1lvulas de ZAES en nuestra secci\u00f3n de Noticias","breadcrumb":{"@id":"https:\/\/zaes.es\/noticias\/#breadcrumb"},"inLanguage":"es-CO","potentialAction":[{"@type":"ReadAction","target":["https:\/\/zaes.es\/noticias\/"]}]},{"@type":"BreadcrumbList","@id":"https:\/\/zaes.es\/noticias\/#breadcrumb","itemListElement":[{"@type":"ListItem","position":1,"name":"Portada","item":"https:\/\/zaes.es\/"},{"@type":"ListItem","position":2,"name":"Noticias"}]},{"@type":"WebSite","@id":"https:\/\/zaes.es\/#website","url":"https:\/\/zaes.es\/","name":"V\u00e1lvulas de Seguridad - Zaes","description":"","publisher":{"@id":"https:\/\/zaes.es\/#organization"},"potentialAction":[{"@type":"SearchAction","target":{"@type":"EntryPoint","urlTemplate":"https:\/\/zaes.es\/?s={search_term_string}"},"query-input":{"@type":"PropertyValueSpecification","valueRequired":true,"valueName":"search_term_string"}}],"inLanguage":"es-CO"},{"@type":"Organization","@id":"https:\/\/zaes.es\/#organization","name":"V\u00e1lvulas de Seguridad - Zaes","url":"https:\/\/zaes.es\/","logo":{"@type":"ImageObject","inLanguage":"es-CO","@id":"https:\/\/zaes.es\/#\/schema\/logo\/image\/","url":"https:\/\/zaes.es\/wp-content\/uploads\/2017\/07\/cropped-zaes-logofooter.png","contentUrl":"https:\/\/zaes.es\/wp-content\/uploads\/2017\/07\/cropped-zaes-logofooter.png","width":233,"height":85,"caption":"V\u00e1lvulas de Seguridad - Zaes"},"image":{"@id":"https:\/\/zaes.es\/#\/schema\/logo\/image\/"}}]}},"_links":{"self":[{"href":"https:\/\/zaes.es\/es_co\/wp-json\/wp\/v2\/pages\/703","targetHints":{"allow":["GET"]}}],"collection":[{"href":"https:\/\/zaes.es\/es_co\/wp-json\/wp\/v2\/pages"}],"about":[{"href":"https:\/\/zaes.es\/es_co\/wp-json\/wp\/v2\/types\/page"}],"author":[{"embeddable":true,"href":"https:\/\/zaes.es\/es_co\/wp-json\/wp\/v2\/users\/1"}],"replies":[{"embeddable":true,"href":"https:\/\/zaes.es\/es_co\/wp-json\/wp\/v2\/comments?post=703"}],"version-history":[{"count":17,"href":"https:\/\/zaes.es\/es_co\/wp-json\/wp\/v2\/pages\/703\/revisions"}],"predecessor-version":[{"id":991025,"href":"https:\/\/zaes.es\/es_co\/wp-json\/wp\/v2\/pages\/703\/revisions\/991025"}],"wp:attachment":[{"href":"https:\/\/zaes.es\/es_co\/wp-json\/wp\/v2\/media?parent=703"}],"curies":[{"name":"wp","href":"https:\/\/api.w.org\/{rel}","templated":true}]}}