{"id":988549,"date":"2022-02-15T13:27:01","date_gmt":"2022-02-15T13:27:01","guid":{"rendered":"http:\/\/ceaseformacion.com\/zaes\/?post_type=product&#038;p=988549"},"modified":"2025-07-02T12:25:23","modified_gmt":"2025-07-02T12:25:23","slug":"valvula-de-seguridad-proporcional-cod-v73-con-escape-conducido-embridada-certificada-ce-segun-directiva-europea-de-equipos-a-presion-ped-2014-68-ue-y-fabricada-bajo-iso-4126%e2%80%9012004","status":"publish","type":"product","link":"https:\/\/zaes.es\/es_cr\/producto\/valvula-de-seguridad-proporcional-cod-v73-con-escape-conducido-embridada-certificada-ce-segun-directiva-europea-de-equipos-a-presion-ped-2014-68-ue-y-fabricada-bajo-iso-4126%e2%80%9012004\/","title":{"rendered":"V\u00e1lvula de seguridad proporcional Cod. V73 con escape conducido embridada Certificada CE seg\u00fan directiva europea de equipos a presi\u00f3n PED 2014\/68\/UE y fabricada bajo ISO 4126\u20101:2004"},"content":{"rendered":"<div class=\"vgblk-rw-wrapper limit-wrapper\">\r\n<h2>Te contamos m\u00e1s sobre la V\u00e1lvula de seguridad proporcional Cod. V73 con escape conducido embridada Certificada CE seg\u00fan directiva europea de equipos a presi\u00f3n PED 2014\/68\/UE y fabricada bajo ISO 4126\u20101:2004<\/h2>\r\n<h3>Materiales disponibles:<\/h3>\r\n<p>&#8211; Hierro: fundici\u00f3n gris y nodular<br \/>&#8211; Acero carbono<br \/>&#8211; Acero resistente a \u00e1cidos<\/p>\r\n<h3>Consejos de Instalaci\u00f3n<\/h3>\r\n<p><strong>Nota<\/strong>: La correcta manipulaci\u00f3n e instalaci\u00f3n en una v\u00e1lvula de seguridad son claves para evitar el mal funcionamiento del dispositivo.<\/p>\r\n<p>&#8211; Limpiar las conexiones de entrada y salida para evitar impurezas que puedan da\u00f1ar el sistema de cierre.<br \/>&#8211; Evitar componentes que provoquen perdidas de carga (v\u00e1lvulas de corte, prolongaciones de tuberia, etc) entre el sistema\/equipo y la v\u00e1lvula de seguridad<br \/>&#8211; El di\u00e1metro de la conexi\u00f3n debe ser como m\u00ednimo el mismo que la entrada de la v\u00e1lvula.<br \/>&#8211; Instalar siempre en posici\u00f3n vertical.<br \/>&#8211; La descarga genera contrapresiones que deben ser tenidas en cuenta a la hora de la correcta selecci\u00f3n del tama\u00f1o y modelo de v\u00e1lvula.<br \/>&#8211; No utilizar juntas de sellado que desprendan residuos.<br \/>&#8211; En l\u00edneas de vapor no instalar nunca la v\u00e1lvula bajo el nivel de la tuber\u00eda.<br \/>&#8211; Consulte las particularidades de instalaci\u00f3n seg\u00fan la legislacion vigente en el emplazamiento final<\/p>\r\n<h3>Embalaje:<\/h3>\r\n<p>Las v\u00e1lvulas se entregan con tapones en los\u00a0 orificios de entrada y salida para evitar el deterioro de los elementos internos y la<br \/>entrada de polvo. Instrucciones de montaje incluidas. <img loading=\"lazy\" decoding=\"async\" title=\"DIMENS~1\" src=\"https:\/\/zaes.es\/wp-content\/uploads\/2022\/02\/DIMENS1-18.png\" sizes=\"auto, (max-width: 768px) 100vw, 100vw\" srcset=\"https:\/\/zaes.es\/wp-content\/uploads\/2022\/02\/DIMENS1-18.png 1454w, https:\/\/zaes.es\/wp-content\/uploads\/2022\/02\/DIMENS1-18-300x110.png 300w, https:\/\/zaes.es\/wp-content\/uploads\/2022\/02\/DIMENS1-18-1024x376.png 1024w, https:\/\/zaes.es\/wp-content\/uploads\/2022\/02\/DIMENS1-18-768x282.png 768w, https:\/\/zaes.es\/wp-content\/uploads\/2022\/02\/DIMENS1-18-1400x514.png 1400w, https:\/\/zaes.es\/wp-content\/uploads\/2022\/02\/DIMENS1-18-700x257.png 700w, https:\/\/zaes.es\/wp-content\/uploads\/2022\/02\/DIMENS1-18-466x171.png 466w, https:\/\/zaes.es\/wp-content\/uploads\/2022\/02\/DIMENS1-18-933x343.png 933w, https:\/\/zaes.es\/wp-content\/uploads\/2022\/02\/DIMENS1-18-350x129.png 350w\" alt=\"dimensiones V\u00e1lvula de seguridad Cod. V70.78 con escape conducido conexi\u00f3n embridada con palanca de actuacion\" width=\"1454\" height=\"534\" \/><\/p>\r\n<\/div><!-- .vgblk-rw-wrapper -->","protected":false},"excerpt":{"rendered":"<p>V\u00e1lvula de seguridad escape conducido de alivio por sobre presi\u00f3n en tuber\u00edas o recipientes a presi\u00f3n. Sistema de actuaci\u00f3n por muelle directo.<\/p>\n<p>Conexi\u00f3n entrada embridad seg\u00fan normas ISO y ANSI. Materiales de fabricaci\u00f3n seg\u00fan necesidades de equipo o proceso a proteger (Hierro: fundici\u00f3n gris, acero carbono y acero <br \/>resistente a \u00e1cidos). Puede suministrarse regulada y precintada a la presi\u00f3n requerida por el cliente, con el correspondiente certificado CE unitario.<\/p>\n<p>Incluye elemento de precinto. Capuch\u00f3n para asegurar la total hermeticidad del conjunto y evitar manipulaci\u00f3n.<\/p>\n<p>Muelles con rango de ajuste desde 0.5 hasta 40 Bar g de presi\u00f3n<\/p>\n<p>Categoria ATEX: II 3 G TX<\/p>\n<div class=\"ButtonProduct\">\n<p><a href=\"https:\/\/zaes.es\/Catalogos_de_Productos\/Valvulas_de_Seguridad\/Valvulas_de_seguridad_bridadas_ISO_ANSI\/Valvula_de_seguridad_proporcional_Cod.V73_escape_conducido_embridada.pdf\" target=\"_blank\" rel=\"noopener\">DESCARGAR PDF<\/a><\/p>\n<\/div>","protected":false},"featured_media":988582,"template":"","meta":{"inline_featured_image":false},"product_brand":[],"product_cat":[68,87],"product_tag":[94,95,96,93],"class_list":{"0":"post-988549","1":"product","2":"type-product","3":"status-publish","4":"has-post-thumbnail","6":"product_cat-valvula-de-seguridad","7":"product_cat-valvulas-de-seguridad-con-conexion-bridadas-segun-iso-y-ansi","8":"product_tag-gases-y-criogenia","9":"product_tag-gestion-del-agua-agua-potable-y-aguas-residuales","10":"product_tag-limpieza-urbana-y-gestion-de-residuos","11":"product_tag-petroquimica-y-combustibles","13":"first","14":"instock","15":"shipping-taxable","16":"product-type-simple"},"yoast_head":"<!-- This site is optimized with the Yoast SEO plugin v27.3 - https:\/\/yoast.com\/product\/yoast-seo-wordpress\/ -->\n<title>V\u00e1lvula de seguridad proporcional Cod. V73 con escape conducido embridada Certificada CE. - V\u00e1lvulas de Seguridad - Zaes<\/title>\n<meta name=\"description\" content=\"V\u00e1lvula de seguridad escape conducido de alivio por sobre presi\u00f3n en tuber\u00edas o recipientes a presi\u00f3n. Sistema de actuaci\u00f3n por muelle directo.\" \/>\n<meta name=\"robots\" content=\"index, follow, max-snippet:-1, max-image-preview:large, max-video-preview:-1\" \/>\n<link rel=\"canonical\" href=\"https:\/\/zaes.es\/es_cr\/producto\/valvula-de-seguridad-proporcional-cod-v73-con-escape-conducido-embridada-certificada-ce-segun-directiva-europea-de-equipos-a-presion-ped-2014-68-ue-y-fabricada-bajo-iso-4126\u201012004\/\" \/>\n<meta property=\"og:locale\" content=\"es_ES\" \/>\n<meta property=\"og:type\" content=\"article\" \/>\n<meta property=\"og:title\" content=\"V\u00e1lvula de seguridad proporcional Cod. V73 con escape conducido embridada Certificada CE. - V\u00e1lvulas de Seguridad - Zaes\" \/>\n<meta property=\"og:description\" content=\"V\u00e1lvula de seguridad escape conducido de alivio por sobre presi\u00f3n en tuber\u00edas o recipientes a presi\u00f3n. Sistema de actuaci\u00f3n por muelle directo.\" \/>\n<meta property=\"og:url\" content=\"https:\/\/zaes.es\/es_cr\/producto\/valvula-de-seguridad-proporcional-cod-v73-con-escape-conducido-embridada-certificada-ce-segun-directiva-europea-de-equipos-a-presion-ped-2014-68-ue-y-fabricada-bajo-iso-4126\u201012004\/\" \/>\n<meta property=\"og:site_name\" content=\"V\u00e1lvulas de Seguridad - Zaes\" \/>\n<meta property=\"article:modified_time\" content=\"2025-07-02T12:25:23+00:00\" \/>\n<meta property=\"og:image\" content=\"https:\/\/zaes.es\/wp-content\/uploads\/2022\/02\/VLVULA1-18.jpg\" \/>\n\t<meta property=\"og:image:width\" content=\"1000\" \/>\n\t<meta property=\"og:image:height\" content=\"1000\" \/>\n\t<meta property=\"og:image:type\" content=\"image\/jpeg\" \/>\n<meta name=\"twitter:card\" content=\"summary_large_image\" \/>\n<meta name=\"twitter:label1\" content=\"Est. reading time\" \/>\n\t<meta name=\"twitter:data1\" content=\"2 minutos\" \/>\n<script type=\"application\/ld+json\" class=\"yoast-schema-graph\">{\"@context\":\"https:\\\/\\\/schema.org\",\"@graph\":[{\"@type\":\"WebPage\",\"@id\":\"https:\\\/\\\/zaes.es\\\/es_cr\\\/producto\\\/valvula-de-seguridad-proporcional-cod-v73-con-escape-conducido-embridada-certificada-ce-segun-directiva-europea-de-equipos-a-presion-ped-2014-68-ue-y-fabricada-bajo-iso-4126%e2%80%9012004\\\/\",\"url\":\"https:\\\/\\\/zaes.es\\\/es_cr\\\/producto\\\/valvula-de-seguridad-proporcional-cod-v73-con-escape-conducido-embridada-certificada-ce-segun-directiva-europea-de-equipos-a-presion-ped-2014-68-ue-y-fabricada-bajo-iso-4126%e2%80%9012004\\\/\",\"name\":\"V\u00e1lvula de seguridad proporcional Cod. V73 con escape conducido embridada Certificada CE. - V\u00e1lvulas de Seguridad - Zaes\",\"isPartOf\":{\"@id\":\"https:\\\/\\\/zaes.es\\\/#website\"},\"primaryImageOfPage\":{\"@id\":\"https:\\\/\\\/zaes.es\\\/es_cr\\\/producto\\\/valvula-de-seguridad-proporcional-cod-v73-con-escape-conducido-embridada-certificada-ce-segun-directiva-europea-de-equipos-a-presion-ped-2014-68-ue-y-fabricada-bajo-iso-4126%e2%80%9012004\\\/#primaryimage\"},\"image\":{\"@id\":\"https:\\\/\\\/zaes.es\\\/es_cr\\\/producto\\\/valvula-de-seguridad-proporcional-cod-v73-con-escape-conducido-embridada-certificada-ce-segun-directiva-europea-de-equipos-a-presion-ped-2014-68-ue-y-fabricada-bajo-iso-4126%e2%80%9012004\\\/#primaryimage\"},\"thumbnailUrl\":\"https:\\\/\\\/zaes.es\\\/wp-content\\\/uploads\\\/2022\\\/02\\\/VLVULA1-18.jpg\",\"datePublished\":\"2022-02-15T13:27:01+00:00\",\"dateModified\":\"2025-07-02T12:25:23+00:00\",\"description\":\"V\u00e1lvula de seguridad escape conducido de alivio por sobre presi\u00f3n en tuber\u00edas o recipientes a presi\u00f3n. Sistema de actuaci\u00f3n por muelle directo.\",\"breadcrumb\":{\"@id\":\"https:\\\/\\\/zaes.es\\\/es_cr\\\/producto\\\/valvula-de-seguridad-proporcional-cod-v73-con-escape-conducido-embridada-certificada-ce-segun-directiva-europea-de-equipos-a-presion-ped-2014-68-ue-y-fabricada-bajo-iso-4126%e2%80%9012004\\\/#breadcrumb\"},\"inLanguage\":\"es-CR\",\"potentialAction\":[{\"@type\":\"ReadAction\",\"target\":[\"https:\\\/\\\/zaes.es\\\/es_cr\\\/producto\\\/valvula-de-seguridad-proporcional-cod-v73-con-escape-conducido-embridada-certificada-ce-segun-directiva-europea-de-equipos-a-presion-ped-2014-68-ue-y-fabricada-bajo-iso-4126%e2%80%9012004\\\/\"]}]},{\"@type\":\"ImageObject\",\"inLanguage\":\"es-CR\",\"@id\":\"https:\\\/\\\/zaes.es\\\/es_cr\\\/producto\\\/valvula-de-seguridad-proporcional-cod-v73-con-escape-conducido-embridada-certificada-ce-segun-directiva-europea-de-equipos-a-presion-ped-2014-68-ue-y-fabricada-bajo-iso-4126%e2%80%9012004\\\/#primaryimage\",\"url\":\"https:\\\/\\\/zaes.es\\\/wp-content\\\/uploads\\\/2022\\\/02\\\/VLVULA1-18.jpg\",\"contentUrl\":\"https:\\\/\\\/zaes.es\\\/wp-content\\\/uploads\\\/2022\\\/02\\\/VLVULA1-18.jpg\",\"width\":1000,\"height\":1000,\"caption\":\"V\u00e1lvula de seguridad Cod. V70.01,V70.02,V70.03 con escape conducido y conexion roscada Macho x Hembra\"},{\"@type\":\"BreadcrumbList\",\"@id\":\"https:\\\/\\\/zaes.es\\\/es_cr\\\/producto\\\/valvula-de-seguridad-proporcional-cod-v73-con-escape-conducido-embridada-certificada-ce-segun-directiva-europea-de-equipos-a-presion-ped-2014-68-ue-y-fabricada-bajo-iso-4126%e2%80%9012004\\\/#breadcrumb\",\"itemListElement\":[{\"@type\":\"ListItem\",\"position\":1,\"name\":\"Portada\",\"item\":\"https:\\\/\\\/zaes.es\\\/\"},{\"@type\":\"ListItem\",\"position\":2,\"name\":\"Shop\",\"item\":\"https:\\\/\\\/zaes.es\\\/shop\\\/\"},{\"@type\":\"ListItem\",\"position\":3,\"name\":\"V\u00e1lvula de Seguridad\",\"item\":\"https:\\\/\\\/zaes.es\\\/es_cr\\\/categoria-producto\\\/valvula-de-seguridad\\\/\"},{\"@type\":\"ListItem\",\"position\":4,\"name\":\"V\u00e1lvula de seguridad proporcional Cod. V73 con escape conducido embridada Certificada CE seg\u00fan directiva europea de equipos a presi\u00f3n PED 2014\\\/68\\\/UE y fabricada bajo ISO 4126\u20101:2004\"}]},{\"@type\":\"WebSite\",\"@id\":\"https:\\\/\\\/zaes.es\\\/#website\",\"url\":\"https:\\\/\\\/zaes.es\\\/\",\"name\":\"V\u00e1lvulas de Seguridad - Zaes\",\"description\":\"\",\"publisher\":{\"@id\":\"https:\\\/\\\/zaes.es\\\/#organization\"},\"potentialAction\":[{\"@type\":\"SearchAction\",\"target\":{\"@type\":\"EntryPoint\",\"urlTemplate\":\"https:\\\/\\\/zaes.es\\\/?s={search_term_string}\"},\"query-input\":{\"@type\":\"PropertyValueSpecification\",\"valueRequired\":true,\"valueName\":\"search_term_string\"}}],\"inLanguage\":\"es-CR\"},{\"@type\":\"Organization\",\"@id\":\"https:\\\/\\\/zaes.es\\\/#organization\",\"name\":\"V\u00e1lvulas de Seguridad - Zaes\",\"url\":\"https:\\\/\\\/zaes.es\\\/\",\"logo\":{\"@type\":\"ImageObject\",\"inLanguage\":\"es-CR\",\"@id\":\"https:\\\/\\\/zaes.es\\\/#\\\/schema\\\/logo\\\/image\\\/\",\"url\":\"https:\\\/\\\/zaes.es\\\/wp-content\\\/uploads\\\/2017\\\/07\\\/cropped-zaes-logofooter.png\",\"contentUrl\":\"https:\\\/\\\/zaes.es\\\/wp-content\\\/uploads\\\/2017\\\/07\\\/cropped-zaes-logofooter.png\",\"width\":233,\"height\":85,\"caption\":\"V\u00e1lvulas de Seguridad - Zaes\"},\"image\":{\"@id\":\"https:\\\/\\\/zaes.es\\\/#\\\/schema\\\/logo\\\/image\\\/\"}}]}<\/script>\n<!-- \/ Yoast SEO plugin. -->","yoast_head_json":{"title":"V\u00e1lvula de seguridad proporcional Cod. V73 con escape conducido embridada Certificada CE. - V\u00e1lvulas de Seguridad - Zaes","description":"V\u00e1lvula de seguridad escape conducido de alivio por sobre presi\u00f3n en tuber\u00edas o recipientes a presi\u00f3n. Sistema de actuaci\u00f3n por muelle directo.","robots":{"index":"index","follow":"follow","max-snippet":"max-snippet:-1","max-image-preview":"max-image-preview:large","max-video-preview":"max-video-preview:-1"},"canonical":"https:\/\/zaes.es\/es_cr\/producto\/valvula-de-seguridad-proporcional-cod-v73-con-escape-conducido-embridada-certificada-ce-segun-directiva-europea-de-equipos-a-presion-ped-2014-68-ue-y-fabricada-bajo-iso-4126\u201012004\/","og_locale":"es_ES","og_type":"article","og_title":"V\u00e1lvula de seguridad proporcional Cod. V73 con escape conducido embridada Certificada CE. - V\u00e1lvulas de Seguridad - Zaes","og_description":"V\u00e1lvula de seguridad escape conducido de alivio por sobre presi\u00f3n en tuber\u00edas o recipientes a presi\u00f3n. Sistema de actuaci\u00f3n por muelle directo.","og_url":"https:\/\/zaes.es\/es_cr\/producto\/valvula-de-seguridad-proporcional-cod-v73-con-escape-conducido-embridada-certificada-ce-segun-directiva-europea-de-equipos-a-presion-ped-2014-68-ue-y-fabricada-bajo-iso-4126\u201012004\/","og_site_name":"V\u00e1lvulas de Seguridad - Zaes","article_modified_time":"2025-07-02T12:25:23+00:00","og_image":[{"width":1000,"height":1000,"url":"https:\/\/zaes.es\/wp-content\/uploads\/2022\/02\/VLVULA1-18.jpg","type":"image\/jpeg"}],"twitter_card":"summary_large_image","twitter_misc":{"Est. reading time":"2 minutos"},"schema":{"@context":"https:\/\/schema.org","@graph":[{"@type":"WebPage","@id":"https:\/\/zaes.es\/es_cr\/producto\/valvula-de-seguridad-proporcional-cod-v73-con-escape-conducido-embridada-certificada-ce-segun-directiva-europea-de-equipos-a-presion-ped-2014-68-ue-y-fabricada-bajo-iso-4126%e2%80%9012004\/","url":"https:\/\/zaes.es\/es_cr\/producto\/valvula-de-seguridad-proporcional-cod-v73-con-escape-conducido-embridada-certificada-ce-segun-directiva-europea-de-equipos-a-presion-ped-2014-68-ue-y-fabricada-bajo-iso-4126%e2%80%9012004\/","name":"V\u00e1lvula de seguridad proporcional Cod. V73 con escape conducido embridada Certificada CE. - V\u00e1lvulas de Seguridad - Zaes","isPartOf":{"@id":"https:\/\/zaes.es\/#website"},"primaryImageOfPage":{"@id":"https:\/\/zaes.es\/es_cr\/producto\/valvula-de-seguridad-proporcional-cod-v73-con-escape-conducido-embridada-certificada-ce-segun-directiva-europea-de-equipos-a-presion-ped-2014-68-ue-y-fabricada-bajo-iso-4126%e2%80%9012004\/#primaryimage"},"image":{"@id":"https:\/\/zaes.es\/es_cr\/producto\/valvula-de-seguridad-proporcional-cod-v73-con-escape-conducido-embridada-certificada-ce-segun-directiva-europea-de-equipos-a-presion-ped-2014-68-ue-y-fabricada-bajo-iso-4126%e2%80%9012004\/#primaryimage"},"thumbnailUrl":"https:\/\/zaes.es\/wp-content\/uploads\/2022\/02\/VLVULA1-18.jpg","datePublished":"2022-02-15T13:27:01+00:00","dateModified":"2025-07-02T12:25:23+00:00","description":"V\u00e1lvula de seguridad escape conducido de alivio por sobre presi\u00f3n en tuber\u00edas o recipientes a presi\u00f3n. Sistema de actuaci\u00f3n por muelle directo.","breadcrumb":{"@id":"https:\/\/zaes.es\/es_cr\/producto\/valvula-de-seguridad-proporcional-cod-v73-con-escape-conducido-embridada-certificada-ce-segun-directiva-europea-de-equipos-a-presion-ped-2014-68-ue-y-fabricada-bajo-iso-4126%e2%80%9012004\/#breadcrumb"},"inLanguage":"es-CR","potentialAction":[{"@type":"ReadAction","target":["https:\/\/zaes.es\/es_cr\/producto\/valvula-de-seguridad-proporcional-cod-v73-con-escape-conducido-embridada-certificada-ce-segun-directiva-europea-de-equipos-a-presion-ped-2014-68-ue-y-fabricada-bajo-iso-4126%e2%80%9012004\/"]}]},{"@type":"ImageObject","inLanguage":"es-CR","@id":"https:\/\/zaes.es\/es_cr\/producto\/valvula-de-seguridad-proporcional-cod-v73-con-escape-conducido-embridada-certificada-ce-segun-directiva-europea-de-equipos-a-presion-ped-2014-68-ue-y-fabricada-bajo-iso-4126%e2%80%9012004\/#primaryimage","url":"https:\/\/zaes.es\/wp-content\/uploads\/2022\/02\/VLVULA1-18.jpg","contentUrl":"https:\/\/zaes.es\/wp-content\/uploads\/2022\/02\/VLVULA1-18.jpg","width":1000,"height":1000,"caption":"V\u00e1lvula de seguridad Cod. V70.01,V70.02,V70.03 con escape conducido y conexion roscada Macho x Hembra"},{"@type":"BreadcrumbList","@id":"https:\/\/zaes.es\/es_cr\/producto\/valvula-de-seguridad-proporcional-cod-v73-con-escape-conducido-embridada-certificada-ce-segun-directiva-europea-de-equipos-a-presion-ped-2014-68-ue-y-fabricada-bajo-iso-4126%e2%80%9012004\/#breadcrumb","itemListElement":[{"@type":"ListItem","position":1,"name":"Portada","item":"https:\/\/zaes.es\/"},{"@type":"ListItem","position":2,"name":"Shop","item":"https:\/\/zaes.es\/shop\/"},{"@type":"ListItem","position":3,"name":"V\u00e1lvula de Seguridad","item":"https:\/\/zaes.es\/es_cr\/categoria-producto\/valvula-de-seguridad\/"},{"@type":"ListItem","position":4,"name":"V\u00e1lvula de seguridad proporcional Cod. V73 con escape conducido embridada Certificada CE seg\u00fan directiva europea de equipos a presi\u00f3n PED 2014\/68\/UE y fabricada bajo ISO 4126\u20101:2004"}]},{"@type":"WebSite","@id":"https:\/\/zaes.es\/#website","url":"https:\/\/zaes.es\/","name":"V\u00e1lvulas de Seguridad - Zaes","description":"","publisher":{"@id":"https:\/\/zaes.es\/#organization"},"potentialAction":[{"@type":"SearchAction","target":{"@type":"EntryPoint","urlTemplate":"https:\/\/zaes.es\/?s={search_term_string}"},"query-input":{"@type":"PropertyValueSpecification","valueRequired":true,"valueName":"search_term_string"}}],"inLanguage":"es-CR"},{"@type":"Organization","@id":"https:\/\/zaes.es\/#organization","name":"V\u00e1lvulas de Seguridad - Zaes","url":"https:\/\/zaes.es\/","logo":{"@type":"ImageObject","inLanguage":"es-CR","@id":"https:\/\/zaes.es\/#\/schema\/logo\/image\/","url":"https:\/\/zaes.es\/wp-content\/uploads\/2017\/07\/cropped-zaes-logofooter.png","contentUrl":"https:\/\/zaes.es\/wp-content\/uploads\/2017\/07\/cropped-zaes-logofooter.png","width":233,"height":85,"caption":"V\u00e1lvulas de Seguridad - Zaes"},"image":{"@id":"https:\/\/zaes.es\/#\/schema\/logo\/image\/"}}]}},"_links":{"self":[{"href":"https:\/\/zaes.es\/es_cr\/wp-json\/wp\/v2\/product\/988549","targetHints":{"allow":["GET"]}}],"collection":[{"href":"https:\/\/zaes.es\/es_cr\/wp-json\/wp\/v2\/product"}],"about":[{"href":"https:\/\/zaes.es\/es_cr\/wp-json\/wp\/v2\/types\/product"}],"wp:featuredmedia":[{"embeddable":true,"href":"https:\/\/zaes.es\/es_cr\/wp-json\/wp\/v2\/media\/988582"}],"wp:attachment":[{"href":"https:\/\/zaes.es\/es_cr\/wp-json\/wp\/v2\/media?parent=988549"}],"wp:term":[{"taxonomy":"product_brand","embeddable":true,"href":"https:\/\/zaes.es\/es_cr\/wp-json\/wp\/v2\/product_brand?post=988549"},{"taxonomy":"product_cat","embeddable":true,"href":"https:\/\/zaes.es\/es_cr\/wp-json\/wp\/v2\/product_cat?post=988549"},{"taxonomy":"product_tag","embeddable":true,"href":"https:\/\/zaes.es\/es_cr\/wp-json\/wp\/v2\/product_tag?post=988549"}],"curies":[{"name":"wp","href":"https:\/\/api.w.org\/{rel}","templated":true}]}}