{"id":988669,"date":"2022-02-16T11:02:06","date_gmt":"2022-02-16T11:02:06","guid":{"rendered":"http:\/\/ceaseformacion.com\/zaes\/?post_type=product&#038;p=988669"},"modified":"2023-03-01T08:17:50","modified_gmt":"2023-03-01T08:17:50","slug":"manifold-2-valvulas-angulo-recto-1-via-montaje-directo-hembra-x-brida-con-drenaje-cod-v105","status":"publish","type":"product","link":"https:\/\/zaes.es\/es_cr\/producto\/manifold-2-valvulas-angulo-recto-1-via-montaje-directo-hembra-x-brida-con-drenaje-cod-v105\/","title":{"rendered":"Manifold 2 V\u00e1lvulas Angulo Recto 1 V\u00eda Montaje Directo Hembra x Brida con drenaje &#8211; Cod. V105"},"content":{"rendered":"<div class=\"vgblk-rw-wrapper limit-wrapper\">\r\n<h2>Te contamos m\u00e1s sobre el Manifold 2 V\u00e1lvulas Angulo Recto 1 V\u00eda Montaje Directo Hembra x Brida con drenaje &#8211; Cod. V105<\/h2>\r\n<h3>Materiales disponibles<\/h3>\r\n<p>&#8211; AISI 304 SS \/ AISI 316 SS\/ AISI 316L SS<br \/>&#8211; Acero Carbono<br \/>&#8211; Monel, Inconel, Hastelloy, Duplex, Super<br \/>Duplex<\/p>\r\n<h3>Empaquetaduras disponibles:<\/h3>\r\n<p>&#8211; PTFE<br \/>&#8211; Grafito<\/p>\r\n<h3>Embalaje:<\/h3>\r\n<p>Presentaci\u00f3n plastificada en bolsa herm\u00e9tica para prevenir su deterior y embalada en\u00a0 caja de cart\u00f3n unitaria.<\/p>\r\n<p><img loading=\"lazy\" decoding=\"async\" title=\"DIMENS~1\" src=\"https:\/\/zaes.es\/wp-content\/uploads\/2022\/02\/DIMENS1-18.jpg\" sizes=\"auto, (max-width: 768px) 100vw, 100vw\" srcset=\"https:\/\/zaes.es\/wp-content\/uploads\/2022\/02\/DIMENS1-18.jpg 1455w, https:\/\/zaes.es\/wp-content\/uploads\/2022\/02\/DIMENS1-18-300x47.jpg 300w, https:\/\/zaes.es\/wp-content\/uploads\/2022\/02\/DIMENS1-18-1024x160.jpg 1024w, https:\/\/zaes.es\/wp-content\/uploads\/2022\/02\/DIMENS1-18-768x120.jpg 768w, https:\/\/zaes.es\/wp-content\/uploads\/2022\/02\/DIMENS1-18-1400x218.jpg 1400w, https:\/\/zaes.es\/wp-content\/uploads\/2022\/02\/DIMENS1-18-700x109.jpg 700w, https:\/\/zaes.es\/wp-content\/uploads\/2022\/02\/DIMENS1-18-466x73.jpg 466w, https:\/\/zaes.es\/wp-content\/uploads\/2022\/02\/DIMENS1-18-933x146.jpg 933w, https:\/\/zaes.es\/wp-content\/uploads\/2022\/02\/DIMENS1-18-350x55.jpg 350w\" alt=\"Dimensiones Manifold_2_Valvulas_Angulo_Plano1_Via_Montaje_Directo_Hembra_Brida_drenaje_Cod.V105\" width=\"1455\" height=\"227\" \/><\/p>\r\n<\/div><!-- .vgblk-rw-wrapper -->","protected":false},"excerpt":{"rendered":"<p>El manifold con v\u00e1lvulas de aguja Zaes \u00ae fabricada a partir de barra laminada, es la mejor opcion para las labores de testeo prueba y drenaje de la instrumentaci\u00f3n en sus instalaciones.\u00a0<\/p>\n<p>Cuenta con dos valvulas en angulo plano, una para aislamiento de la linea de instrumento y otra para venteo, drenaje o calibrado del instrumento.<\/p>\n<p>Montaje directo de instrumento de medida. Empaquetadura de calidad para garantizar el sellado total del circuito y trim de v\u00e1lvulas aislados para una larga durabilidad y ahorro en mantenimiento.<\/p>\n<div class=\"ButtonProduct\">\n<p><a href=\"https:\/\/zaes.es\/Catalogos_de_Productos\/Manifolds_de_Instrumentacion\/Manifold_1_via_2_valvulas_bloqueo_purga\/Manifold_2_Valvulas_Angulo_Plano1_Via_Montaje_Directo_Hembra_Brida_drenaje_Cod.V105.pdf\" target=\"_blank\" rel=\"noopener\">DESCARGAR PDF<\/a><\/p>\n<\/div>","protected":false},"featured_media":988670,"template":"","meta":{"inline_featured_image":false},"product_brand":[],"product_cat":[81,70],"product_tag":[75,94,93,74],"class_list":{"0":"post-988669","1":"product","2":"type-product","3":"status-publish","4":"has-post-thumbnail","6":"product_cat-manifold-1-via-2-valvulas-para-bloqueo-y-purga","7":"product_cat-manifolds-para-instrumentacion","8":"product_tag-aire-comprimido","9":"product_tag-gases-y-criogenia","10":"product_tag-petroquimica-y-combustibles","11":"product_tag-vapor","13":"first","14":"instock","15":"shipping-taxable","16":"product-type-simple"},"yoast_head":"<!-- This site is optimized with the Yoast SEO plugin v27.3 - https:\/\/yoast.com\/product\/yoast-seo-wordpress\/ -->\n<title>Manifold 2 V\u00e1lvulas Angulo Recto, 1 V\u00eda Montaje Directo H x Brida + drenaje - V\u00e1lvulas de Seguridad - Zaes<\/title>\n<meta name=\"description\" content=\"Cuenta con dos v\u00e1lvulas en \u00e1ngulo plano, una para aislamiento de la linea de instrumento y otra para venteo, drenaje o calibrado del instrumento.\" \/>\n<meta name=\"robots\" content=\"index, follow, max-snippet:-1, max-image-preview:large, max-video-preview:-1\" \/>\n<link rel=\"canonical\" href=\"https:\/\/zaes.es\/es_cr\/producto\/manifold-2-valvulas-angulo-recto-1-via-montaje-directo-hembra-x-brida-con-drenaje-cod-v105\/\" \/>\n<meta property=\"og:locale\" content=\"es_ES\" \/>\n<meta property=\"og:type\" content=\"article\" \/>\n<meta property=\"og:title\" content=\"Manifold 2 V\u00e1lvulas Angulo Recto, 1 V\u00eda Montaje Directo H x Brida + drenaje - V\u00e1lvulas de Seguridad - Zaes\" \/>\n<meta property=\"og:description\" content=\"Cuenta con dos v\u00e1lvulas en \u00e1ngulo plano, una para aislamiento de la linea de instrumento y otra para venteo, drenaje o calibrado del instrumento.\" \/>\n<meta property=\"og:url\" content=\"https:\/\/zaes.es\/es_cr\/producto\/manifold-2-valvulas-angulo-recto-1-via-montaje-directo-hembra-x-brida-con-drenaje-cod-v105\/\" \/>\n<meta property=\"og:site_name\" content=\"V\u00e1lvulas de Seguridad - Zaes\" \/>\n<meta property=\"article:modified_time\" content=\"2023-03-01T08:17:50+00:00\" \/>\n<meta property=\"og:image\" content=\"https:\/\/zaes.es\/wp-content\/uploads\/2022\/02\/MANIFO1-2.jpg\" \/>\n\t<meta property=\"og:image:width\" content=\"1000\" \/>\n\t<meta property=\"og:image:height\" content=\"1000\" \/>\n\t<meta property=\"og:image:type\" content=\"image\/jpeg\" \/>\n<meta name=\"twitter:card\" content=\"summary_large_image\" \/>\n<meta name=\"twitter:label1\" content=\"Est. reading time\" \/>\n\t<meta name=\"twitter:data1\" content=\"1 minuto\" \/>\n<script type=\"application\/ld+json\" class=\"yoast-schema-graph\">{\"@context\":\"https:\\\/\\\/schema.org\",\"@graph\":[{\"@type\":\"WebPage\",\"@id\":\"https:\\\/\\\/zaes.es\\\/es_cr\\\/producto\\\/manifold-2-valvulas-angulo-recto-1-via-montaje-directo-hembra-x-brida-con-drenaje-cod-v105\\\/\",\"url\":\"https:\\\/\\\/zaes.es\\\/es_cr\\\/producto\\\/manifold-2-valvulas-angulo-recto-1-via-montaje-directo-hembra-x-brida-con-drenaje-cod-v105\\\/\",\"name\":\"Manifold 2 V\u00e1lvulas Angulo Recto, 1 V\u00eda Montaje Directo H x Brida + drenaje - V\u00e1lvulas de Seguridad - Zaes\",\"isPartOf\":{\"@id\":\"https:\\\/\\\/zaes.es\\\/#website\"},\"primaryImageOfPage\":{\"@id\":\"https:\\\/\\\/zaes.es\\\/es_cr\\\/producto\\\/manifold-2-valvulas-angulo-recto-1-via-montaje-directo-hembra-x-brida-con-drenaje-cod-v105\\\/#primaryimage\"},\"image\":{\"@id\":\"https:\\\/\\\/zaes.es\\\/es_cr\\\/producto\\\/manifold-2-valvulas-angulo-recto-1-via-montaje-directo-hembra-x-brida-con-drenaje-cod-v105\\\/#primaryimage\"},\"thumbnailUrl\":\"https:\\\/\\\/zaes.es\\\/wp-content\\\/uploads\\\/2022\\\/02\\\/MANIFO1-2.jpg\",\"datePublished\":\"2022-02-16T11:02:06+00:00\",\"dateModified\":\"2023-03-01T08:17:50+00:00\",\"description\":\"Cuenta con dos v\u00e1lvulas en \u00e1ngulo plano, una para aislamiento de la linea de instrumento y otra para venteo, drenaje o calibrado del instrumento.\",\"breadcrumb\":{\"@id\":\"https:\\\/\\\/zaes.es\\\/es_cr\\\/producto\\\/manifold-2-valvulas-angulo-recto-1-via-montaje-directo-hembra-x-brida-con-drenaje-cod-v105\\\/#breadcrumb\"},\"inLanguage\":\"es-CR\",\"potentialAction\":[{\"@type\":\"ReadAction\",\"target\":[\"https:\\\/\\\/zaes.es\\\/es_cr\\\/producto\\\/manifold-2-valvulas-angulo-recto-1-via-montaje-directo-hembra-x-brida-con-drenaje-cod-v105\\\/\"]}]},{\"@type\":\"ImageObject\",\"inLanguage\":\"es-CR\",\"@id\":\"https:\\\/\\\/zaes.es\\\/es_cr\\\/producto\\\/manifold-2-valvulas-angulo-recto-1-via-montaje-directo-hembra-x-brida-con-drenaje-cod-v105\\\/#primaryimage\",\"url\":\"https:\\\/\\\/zaes.es\\\/wp-content\\\/uploads\\\/2022\\\/02\\\/MANIFO1-2.jpg\",\"contentUrl\":\"https:\\\/\\\/zaes.es\\\/wp-content\\\/uploads\\\/2022\\\/02\\\/MANIFO1-2.jpg\",\"width\":1000,\"height\":1000,\"caption\":\"Manifold_2_Valvulas_Angulo_Plano1_Via_Montaje_Directo_Hembra_Brida_drenaje_Cod.V105\"},{\"@type\":\"BreadcrumbList\",\"@id\":\"https:\\\/\\\/zaes.es\\\/es_cr\\\/producto\\\/manifold-2-valvulas-angulo-recto-1-via-montaje-directo-hembra-x-brida-con-drenaje-cod-v105\\\/#breadcrumb\",\"itemListElement\":[{\"@type\":\"ListItem\",\"position\":1,\"name\":\"Portada\",\"item\":\"https:\\\/\\\/zaes.es\\\/\"},{\"@type\":\"ListItem\",\"position\":2,\"name\":\"Shop\",\"item\":\"https:\\\/\\\/zaes.es\\\/shop\\\/\"},{\"@type\":\"ListItem\",\"position\":3,\"name\":\"Manifolds para instrumentaci\u00f3n\",\"item\":\"https:\\\/\\\/zaes.es\\\/es_cr\\\/categoria-producto\\\/manifolds-para-instrumentacion\\\/\"},{\"@type\":\"ListItem\",\"position\":4,\"name\":\"Manifold 2 V\u00e1lvulas Angulo Recto 1 V\u00eda Montaje Directo Hembra x Brida con drenaje &#8211; Cod. V105\"}]},{\"@type\":\"WebSite\",\"@id\":\"https:\\\/\\\/zaes.es\\\/#website\",\"url\":\"https:\\\/\\\/zaes.es\\\/\",\"name\":\"V\u00e1lvulas de Seguridad - Zaes\",\"description\":\"\",\"publisher\":{\"@id\":\"https:\\\/\\\/zaes.es\\\/#organization\"},\"potentialAction\":[{\"@type\":\"SearchAction\",\"target\":{\"@type\":\"EntryPoint\",\"urlTemplate\":\"https:\\\/\\\/zaes.es\\\/?s={search_term_string}\"},\"query-input\":{\"@type\":\"PropertyValueSpecification\",\"valueRequired\":true,\"valueName\":\"search_term_string\"}}],\"inLanguage\":\"es-CR\"},{\"@type\":\"Organization\",\"@id\":\"https:\\\/\\\/zaes.es\\\/#organization\",\"name\":\"V\u00e1lvulas de Seguridad - Zaes\",\"url\":\"https:\\\/\\\/zaes.es\\\/\",\"logo\":{\"@type\":\"ImageObject\",\"inLanguage\":\"es-CR\",\"@id\":\"https:\\\/\\\/zaes.es\\\/#\\\/schema\\\/logo\\\/image\\\/\",\"url\":\"https:\\\/\\\/zaes.es\\\/wp-content\\\/uploads\\\/2017\\\/07\\\/cropped-zaes-logofooter.png\",\"contentUrl\":\"https:\\\/\\\/zaes.es\\\/wp-content\\\/uploads\\\/2017\\\/07\\\/cropped-zaes-logofooter.png\",\"width\":233,\"height\":85,\"caption\":\"V\u00e1lvulas de Seguridad - Zaes\"},\"image\":{\"@id\":\"https:\\\/\\\/zaes.es\\\/#\\\/schema\\\/logo\\\/image\\\/\"}}]}<\/script>\n<!-- \/ Yoast SEO plugin. -->","yoast_head_json":{"title":"Manifold 2 V\u00e1lvulas Angulo Recto, 1 V\u00eda Montaje Directo H x Brida + drenaje - V\u00e1lvulas de Seguridad - Zaes","description":"Cuenta con dos v\u00e1lvulas en \u00e1ngulo plano, una para aislamiento de la linea de instrumento y otra para venteo, drenaje o calibrado del instrumento.","robots":{"index":"index","follow":"follow","max-snippet":"max-snippet:-1","max-image-preview":"max-image-preview:large","max-video-preview":"max-video-preview:-1"},"canonical":"https:\/\/zaes.es\/es_cr\/producto\/manifold-2-valvulas-angulo-recto-1-via-montaje-directo-hembra-x-brida-con-drenaje-cod-v105\/","og_locale":"es_ES","og_type":"article","og_title":"Manifold 2 V\u00e1lvulas Angulo Recto, 1 V\u00eda Montaje Directo H x Brida + drenaje - V\u00e1lvulas de Seguridad - Zaes","og_description":"Cuenta con dos v\u00e1lvulas en \u00e1ngulo plano, una para aislamiento de la linea de instrumento y otra para venteo, drenaje o calibrado del instrumento.","og_url":"https:\/\/zaes.es\/es_cr\/producto\/manifold-2-valvulas-angulo-recto-1-via-montaje-directo-hembra-x-brida-con-drenaje-cod-v105\/","og_site_name":"V\u00e1lvulas de Seguridad - Zaes","article_modified_time":"2023-03-01T08:17:50+00:00","og_image":[{"width":1000,"height":1000,"url":"https:\/\/zaes.es\/wp-content\/uploads\/2022\/02\/MANIFO1-2.jpg","type":"image\/jpeg"}],"twitter_card":"summary_large_image","twitter_misc":{"Est. reading time":"1 minuto"},"schema":{"@context":"https:\/\/schema.org","@graph":[{"@type":"WebPage","@id":"https:\/\/zaes.es\/es_cr\/producto\/manifold-2-valvulas-angulo-recto-1-via-montaje-directo-hembra-x-brida-con-drenaje-cod-v105\/","url":"https:\/\/zaes.es\/es_cr\/producto\/manifold-2-valvulas-angulo-recto-1-via-montaje-directo-hembra-x-brida-con-drenaje-cod-v105\/","name":"Manifold 2 V\u00e1lvulas Angulo Recto, 1 V\u00eda Montaje Directo H x Brida + drenaje - V\u00e1lvulas de Seguridad - Zaes","isPartOf":{"@id":"https:\/\/zaes.es\/#website"},"primaryImageOfPage":{"@id":"https:\/\/zaes.es\/es_cr\/producto\/manifold-2-valvulas-angulo-recto-1-via-montaje-directo-hembra-x-brida-con-drenaje-cod-v105\/#primaryimage"},"image":{"@id":"https:\/\/zaes.es\/es_cr\/producto\/manifold-2-valvulas-angulo-recto-1-via-montaje-directo-hembra-x-brida-con-drenaje-cod-v105\/#primaryimage"},"thumbnailUrl":"https:\/\/zaes.es\/wp-content\/uploads\/2022\/02\/MANIFO1-2.jpg","datePublished":"2022-02-16T11:02:06+00:00","dateModified":"2023-03-01T08:17:50+00:00","description":"Cuenta con dos v\u00e1lvulas en \u00e1ngulo plano, una para aislamiento de la linea de instrumento y otra para venteo, drenaje o calibrado del instrumento.","breadcrumb":{"@id":"https:\/\/zaes.es\/es_cr\/producto\/manifold-2-valvulas-angulo-recto-1-via-montaje-directo-hembra-x-brida-con-drenaje-cod-v105\/#breadcrumb"},"inLanguage":"es-CR","potentialAction":[{"@type":"ReadAction","target":["https:\/\/zaes.es\/es_cr\/producto\/manifold-2-valvulas-angulo-recto-1-via-montaje-directo-hembra-x-brida-con-drenaje-cod-v105\/"]}]},{"@type":"ImageObject","inLanguage":"es-CR","@id":"https:\/\/zaes.es\/es_cr\/producto\/manifold-2-valvulas-angulo-recto-1-via-montaje-directo-hembra-x-brida-con-drenaje-cod-v105\/#primaryimage","url":"https:\/\/zaes.es\/wp-content\/uploads\/2022\/02\/MANIFO1-2.jpg","contentUrl":"https:\/\/zaes.es\/wp-content\/uploads\/2022\/02\/MANIFO1-2.jpg","width":1000,"height":1000,"caption":"Manifold_2_Valvulas_Angulo_Plano1_Via_Montaje_Directo_Hembra_Brida_drenaje_Cod.V105"},{"@type":"BreadcrumbList","@id":"https:\/\/zaes.es\/es_cr\/producto\/manifold-2-valvulas-angulo-recto-1-via-montaje-directo-hembra-x-brida-con-drenaje-cod-v105\/#breadcrumb","itemListElement":[{"@type":"ListItem","position":1,"name":"Portada","item":"https:\/\/zaes.es\/"},{"@type":"ListItem","position":2,"name":"Shop","item":"https:\/\/zaes.es\/shop\/"},{"@type":"ListItem","position":3,"name":"Manifolds para instrumentaci\u00f3n","item":"https:\/\/zaes.es\/es_cr\/categoria-producto\/manifolds-para-instrumentacion\/"},{"@type":"ListItem","position":4,"name":"Manifold 2 V\u00e1lvulas Angulo Recto 1 V\u00eda Montaje Directo Hembra x Brida con drenaje &#8211; Cod. V105"}]},{"@type":"WebSite","@id":"https:\/\/zaes.es\/#website","url":"https:\/\/zaes.es\/","name":"V\u00e1lvulas de Seguridad - Zaes","description":"","publisher":{"@id":"https:\/\/zaes.es\/#organization"},"potentialAction":[{"@type":"SearchAction","target":{"@type":"EntryPoint","urlTemplate":"https:\/\/zaes.es\/?s={search_term_string}"},"query-input":{"@type":"PropertyValueSpecification","valueRequired":true,"valueName":"search_term_string"}}],"inLanguage":"es-CR"},{"@type":"Organization","@id":"https:\/\/zaes.es\/#organization","name":"V\u00e1lvulas de Seguridad - Zaes","url":"https:\/\/zaes.es\/","logo":{"@type":"ImageObject","inLanguage":"es-CR","@id":"https:\/\/zaes.es\/#\/schema\/logo\/image\/","url":"https:\/\/zaes.es\/wp-content\/uploads\/2017\/07\/cropped-zaes-logofooter.png","contentUrl":"https:\/\/zaes.es\/wp-content\/uploads\/2017\/07\/cropped-zaes-logofooter.png","width":233,"height":85,"caption":"V\u00e1lvulas de Seguridad - Zaes"},"image":{"@id":"https:\/\/zaes.es\/#\/schema\/logo\/image\/"}}]}},"_links":{"self":[{"href":"https:\/\/zaes.es\/es_cr\/wp-json\/wp\/v2\/product\/988669","targetHints":{"allow":["GET"]}}],"collection":[{"href":"https:\/\/zaes.es\/es_cr\/wp-json\/wp\/v2\/product"}],"about":[{"href":"https:\/\/zaes.es\/es_cr\/wp-json\/wp\/v2\/types\/product"}],"wp:featuredmedia":[{"embeddable":true,"href":"https:\/\/zaes.es\/es_cr\/wp-json\/wp\/v2\/media\/988670"}],"wp:attachment":[{"href":"https:\/\/zaes.es\/es_cr\/wp-json\/wp\/v2\/media?parent=988669"}],"wp:term":[{"taxonomy":"product_brand","embeddable":true,"href":"https:\/\/zaes.es\/es_cr\/wp-json\/wp\/v2\/product_brand?post=988669"},{"taxonomy":"product_cat","embeddable":true,"href":"https:\/\/zaes.es\/es_cr\/wp-json\/wp\/v2\/product_cat?post=988669"},{"taxonomy":"product_tag","embeddable":true,"href":"https:\/\/zaes.es\/es_cr\/wp-json\/wp\/v2\/product_tag?post=988669"}],"curies":[{"name":"wp","href":"https:\/\/api.w.org\/{rel}","templated":true}]}}