{"id":988745,"date":"2022-02-16T13:23:26","date_gmt":"2022-02-16T13:23:26","guid":{"rendered":"http:\/\/ceaseformacion.com\/zaes\/?post_type=product&#038;p=988745"},"modified":"2023-03-03T11:14:27","modified_gmt":"2023-03-03T11:14:27","slug":"valvula-para-liquidos-viscosos-cod-v94-01","status":"publish","type":"product","link":"https:\/\/zaes.es\/es_cr\/producto\/valvula-para-liquidos-viscosos-cod-v94-01\/","title":{"rendered":"V\u00e1lvula para liquidos viscosos Cod. V94.01"},"content":{"rendered":"<div class=\"vgblk-rw-wrapper limit-wrapper\">\r\n<h2>Te contamos m\u00e1s sobre el V\u00e1lvula para liquidos viscosos Cod. V94.01<\/h2>\r\n<h3>Materiales disponibles:<\/h3>\r\n<p>&#8211; Laton<\/p>\r\n<h3>Embalaje:<\/h3>\r\n<p>Embolsado hermeticamente para evitar su deterioro y garantizar una entrega en perfecto estado<\/p>\r\n<p><img loading=\"lazy\" decoding=\"async\" title=\"Dimensiones-Alzado-Valvula_para_liquidos_viscosos_Cod.V94.01\" src=\"https:\/\/zaes.es\/wp-content\/uploads\/2022\/02\/Dimensiones-Alzado-Valvula_para_liquidos_viscosos_Cod.V94.01.jpg\" sizes=\"auto, (max-width: 768px) 100vw, 100vw\" srcset=\"data:image\/svg+xml;utf8,&lt;svg%20xmlns=&quot;http:\/\/www.w3.org\/2000\/svg&quot;%20viewBox=&quot;0%200%201454%20447&quot;%20height=&quot;447px&quot;%20width=&quot;1454px&quot;\/&gt;\" alt=\"Dimensiones Valvula_para_liquidos_viscosos_Cod.V94.01\" width=\"1454\" height=\"447\" data-srcset=\"https:\/\/zaes.es\/wp-content\/uploads\/2022\/02\/Dimensiones-Alzado-Valvula_para_liquidos_viscosos_Cod.V94.01.jpg 1454w, https:\/\/zaes.es\/wp-content\/uploads\/2022\/02\/Dimensiones-Alzado-Valvula_para_liquidos_viscosos_Cod.V94.01-300x92.jpg 300w, https:\/\/zaes.es\/wp-content\/uploads\/2022\/02\/Dimensiones-Alzado-Valvula_para_liquidos_viscosos_Cod.V94.01-1024x315.jpg 1024w, https:\/\/zaes.es\/wp-content\/uploads\/2022\/02\/Dimensiones-Alzado-Valvula_para_liquidos_viscosos_Cod.V94.01-768x236.jpg 768w, https:\/\/zaes.es\/wp-content\/uploads\/2022\/02\/Dimensiones-Alzado-Valvula_para_liquidos_viscosos_Cod.V94.01-1400x430.jpg 1400w, https:\/\/zaes.es\/wp-content\/uploads\/2022\/02\/Dimensiones-Alzado-Valvula_para_liquidos_viscosos_Cod.V94.01-700x215.jpg 700w, https:\/\/zaes.es\/wp-content\/uploads\/2022\/02\/Dimensiones-Alzado-Valvula_para_liquidos_viscosos_Cod.V94.01-466x143.jpg 466w, https:\/\/zaes.es\/wp-content\/uploads\/2022\/02\/Dimensiones-Alzado-Valvula_para_liquidos_viscosos_Cod.V94.01-933x287.jpg 933w, https:\/\/zaes.es\/wp-content\/uploads\/2022\/02\/Dimensiones-Alzado-Valvula_para_liquidos_viscosos_Cod.V94.01-350x108.jpg 350w\" \/><\/p>\r\n<\/div><!-- .vgblk-rw-wrapper -->","protected":false},"excerpt":{"rendered":"<p>La valvula de liquidos viscosos esta dise\u00f1ada para vaciado de recipientes que contengan l\u00edquidos espesos o con part\u00edculas de tama\u00f1o considerable, sin afectar al cierre del mismo.<\/p>\n<p>Tiene paso total y cierre por tapa deslizante, con resorte de presion y grasa, para garantizar el cierre.<\/p>\n<p>Este sistema garantiza que una vez cerrado no queda goteo.<\/p>\n<div class=\"ButtonProduct\">\n<p><a href=\"https:\/\/zaes.es\/Catalogos_de_Productos\/Racordaje-Riego-Liquidios_Viscosos\/Valvula_para_liquidos_viscosos\/Valvula_para_liquidos_viscosos_Cod.V94.01.pdf\" target=\"_blank\" rel=\"noopener\">DESCARGAR PDF<\/a><\/p>\n<\/div>","protected":false},"featured_media":990589,"template":"","meta":{"inline_featured_image":false},"product_brand":[],"product_cat":[71,91],"product_tag":[96],"class_list":{"0":"post-988745","1":"product","2":"type-product","3":"status-publish","4":"has-post-thumbnail","6":"product_cat-racordaje-riego-y-liquidos-viscosos","7":"product_cat-valvula-para-liquidos-viscosos","8":"product_tag-limpieza-urbana-y-gestion-de-residuos","10":"first","11":"instock","12":"shipping-taxable","13":"product-type-simple"},"yoast_head":"<!-- This site is optimized with the Yoast SEO plugin v27.3 - https:\/\/yoast.com\/product\/yoast-seo-wordpress\/ -->\n<title>V\u00e1lvula para liquidos viscosos Cod. V94.01 - V\u00e1lvulas de Seguridad - Zaes<\/title>\n<meta name=\"description\" content=\"La v\u00e1lvula de l\u00edquidos viscosos esta dise\u00f1ada para vaciado de recipientes que contengan l\u00edquidos espesos o con part\u00edculas de tama\u00f1o considerable.\" \/>\n<meta name=\"robots\" content=\"index, follow, max-snippet:-1, max-image-preview:large, max-video-preview:-1\" \/>\n<link rel=\"canonical\" href=\"https:\/\/zaes.es\/es_cr\/producto\/valvula-para-liquidos-viscosos-cod-v94-01\/\" \/>\n<meta property=\"og:locale\" content=\"es_ES\" \/>\n<meta property=\"og:type\" content=\"article\" \/>\n<meta property=\"og:title\" content=\"V\u00e1lvula para liquidos viscosos Cod. V94.01 - V\u00e1lvulas de Seguridad - Zaes\" \/>\n<meta property=\"og:description\" content=\"La v\u00e1lvula de l\u00edquidos viscosos esta dise\u00f1ada para vaciado de recipientes que contengan l\u00edquidos espesos o con part\u00edculas de tama\u00f1o considerable.\" \/>\n<meta property=\"og:url\" content=\"https:\/\/zaes.es\/es_cr\/producto\/valvula-para-liquidos-viscosos-cod-v94-01\/\" \/>\n<meta property=\"og:site_name\" content=\"V\u00e1lvulas de Seguridad - Zaes\" \/>\n<meta property=\"article:modified_time\" content=\"2023-03-03T11:14:27+00:00\" \/>\n<meta property=\"og:image\" content=\"https:\/\/zaes.es\/wp-content\/uploads\/2022\/02\/V94-Valvula-Liquidos-Visquidos-Viscosos-Rubbish-dump-valve.png\" \/>\n\t<meta property=\"og:image:width\" content=\"1000\" \/>\n\t<meta property=\"og:image:height\" content=\"1000\" \/>\n\t<meta property=\"og:image:type\" content=\"image\/png\" \/>\n<meta name=\"twitter:card\" content=\"summary_large_image\" \/>\n<meta name=\"twitter:label1\" content=\"Est. reading time\" \/>\n\t<meta name=\"twitter:data1\" content=\"1 minuto\" \/>\n<script type=\"application\/ld+json\" class=\"yoast-schema-graph\">{\"@context\":\"https:\\\/\\\/schema.org\",\"@graph\":[{\"@type\":\"WebPage\",\"@id\":\"https:\\\/\\\/zaes.es\\\/es_cr\\\/producto\\\/valvula-para-liquidos-viscosos-cod-v94-01\\\/\",\"url\":\"https:\\\/\\\/zaes.es\\\/es_cr\\\/producto\\\/valvula-para-liquidos-viscosos-cod-v94-01\\\/\",\"name\":\"V\u00e1lvula para liquidos viscosos Cod. V94.01 - V\u00e1lvulas de Seguridad - Zaes\",\"isPartOf\":{\"@id\":\"https:\\\/\\\/zaes.es\\\/#website\"},\"primaryImageOfPage\":{\"@id\":\"https:\\\/\\\/zaes.es\\\/es_cr\\\/producto\\\/valvula-para-liquidos-viscosos-cod-v94-01\\\/#primaryimage\"},\"image\":{\"@id\":\"https:\\\/\\\/zaes.es\\\/es_cr\\\/producto\\\/valvula-para-liquidos-viscosos-cod-v94-01\\\/#primaryimage\"},\"thumbnailUrl\":\"https:\\\/\\\/zaes.es\\\/wp-content\\\/uploads\\\/2022\\\/02\\\/V94-Valvula-Liquidos-Visquidos-Viscosos-Rubbish-dump-valve.png\",\"datePublished\":\"2022-02-16T13:23:26+00:00\",\"dateModified\":\"2023-03-03T11:14:27+00:00\",\"description\":\"La v\u00e1lvula de l\u00edquidos viscosos esta dise\u00f1ada para vaciado de recipientes que contengan l\u00edquidos espesos o con part\u00edculas de tama\u00f1o considerable.\",\"breadcrumb\":{\"@id\":\"https:\\\/\\\/zaes.es\\\/es_cr\\\/producto\\\/valvula-para-liquidos-viscosos-cod-v94-01\\\/#breadcrumb\"},\"inLanguage\":\"es-CR\",\"potentialAction\":[{\"@type\":\"ReadAction\",\"target\":[\"https:\\\/\\\/zaes.es\\\/es_cr\\\/producto\\\/valvula-para-liquidos-viscosos-cod-v94-01\\\/\"]}]},{\"@type\":\"ImageObject\",\"inLanguage\":\"es-CR\",\"@id\":\"https:\\\/\\\/zaes.es\\\/es_cr\\\/producto\\\/valvula-para-liquidos-viscosos-cod-v94-01\\\/#primaryimage\",\"url\":\"https:\\\/\\\/zaes.es\\\/wp-content\\\/uploads\\\/2022\\\/02\\\/V94-Valvula-Liquidos-Visquidos-Viscosos-Rubbish-dump-valve.png\",\"contentUrl\":\"https:\\\/\\\/zaes.es\\\/wp-content\\\/uploads\\\/2022\\\/02\\\/V94-Valvula-Liquidos-Visquidos-Viscosos-Rubbish-dump-valve.png\",\"width\":1000,\"height\":1000},{\"@type\":\"BreadcrumbList\",\"@id\":\"https:\\\/\\\/zaes.es\\\/es_cr\\\/producto\\\/valvula-para-liquidos-viscosos-cod-v94-01\\\/#breadcrumb\",\"itemListElement\":[{\"@type\":\"ListItem\",\"position\":1,\"name\":\"Portada\",\"item\":\"https:\\\/\\\/zaes.es\\\/\"},{\"@type\":\"ListItem\",\"position\":2,\"name\":\"Shop\",\"item\":\"https:\\\/\\\/zaes.es\\\/shop\\\/\"},{\"@type\":\"ListItem\",\"position\":3,\"name\":\"Racordaje, riego y l\u00edquidos viscosos\",\"item\":\"https:\\\/\\\/zaes.es\\\/es_cr\\\/categoria-producto\\\/racordaje-riego-y-liquidos-viscosos\\\/\"},{\"@type\":\"ListItem\",\"position\":4,\"name\":\"V\u00e1lvula para liquidos viscosos Cod. V94.01\"}]},{\"@type\":\"WebSite\",\"@id\":\"https:\\\/\\\/zaes.es\\\/#website\",\"url\":\"https:\\\/\\\/zaes.es\\\/\",\"name\":\"V\u00e1lvulas de Seguridad - Zaes\",\"description\":\"\",\"publisher\":{\"@id\":\"https:\\\/\\\/zaes.es\\\/#organization\"},\"potentialAction\":[{\"@type\":\"SearchAction\",\"target\":{\"@type\":\"EntryPoint\",\"urlTemplate\":\"https:\\\/\\\/zaes.es\\\/?s={search_term_string}\"},\"query-input\":{\"@type\":\"PropertyValueSpecification\",\"valueRequired\":true,\"valueName\":\"search_term_string\"}}],\"inLanguage\":\"es-CR\"},{\"@type\":\"Organization\",\"@id\":\"https:\\\/\\\/zaes.es\\\/#organization\",\"name\":\"V\u00e1lvulas de Seguridad - Zaes\",\"url\":\"https:\\\/\\\/zaes.es\\\/\",\"logo\":{\"@type\":\"ImageObject\",\"inLanguage\":\"es-CR\",\"@id\":\"https:\\\/\\\/zaes.es\\\/#\\\/schema\\\/logo\\\/image\\\/\",\"url\":\"https:\\\/\\\/zaes.es\\\/wp-content\\\/uploads\\\/2017\\\/07\\\/cropped-zaes-logofooter.png\",\"contentUrl\":\"https:\\\/\\\/zaes.es\\\/wp-content\\\/uploads\\\/2017\\\/07\\\/cropped-zaes-logofooter.png\",\"width\":233,\"height\":85,\"caption\":\"V\u00e1lvulas de Seguridad - Zaes\"},\"image\":{\"@id\":\"https:\\\/\\\/zaes.es\\\/#\\\/schema\\\/logo\\\/image\\\/\"}}]}<\/script>\n<!-- \/ Yoast SEO plugin. -->","yoast_head_json":{"title":"V\u00e1lvula para liquidos viscosos Cod. V94.01 - V\u00e1lvulas de Seguridad - Zaes","description":"La v\u00e1lvula de l\u00edquidos viscosos esta dise\u00f1ada para vaciado de recipientes que contengan l\u00edquidos espesos o con part\u00edculas de tama\u00f1o considerable.","robots":{"index":"index","follow":"follow","max-snippet":"max-snippet:-1","max-image-preview":"max-image-preview:large","max-video-preview":"max-video-preview:-1"},"canonical":"https:\/\/zaes.es\/es_cr\/producto\/valvula-para-liquidos-viscosos-cod-v94-01\/","og_locale":"es_ES","og_type":"article","og_title":"V\u00e1lvula para liquidos viscosos Cod. V94.01 - V\u00e1lvulas de Seguridad - Zaes","og_description":"La v\u00e1lvula de l\u00edquidos viscosos esta dise\u00f1ada para vaciado de recipientes que contengan l\u00edquidos espesos o con part\u00edculas de tama\u00f1o considerable.","og_url":"https:\/\/zaes.es\/es_cr\/producto\/valvula-para-liquidos-viscosos-cod-v94-01\/","og_site_name":"V\u00e1lvulas de Seguridad - Zaes","article_modified_time":"2023-03-03T11:14:27+00:00","og_image":[{"width":1000,"height":1000,"url":"https:\/\/zaes.es\/wp-content\/uploads\/2022\/02\/V94-Valvula-Liquidos-Visquidos-Viscosos-Rubbish-dump-valve.png","type":"image\/png"}],"twitter_card":"summary_large_image","twitter_misc":{"Est. reading time":"1 minuto"},"schema":{"@context":"https:\/\/schema.org","@graph":[{"@type":"WebPage","@id":"https:\/\/zaes.es\/es_cr\/producto\/valvula-para-liquidos-viscosos-cod-v94-01\/","url":"https:\/\/zaes.es\/es_cr\/producto\/valvula-para-liquidos-viscosos-cod-v94-01\/","name":"V\u00e1lvula para liquidos viscosos Cod. V94.01 - V\u00e1lvulas de Seguridad - Zaes","isPartOf":{"@id":"https:\/\/zaes.es\/#website"},"primaryImageOfPage":{"@id":"https:\/\/zaes.es\/es_cr\/producto\/valvula-para-liquidos-viscosos-cod-v94-01\/#primaryimage"},"image":{"@id":"https:\/\/zaes.es\/es_cr\/producto\/valvula-para-liquidos-viscosos-cod-v94-01\/#primaryimage"},"thumbnailUrl":"https:\/\/zaes.es\/wp-content\/uploads\/2022\/02\/V94-Valvula-Liquidos-Visquidos-Viscosos-Rubbish-dump-valve.png","datePublished":"2022-02-16T13:23:26+00:00","dateModified":"2023-03-03T11:14:27+00:00","description":"La v\u00e1lvula de l\u00edquidos viscosos esta dise\u00f1ada para vaciado de recipientes que contengan l\u00edquidos espesos o con part\u00edculas de tama\u00f1o considerable.","breadcrumb":{"@id":"https:\/\/zaes.es\/es_cr\/producto\/valvula-para-liquidos-viscosos-cod-v94-01\/#breadcrumb"},"inLanguage":"es-CR","potentialAction":[{"@type":"ReadAction","target":["https:\/\/zaes.es\/es_cr\/producto\/valvula-para-liquidos-viscosos-cod-v94-01\/"]}]},{"@type":"ImageObject","inLanguage":"es-CR","@id":"https:\/\/zaes.es\/es_cr\/producto\/valvula-para-liquidos-viscosos-cod-v94-01\/#primaryimage","url":"https:\/\/zaes.es\/wp-content\/uploads\/2022\/02\/V94-Valvula-Liquidos-Visquidos-Viscosos-Rubbish-dump-valve.png","contentUrl":"https:\/\/zaes.es\/wp-content\/uploads\/2022\/02\/V94-Valvula-Liquidos-Visquidos-Viscosos-Rubbish-dump-valve.png","width":1000,"height":1000},{"@type":"BreadcrumbList","@id":"https:\/\/zaes.es\/es_cr\/producto\/valvula-para-liquidos-viscosos-cod-v94-01\/#breadcrumb","itemListElement":[{"@type":"ListItem","position":1,"name":"Portada","item":"https:\/\/zaes.es\/"},{"@type":"ListItem","position":2,"name":"Shop","item":"https:\/\/zaes.es\/shop\/"},{"@type":"ListItem","position":3,"name":"Racordaje, riego y l\u00edquidos viscosos","item":"https:\/\/zaes.es\/es_cr\/categoria-producto\/racordaje-riego-y-liquidos-viscosos\/"},{"@type":"ListItem","position":4,"name":"V\u00e1lvula para liquidos viscosos Cod. V94.01"}]},{"@type":"WebSite","@id":"https:\/\/zaes.es\/#website","url":"https:\/\/zaes.es\/","name":"V\u00e1lvulas de Seguridad - Zaes","description":"","publisher":{"@id":"https:\/\/zaes.es\/#organization"},"potentialAction":[{"@type":"SearchAction","target":{"@type":"EntryPoint","urlTemplate":"https:\/\/zaes.es\/?s={search_term_string}"},"query-input":{"@type":"PropertyValueSpecification","valueRequired":true,"valueName":"search_term_string"}}],"inLanguage":"es-CR"},{"@type":"Organization","@id":"https:\/\/zaes.es\/#organization","name":"V\u00e1lvulas de Seguridad - Zaes","url":"https:\/\/zaes.es\/","logo":{"@type":"ImageObject","inLanguage":"es-CR","@id":"https:\/\/zaes.es\/#\/schema\/logo\/image\/","url":"https:\/\/zaes.es\/wp-content\/uploads\/2017\/07\/cropped-zaes-logofooter.png","contentUrl":"https:\/\/zaes.es\/wp-content\/uploads\/2017\/07\/cropped-zaes-logofooter.png","width":233,"height":85,"caption":"V\u00e1lvulas de Seguridad - Zaes"},"image":{"@id":"https:\/\/zaes.es\/#\/schema\/logo\/image\/"}}]}},"_links":{"self":[{"href":"https:\/\/zaes.es\/es_cr\/wp-json\/wp\/v2\/product\/988745","targetHints":{"allow":["GET"]}}],"collection":[{"href":"https:\/\/zaes.es\/es_cr\/wp-json\/wp\/v2\/product"}],"about":[{"href":"https:\/\/zaes.es\/es_cr\/wp-json\/wp\/v2\/types\/product"}],"wp:featuredmedia":[{"embeddable":true,"href":"https:\/\/zaes.es\/es_cr\/wp-json\/wp\/v2\/media\/990589"}],"wp:attachment":[{"href":"https:\/\/zaes.es\/es_cr\/wp-json\/wp\/v2\/media?parent=988745"}],"wp:term":[{"taxonomy":"product_brand","embeddable":true,"href":"https:\/\/zaes.es\/es_cr\/wp-json\/wp\/v2\/product_brand?post=988745"},{"taxonomy":"product_cat","embeddable":true,"href":"https:\/\/zaes.es\/es_cr\/wp-json\/wp\/v2\/product_cat?post=988745"},{"taxonomy":"product_tag","embeddable":true,"href":"https:\/\/zaes.es\/es_cr\/wp-json\/wp\/v2\/product_tag?post=988745"}],"curies":[{"name":"wp","href":"https:\/\/api.w.org\/{rel}","templated":true}]}}