{"id":11412,"date":"2016-12-05T16:27:47","date_gmt":"2016-12-05T16:27:47","guid":{"rendered":"https:\/\/nex.vamtam.com\/?page_id=11412"},"modified":"2024-09-11T12:02:01","modified_gmt":"2024-09-11T12:02:01","slug":"contacto","status":"publish","type":"page","link":"https:\/\/zaes.es\/es_do\/contacto\/","title":{"rendered":"Contacto"},"content":{"rendered":"<div class=\"vgblk-rw-wrapper limit-wrapper\">\n\n\t<h2>Solicite informaci\u00f3n sobre <strong>nuestros productos<\/strong><\/h2>\n<h4>\n\t\t\u00bfQuiere ampliar informaci\u00f3n sobre nuestros productos? <br \/>Cont\u00e1cte con nosotros a trav\u00e9s del tel\u00e9fono.<br \/>Escribi\u00e9ndonos al email  o rellenando el siguiente formulario:\n\t<\/h4>\n<h4>\n\tTel\u00e9fono\n\t<\/h4>\n\t<p><a href=\"tel:34933774671\">+34 93 3774671<\/a><\/p>\n<h4>\n\tHorario de atenci\u00f3n al p\u00fablico\n\t<\/h4>\n\tDe Lunes a Jueves 9:00 &#8211; 13:00 \/ 15:00 a 17:00<br \/>\nViernes: 9:00 &#8211; 13:00\n<h4>\n\tCorreo Electr\u00f3nico\n\t<\/h4>\n\t<p><a href=\"mailto:info@zaes.es\">info@zaes.es<\/a><\/p>\n<h4>\n\tDirecci\u00f3n\n\t<\/h4>\n\tC\/Dolores Almeda, 12 \u00a0ES 08940<br \/>\nCornella de Llobregat (Barcelona) Spain U.E.\n\tAviso: Se requiere JavaScript para este contenido.\n        <!-- That data is being printed as a workaround to page builders reordering the order of the scripts loaded-->\n        \n<\/div><!-- .vgblk-rw-wrapper -->","protected":false},"excerpt":{"rendered":"<p>Solicite informaci\u00f3n sobre nuestros productos \u00bfQuiere ampliar informaci\u00f3n sobre nuestros productos? Cont\u00e1cte con nosotros a trav\u00e9s del tel\u00e9fono.Escribi\u00e9ndonos al email o rellenando el siguiente formulario: Tel\u00e9fono +34 93 3774671 Horario de atenci\u00f3n al p\u00fablico De Lunes a Jueves 9:00 &#8211; 13:00 \/ 15:00 a 17:00 Viernes: 9:00 &#8211; 13:00 Correo Electr\u00f3nico info@zaes.es Direcci\u00f3n C\/Dolores Almeda,&#8230;<\/p>","protected":false},"author":1,"featured_media":0,"parent":0,"menu_order":0,"comment_status":"closed","ping_status":"closed","template":"","meta":{"inline_featured_image":false,"footnotes":""},"class_list":["post-11412","page","type-page","status-publish","hentry"],"yoast_head":"<!-- This site is optimized with the Yoast SEO plugin v27.3 - https:\/\/yoast.com\/product\/yoast-seo-wordpress\/ -->\n<title>Contacto - V\u00e1lvulas de Seguridad - Zaes<\/title>\n<meta name=\"robots\" content=\"index, follow, max-snippet:-1, max-image-preview:large, max-video-preview:-1\" \/>\n<link rel=\"canonical\" href=\"https:\/\/zaes.es\/es_do\/contacto\/\" \/>\n<meta property=\"og:locale\" content=\"es_ES\" \/>\n<meta property=\"og:type\" content=\"article\" \/>\n<meta property=\"og:title\" content=\"Contacto - V\u00e1lvulas de Seguridad - Zaes\" \/>\n<meta property=\"og:description\" content=\"Solicite informaci\u00f3n sobre nuestros productos \u00bfQuiere ampliar informaci\u00f3n sobre nuestros productos? Cont\u00e1cte con nosotros a trav\u00e9s del tel\u00e9fono.Escribi\u00e9ndonos al email o rellenando el siguiente formulario: Tel\u00e9fono +34 93 3774671 Horario de atenci\u00f3n al p\u00fablico De Lunes a Jueves 9:00 &#8211; 13:00 \/ 15:00 a 17:00 Viernes: 9:00 &#8211; 13:00 Correo Electr\u00f3nico info@zaes.es Direcci\u00f3n C\/Dolores Almeda,...\" \/>\n<meta property=\"og:url\" content=\"https:\/\/zaes.es\/es_do\/contacto\/\" \/>\n<meta property=\"og:site_name\" content=\"V\u00e1lvulas de Seguridad - Zaes\" \/>\n<meta property=\"article:modified_time\" content=\"2024-09-11T12:02:01+00:00\" \/>\n<meta name=\"twitter:card\" content=\"summary_large_image\" \/>\n<script type=\"application\/ld+json\" class=\"yoast-schema-graph\">{\"@context\":\"https:\\\/\\\/schema.org\",\"@graph\":[{\"@type\":\"WebPage\",\"@id\":\"https:\\\/\\\/zaes.es\\\/contacto\\\/\",\"url\":\"https:\\\/\\\/zaes.es\\\/contacto\\\/\",\"name\":\"Contacto - V\u00e1lvulas de Seguridad - Zaes\",\"isPartOf\":{\"@id\":\"https:\\\/\\\/zaes.es\\\/#website\"},\"datePublished\":\"2016-12-05T16:27:47+00:00\",\"dateModified\":\"2024-09-11T12:02:01+00:00\",\"breadcrumb\":{\"@id\":\"https:\\\/\\\/zaes.es\\\/contacto\\\/#breadcrumb\"},\"inLanguage\":\"es-DO\",\"potentialAction\":[{\"@type\":\"ReadAction\",\"target\":[\"https:\\\/\\\/zaes.es\\\/contacto\\\/\"]}]},{\"@type\":\"BreadcrumbList\",\"@id\":\"https:\\\/\\\/zaes.es\\\/contacto\\\/#breadcrumb\",\"itemListElement\":[{\"@type\":\"ListItem\",\"position\":1,\"name\":\"Portada\",\"item\":\"https:\\\/\\\/zaes.es\\\/\"},{\"@type\":\"ListItem\",\"position\":2,\"name\":\"Contacto\"}]},{\"@type\":\"WebSite\",\"@id\":\"https:\\\/\\\/zaes.es\\\/#website\",\"url\":\"https:\\\/\\\/zaes.es\\\/\",\"name\":\"V\u00e1lvulas de Seguridad - Zaes\",\"description\":\"\",\"publisher\":{\"@id\":\"https:\\\/\\\/zaes.es\\\/#organization\"},\"potentialAction\":[{\"@type\":\"SearchAction\",\"target\":{\"@type\":\"EntryPoint\",\"urlTemplate\":\"https:\\\/\\\/zaes.es\\\/?s={search_term_string}\"},\"query-input\":{\"@type\":\"PropertyValueSpecification\",\"valueRequired\":true,\"valueName\":\"search_term_string\"}}],\"inLanguage\":\"es-DO\"},{\"@type\":\"Organization\",\"@id\":\"https:\\\/\\\/zaes.es\\\/#organization\",\"name\":\"V\u00e1lvulas de Seguridad - Zaes\",\"url\":\"https:\\\/\\\/zaes.es\\\/\",\"logo\":{\"@type\":\"ImageObject\",\"inLanguage\":\"es-DO\",\"@id\":\"https:\\\/\\\/zaes.es\\\/#\\\/schema\\\/logo\\\/image\\\/\",\"url\":\"https:\\\/\\\/zaes.es\\\/wp-content\\\/uploads\\\/2017\\\/07\\\/cropped-zaes-logofooter.png\",\"contentUrl\":\"https:\\\/\\\/zaes.es\\\/wp-content\\\/uploads\\\/2017\\\/07\\\/cropped-zaes-logofooter.png\",\"width\":233,\"height\":85,\"caption\":\"V\u00e1lvulas de Seguridad - Zaes\"},\"image\":{\"@id\":\"https:\\\/\\\/zaes.es\\\/#\\\/schema\\\/logo\\\/image\\\/\"}}]}<\/script>\n<!-- \/ Yoast SEO plugin. -->","yoast_head_json":{"title":"Contacto - V\u00e1lvulas de Seguridad - Zaes","robots":{"index":"index","follow":"follow","max-snippet":"max-snippet:-1","max-image-preview":"max-image-preview:large","max-video-preview":"max-video-preview:-1"},"canonical":"https:\/\/zaes.es\/es_do\/contacto\/","og_locale":"es_ES","og_type":"article","og_title":"Contacto - V\u00e1lvulas de Seguridad - Zaes","og_description":"Solicite informaci\u00f3n sobre nuestros productos \u00bfQuiere ampliar informaci\u00f3n sobre nuestros productos? Cont\u00e1cte con nosotros a trav\u00e9s del tel\u00e9fono.Escribi\u00e9ndonos al email o rellenando el siguiente formulario: Tel\u00e9fono +34 93 3774671 Horario de atenci\u00f3n al p\u00fablico De Lunes a Jueves 9:00 &#8211; 13:00 \/ 15:00 a 17:00 Viernes: 9:00 &#8211; 13:00 Correo Electr\u00f3nico info@zaes.es Direcci\u00f3n C\/Dolores Almeda,...","og_url":"https:\/\/zaes.es\/es_do\/contacto\/","og_site_name":"V\u00e1lvulas de Seguridad - Zaes","article_modified_time":"2024-09-11T12:02:01+00:00","twitter_card":"summary_large_image","schema":{"@context":"https:\/\/schema.org","@graph":[{"@type":"WebPage","@id":"https:\/\/zaes.es\/contacto\/","url":"https:\/\/zaes.es\/contacto\/","name":"Contacto - V\u00e1lvulas de Seguridad - Zaes","isPartOf":{"@id":"https:\/\/zaes.es\/#website"},"datePublished":"2016-12-05T16:27:47+00:00","dateModified":"2024-09-11T12:02:01+00:00","breadcrumb":{"@id":"https:\/\/zaes.es\/contacto\/#breadcrumb"},"inLanguage":"es-DO","potentialAction":[{"@type":"ReadAction","target":["https:\/\/zaes.es\/contacto\/"]}]},{"@type":"BreadcrumbList","@id":"https:\/\/zaes.es\/contacto\/#breadcrumb","itemListElement":[{"@type":"ListItem","position":1,"name":"Portada","item":"https:\/\/zaes.es\/"},{"@type":"ListItem","position":2,"name":"Contacto"}]},{"@type":"WebSite","@id":"https:\/\/zaes.es\/#website","url":"https:\/\/zaes.es\/","name":"V\u00e1lvulas de Seguridad - Zaes","description":"","publisher":{"@id":"https:\/\/zaes.es\/#organization"},"potentialAction":[{"@type":"SearchAction","target":{"@type":"EntryPoint","urlTemplate":"https:\/\/zaes.es\/?s={search_term_string}"},"query-input":{"@type":"PropertyValueSpecification","valueRequired":true,"valueName":"search_term_string"}}],"inLanguage":"es-DO"},{"@type":"Organization","@id":"https:\/\/zaes.es\/#organization","name":"V\u00e1lvulas de Seguridad - Zaes","url":"https:\/\/zaes.es\/","logo":{"@type":"ImageObject","inLanguage":"es-DO","@id":"https:\/\/zaes.es\/#\/schema\/logo\/image\/","url":"https:\/\/zaes.es\/wp-content\/uploads\/2017\/07\/cropped-zaes-logofooter.png","contentUrl":"https:\/\/zaes.es\/wp-content\/uploads\/2017\/07\/cropped-zaes-logofooter.png","width":233,"height":85,"caption":"V\u00e1lvulas de Seguridad - Zaes"},"image":{"@id":"https:\/\/zaes.es\/#\/schema\/logo\/image\/"}}]}},"_links":{"self":[{"href":"https:\/\/zaes.es\/es_do\/wp-json\/wp\/v2\/pages\/11412","targetHints":{"allow":["GET"]}}],"collection":[{"href":"https:\/\/zaes.es\/es_do\/wp-json\/wp\/v2\/pages"}],"about":[{"href":"https:\/\/zaes.es\/es_do\/wp-json\/wp\/v2\/types\/page"}],"author":[{"embeddable":true,"href":"https:\/\/zaes.es\/es_do\/wp-json\/wp\/v2\/users\/1"}],"replies":[{"embeddable":true,"href":"https:\/\/zaes.es\/es_do\/wp-json\/wp\/v2\/comments?post=11412"}],"version-history":[{"count":16,"href":"https:\/\/zaes.es\/es_do\/wp-json\/wp\/v2\/pages\/11412\/revisions"}],"predecessor-version":[{"id":990987,"href":"https:\/\/zaes.es\/es_do\/wp-json\/wp\/v2\/pages\/11412\/revisions\/990987"}],"wp:attachment":[{"href":"https:\/\/zaes.es\/es_do\/wp-json\/wp\/v2\/media?parent=11412"}],"curies":[{"name":"wp","href":"https:\/\/api.w.org\/{rel}","templated":true}]}}