{"id":988459,"date":"2022-02-15T08:40:34","date_gmt":"2022-02-15T08:40:34","guid":{"rendered":"http:\/\/ceaseformacion.com\/zaes\/?post_type=product&#038;p=988459"},"modified":"2022-11-08T12:44:25","modified_gmt":"2022-11-08T12:44:25","slug":"valvula-de-aguja-alta-calidad-con-trim-sellado-para-sistemas-de-alta-presion-cod-v97-h-h-hasta-690-bar-10-000-psi-con-purga","status":"publish","type":"product","link":"https:\/\/zaes.es\/es_do\/producto\/valvula-de-aguja-alta-calidad-con-trim-sellado-para-sistemas-de-alta-presion-cod-v97-h-h-hasta-690-bar-10-000-psi-con-purga\/","title":{"rendered":"Valvula de aguja Alta Calidad con trim sellado para sistemas de alta presi\u00f3n Cod. V97 H &#8211; H Hasta 690 bar 10.000 psi con Purga"},"content":{"rendered":"<div class=\"vgblk-rw-wrapper limit-wrapper\">\r\n<h2>Te contamos m\u00e1s sobre la V\u00e1lvula de aguja Alta Calidad con trim sellado para sistemas de alta presi\u00f3n Cod. V95 H -H Hasta 690 bar 10.000 psi<\/h2>\r\n<p>&nbsp;<\/p>\r\n<h3>Materiales disponibles:<\/h3>\r\n<p>&#8211; AISI 304 SS \/ AISI 316 SS\/ AISI 316L SS<br role=\"presentation\" \/>&#8211; Acero Carbono \/ Carbon Steel<br role=\"presentation\" \/>&#8211; Monel, Inconel, Hastelloy, Duplex, Super Duplex<\/p>\r\n<h3>Embalaje:<\/h3>\r\n<p>Embolsado hermeticamente para evitar su deterioro y garantizar una entrega en perfecto estado.<\/p>\r\n<p><img loading=\"lazy\" decoding=\"async\" title=\"DIMENS~1\" src=\"https:\/\/zaes.es\/wp-content\/uploads\/2022\/02\/DIMENS1-5.png\" sizes=\"auto, (max-width: 768px) 100vw, 100vw\" srcset=\"data:image\/svg+xml;utf8,&lt;svg%20xmlns=&quot;http:\/\/www.w3.org\/2000\/svg&quot;%20viewBox=&quot;0%200%201455%20336&quot;%20height=&quot;336px&quot;%20width=&quot;1455px&quot;\/&gt;\" alt=\"Dimensiones V\u00e1lvula de aguja Alta Calidad con trim sellado para sistemas de alta presi\u00f3n Cod. V95 H -H\" width=\"1455\" height=\"336\" data-srcset=\"https:\/\/zaes.es\/wp-content\/uploads\/2022\/02\/DIMENS1-5.png 1455w, https:\/\/zaes.es\/wp-content\/uploads\/2022\/02\/DIMENS1-5-300x69.png 300w, https:\/\/zaes.es\/wp-content\/uploads\/2022\/02\/DIMENS1-5-1024x236.png 1024w, https:\/\/zaes.es\/wp-content\/uploads\/2022\/02\/DIMENS1-5-768x177.png 768w, https:\/\/zaes.es\/wp-content\/uploads\/2022\/02\/DIMENS1-5-1400x323.png 1400w, https:\/\/zaes.es\/wp-content\/uploads\/2022\/02\/DIMENS1-5-700x162.png 700w, https:\/\/zaes.es\/wp-content\/uploads\/2022\/02\/DIMENS1-5-466x108.png 466w, https:\/\/zaes.es\/wp-content\/uploads\/2022\/02\/DIMENS1-5-933x215.png 933w, https:\/\/zaes.es\/wp-content\/uploads\/2022\/02\/DIMENS1-5-350x81.png 350w\" \/><\/p>\r\n<\/div><!-- .vgblk-rw-wrapper -->","protected":false},"excerpt":{"rendered":"<p>V\u00e1lvula de aguja para sistemas de alta presion con v\u00e1stago\/obturador c\u00f3nico para cierre estable de precision, para uso en aplicaciones generales. Ideal para regulacion de caudal por estrangulamiento y sellado y venteo de instalaciones de liquidos y gases.<\/p>\n<p>Por su estabilidad, precisi\u00f3n y el dise\u00f1o del obturador, facilita el sellado met\u00e1lico, con poco desgate evitando la cavitaci\u00f3n a grandes presiones diferenciales.<\/p>\n<p>El vastago no rotativo con sistema de autocentrado asegura un asiento y cierre hermetico perfectos.<\/p>\n<p>Con trim aislado garantiza gran durabilidad y fiabilidad de trabajo.<\/p>\n<div class=\"ButtonProduct\">\n<p><a href=\"https:\/\/zaes.es\/Catalogos_de_Productos\/Valvulas_de_Aguja\/Valvulas_de_Aguja_Trim_Sellado\/TrimSelladoAP_Cod.V97_H-H.pdf\" target=\"_blank\" rel=\"noopener\">DESCARGAR PDF<\/a><\/p>\n<\/div>","protected":false},"featured_media":988461,"template":"","meta":{"inline_featured_image":false},"product_brand":[],"product_cat":[73,66],"product_tag":[75,94,93,74],"class_list":{"0":"post-988459","1":"product","2":"type-product","3":"status-publish","4":"has-post-thumbnail","6":"product_cat-valvula-de-aguja-con-el-trim-sellado-isolated","7":"product_cat-valvulas-de-aguja","8":"product_tag-aire-comprimido","9":"product_tag-gases-y-criogenia","10":"product_tag-petroquimica-y-combustibles","11":"product_tag-vapor","13":"first","14":"instock","15":"shipping-taxable","16":"product-type-simple"},"yoast_head":"<!-- This site is optimized with the Yoast SEO plugin v27.3 - https:\/\/yoast.com\/product\/yoast-seo-wordpress\/ -->\n<title>V\u00e1lvula de aguja con trim sellado para sistemas de Alta Calidad y alta presi\u00f3n Cod. V97 H - H Hasta 690 bar 10.000 psi con Purga - V\u00e1lvulas de Seguridad - Zaes<\/title>\n<meta name=\"description\" content=\"Por su estabilidad, precisi\u00f3n y el dise\u00f1o del obturador, facilita el sellado met\u00e1lico, con poco desgate evitando la cavitaci\u00f3n a grandes presiones diferenciales.\" \/>\n<meta name=\"robots\" content=\"index, follow, max-snippet:-1, max-image-preview:large, max-video-preview:-1\" \/>\n<link rel=\"canonical\" href=\"https:\/\/zaes.es\/es_do\/producto\/valvula-de-aguja-alta-calidad-con-trim-sellado-para-sistemas-de-alta-presion-cod-v97-h-h-hasta-690-bar-10-000-psi-con-purga\/\" \/>\n<meta property=\"og:locale\" content=\"es_ES\" \/>\n<meta property=\"og:type\" content=\"article\" \/>\n<meta property=\"og:title\" content=\"V\u00e1lvula de aguja con trim sellado para sistemas de Alta Calidad y alta presi\u00f3n Cod. V97 H - H Hasta 690 bar 10.000 psi con Purga - V\u00e1lvulas de Seguridad - Zaes\" \/>\n<meta property=\"og:description\" content=\"Por su estabilidad, precisi\u00f3n y el dise\u00f1o del obturador, facilita el sellado met\u00e1lico, con poco desgate evitando la cavitaci\u00f3n a grandes presiones diferenciales.\" \/>\n<meta property=\"og:url\" content=\"https:\/\/zaes.es\/es_do\/producto\/valvula-de-aguja-alta-calidad-con-trim-sellado-para-sistemas-de-alta-presion-cod-v97-h-h-hasta-690-bar-10-000-psi-con-purga\/\" \/>\n<meta property=\"og:site_name\" content=\"V\u00e1lvulas de Seguridad - Zaes\" \/>\n<meta property=\"article:modified_time\" content=\"2022-11-08T12:44:25+00:00\" \/>\n<meta property=\"og:image\" content=\"https:\/\/zaes.es\/wp-content\/uploads\/2022\/02\/VLVULA1-2.jpg\" \/>\n\t<meta property=\"og:image:width\" content=\"1000\" \/>\n\t<meta property=\"og:image:height\" content=\"1000\" \/>\n\t<meta property=\"og:image:type\" content=\"image\/jpeg\" \/>\n<meta name=\"twitter:card\" content=\"summary_large_image\" \/>\n<meta name=\"twitter:label1\" content=\"Est. reading time\" \/>\n\t<meta name=\"twitter:data1\" content=\"1 minuto\" \/>\n<script type=\"application\/ld+json\" class=\"yoast-schema-graph\">{\"@context\":\"https:\\\/\\\/schema.org\",\"@graph\":[{\"@type\":\"WebPage\",\"@id\":\"https:\\\/\\\/zaes.es\\\/es_do\\\/producto\\\/valvula-de-aguja-alta-calidad-con-trim-sellado-para-sistemas-de-alta-presion-cod-v97-h-h-hasta-690-bar-10-000-psi-con-purga\\\/\",\"url\":\"https:\\\/\\\/zaes.es\\\/es_do\\\/producto\\\/valvula-de-aguja-alta-calidad-con-trim-sellado-para-sistemas-de-alta-presion-cod-v97-h-h-hasta-690-bar-10-000-psi-con-purga\\\/\",\"name\":\"V\u00e1lvula de aguja con trim sellado para sistemas de Alta Calidad y alta presi\u00f3n Cod. V97 H - H Hasta 690 bar 10.000 psi con Purga - V\u00e1lvulas de Seguridad - Zaes\",\"isPartOf\":{\"@id\":\"https:\\\/\\\/zaes.es\\\/#website\"},\"primaryImageOfPage\":{\"@id\":\"https:\\\/\\\/zaes.es\\\/es_do\\\/producto\\\/valvula-de-aguja-alta-calidad-con-trim-sellado-para-sistemas-de-alta-presion-cod-v97-h-h-hasta-690-bar-10-000-psi-con-purga\\\/#primaryimage\"},\"image\":{\"@id\":\"https:\\\/\\\/zaes.es\\\/es_do\\\/producto\\\/valvula-de-aguja-alta-calidad-con-trim-sellado-para-sistemas-de-alta-presion-cod-v97-h-h-hasta-690-bar-10-000-psi-con-purga\\\/#primaryimage\"},\"thumbnailUrl\":\"https:\\\/\\\/zaes.es\\\/wp-content\\\/uploads\\\/2022\\\/02\\\/VLVULA1-2.jpg\",\"datePublished\":\"2022-02-15T08:40:34+00:00\",\"dateModified\":\"2022-11-08T12:44:25+00:00\",\"description\":\"Por su estabilidad, precisi\u00f3n y el dise\u00f1o del obturador, facilita el sellado met\u00e1lico, con poco desgate evitando la cavitaci\u00f3n a grandes presiones diferenciales.\",\"breadcrumb\":{\"@id\":\"https:\\\/\\\/zaes.es\\\/es_do\\\/producto\\\/valvula-de-aguja-alta-calidad-con-trim-sellado-para-sistemas-de-alta-presion-cod-v97-h-h-hasta-690-bar-10-000-psi-con-purga\\\/#breadcrumb\"},\"inLanguage\":\"es-DO\",\"potentialAction\":[{\"@type\":\"ReadAction\",\"target\":[\"https:\\\/\\\/zaes.es\\\/es_do\\\/producto\\\/valvula-de-aguja-alta-calidad-con-trim-sellado-para-sistemas-de-alta-presion-cod-v97-h-h-hasta-690-bar-10-000-psi-con-purga\\\/\"]}]},{\"@type\":\"ImageObject\",\"inLanguage\":\"es-DO\",\"@id\":\"https:\\\/\\\/zaes.es\\\/es_do\\\/producto\\\/valvula-de-aguja-alta-calidad-con-trim-sellado-para-sistemas-de-alta-presion-cod-v97-h-h-hasta-690-bar-10-000-psi-con-purga\\\/#primaryimage\",\"url\":\"https:\\\/\\\/zaes.es\\\/wp-content\\\/uploads\\\/2022\\\/02\\\/VLVULA1-2.jpg\",\"contentUrl\":\"https:\\\/\\\/zaes.es\\\/wp-content\\\/uploads\\\/2022\\\/02\\\/VLVULA1-2.jpg\",\"width\":1000,\"height\":1000,\"caption\":\"V\u00e1lvula de aguja Alta Calidad con trim sellado para sistemas de alta presi\u00f3n Cod. V95 H -H\"},{\"@type\":\"BreadcrumbList\",\"@id\":\"https:\\\/\\\/zaes.es\\\/es_do\\\/producto\\\/valvula-de-aguja-alta-calidad-con-trim-sellado-para-sistemas-de-alta-presion-cod-v97-h-h-hasta-690-bar-10-000-psi-con-purga\\\/#breadcrumb\",\"itemListElement\":[{\"@type\":\"ListItem\",\"position\":1,\"name\":\"Portada\",\"item\":\"https:\\\/\\\/zaes.es\\\/\"},{\"@type\":\"ListItem\",\"position\":2,\"name\":\"Shop\",\"item\":\"https:\\\/\\\/zaes.es\\\/shop\\\/\"},{\"@type\":\"ListItem\",\"position\":3,\"name\":\"V\u00e1lvulas de Aguja\",\"item\":\"https:\\\/\\\/zaes.es\\\/es_do\\\/categoria-producto\\\/valvulas-de-aguja\\\/\"},{\"@type\":\"ListItem\",\"position\":4,\"name\":\"Valvula de aguja Alta Calidad con trim sellado para sistemas de alta presi\u00f3n Cod. V97 H &#8211; H Hasta 690 bar 10.000 psi con Purga\"}]},{\"@type\":\"WebSite\",\"@id\":\"https:\\\/\\\/zaes.es\\\/#website\",\"url\":\"https:\\\/\\\/zaes.es\\\/\",\"name\":\"V\u00e1lvulas de Seguridad - Zaes\",\"description\":\"\",\"publisher\":{\"@id\":\"https:\\\/\\\/zaes.es\\\/#organization\"},\"potentialAction\":[{\"@type\":\"SearchAction\",\"target\":{\"@type\":\"EntryPoint\",\"urlTemplate\":\"https:\\\/\\\/zaes.es\\\/?s={search_term_string}\"},\"query-input\":{\"@type\":\"PropertyValueSpecification\",\"valueRequired\":true,\"valueName\":\"search_term_string\"}}],\"inLanguage\":\"es-DO\"},{\"@type\":\"Organization\",\"@id\":\"https:\\\/\\\/zaes.es\\\/#organization\",\"name\":\"V\u00e1lvulas de Seguridad - Zaes\",\"url\":\"https:\\\/\\\/zaes.es\\\/\",\"logo\":{\"@type\":\"ImageObject\",\"inLanguage\":\"es-DO\",\"@id\":\"https:\\\/\\\/zaes.es\\\/#\\\/schema\\\/logo\\\/image\\\/\",\"url\":\"https:\\\/\\\/zaes.es\\\/wp-content\\\/uploads\\\/2017\\\/07\\\/cropped-zaes-logofooter.png\",\"contentUrl\":\"https:\\\/\\\/zaes.es\\\/wp-content\\\/uploads\\\/2017\\\/07\\\/cropped-zaes-logofooter.png\",\"width\":233,\"height\":85,\"caption\":\"V\u00e1lvulas de Seguridad - Zaes\"},\"image\":{\"@id\":\"https:\\\/\\\/zaes.es\\\/#\\\/schema\\\/logo\\\/image\\\/\"}}]}<\/script>\n<!-- \/ Yoast SEO plugin. -->","yoast_head_json":{"title":"V\u00e1lvula de aguja con trim sellado para sistemas de Alta Calidad y alta presi\u00f3n Cod. V97 H - H Hasta 690 bar 10.000 psi con Purga - V\u00e1lvulas de Seguridad - Zaes","description":"Por su estabilidad, precisi\u00f3n y el dise\u00f1o del obturador, facilita el sellado met\u00e1lico, con poco desgate evitando la cavitaci\u00f3n a grandes presiones diferenciales.","robots":{"index":"index","follow":"follow","max-snippet":"max-snippet:-1","max-image-preview":"max-image-preview:large","max-video-preview":"max-video-preview:-1"},"canonical":"https:\/\/zaes.es\/es_do\/producto\/valvula-de-aguja-alta-calidad-con-trim-sellado-para-sistemas-de-alta-presion-cod-v97-h-h-hasta-690-bar-10-000-psi-con-purga\/","og_locale":"es_ES","og_type":"article","og_title":"V\u00e1lvula de aguja con trim sellado para sistemas de Alta Calidad y alta presi\u00f3n Cod. V97 H - H Hasta 690 bar 10.000 psi con Purga - V\u00e1lvulas de Seguridad - Zaes","og_description":"Por su estabilidad, precisi\u00f3n y el dise\u00f1o del obturador, facilita el sellado met\u00e1lico, con poco desgate evitando la cavitaci\u00f3n a grandes presiones diferenciales.","og_url":"https:\/\/zaes.es\/es_do\/producto\/valvula-de-aguja-alta-calidad-con-trim-sellado-para-sistemas-de-alta-presion-cod-v97-h-h-hasta-690-bar-10-000-psi-con-purga\/","og_site_name":"V\u00e1lvulas de Seguridad - Zaes","article_modified_time":"2022-11-08T12:44:25+00:00","og_image":[{"width":1000,"height":1000,"url":"https:\/\/zaes.es\/wp-content\/uploads\/2022\/02\/VLVULA1-2.jpg","type":"image\/jpeg"}],"twitter_card":"summary_large_image","twitter_misc":{"Est. reading time":"1 minuto"},"schema":{"@context":"https:\/\/schema.org","@graph":[{"@type":"WebPage","@id":"https:\/\/zaes.es\/es_do\/producto\/valvula-de-aguja-alta-calidad-con-trim-sellado-para-sistemas-de-alta-presion-cod-v97-h-h-hasta-690-bar-10-000-psi-con-purga\/","url":"https:\/\/zaes.es\/es_do\/producto\/valvula-de-aguja-alta-calidad-con-trim-sellado-para-sistemas-de-alta-presion-cod-v97-h-h-hasta-690-bar-10-000-psi-con-purga\/","name":"V\u00e1lvula de aguja con trim sellado para sistemas de Alta Calidad y alta presi\u00f3n Cod. V97 H - H Hasta 690 bar 10.000 psi con Purga - V\u00e1lvulas de Seguridad - Zaes","isPartOf":{"@id":"https:\/\/zaes.es\/#website"},"primaryImageOfPage":{"@id":"https:\/\/zaes.es\/es_do\/producto\/valvula-de-aguja-alta-calidad-con-trim-sellado-para-sistemas-de-alta-presion-cod-v97-h-h-hasta-690-bar-10-000-psi-con-purga\/#primaryimage"},"image":{"@id":"https:\/\/zaes.es\/es_do\/producto\/valvula-de-aguja-alta-calidad-con-trim-sellado-para-sistemas-de-alta-presion-cod-v97-h-h-hasta-690-bar-10-000-psi-con-purga\/#primaryimage"},"thumbnailUrl":"https:\/\/zaes.es\/wp-content\/uploads\/2022\/02\/VLVULA1-2.jpg","datePublished":"2022-02-15T08:40:34+00:00","dateModified":"2022-11-08T12:44:25+00:00","description":"Por su estabilidad, precisi\u00f3n y el dise\u00f1o del obturador, facilita el sellado met\u00e1lico, con poco desgate evitando la cavitaci\u00f3n a grandes presiones diferenciales.","breadcrumb":{"@id":"https:\/\/zaes.es\/es_do\/producto\/valvula-de-aguja-alta-calidad-con-trim-sellado-para-sistemas-de-alta-presion-cod-v97-h-h-hasta-690-bar-10-000-psi-con-purga\/#breadcrumb"},"inLanguage":"es-DO","potentialAction":[{"@type":"ReadAction","target":["https:\/\/zaes.es\/es_do\/producto\/valvula-de-aguja-alta-calidad-con-trim-sellado-para-sistemas-de-alta-presion-cod-v97-h-h-hasta-690-bar-10-000-psi-con-purga\/"]}]},{"@type":"ImageObject","inLanguage":"es-DO","@id":"https:\/\/zaes.es\/es_do\/producto\/valvula-de-aguja-alta-calidad-con-trim-sellado-para-sistemas-de-alta-presion-cod-v97-h-h-hasta-690-bar-10-000-psi-con-purga\/#primaryimage","url":"https:\/\/zaes.es\/wp-content\/uploads\/2022\/02\/VLVULA1-2.jpg","contentUrl":"https:\/\/zaes.es\/wp-content\/uploads\/2022\/02\/VLVULA1-2.jpg","width":1000,"height":1000,"caption":"V\u00e1lvula de aguja Alta Calidad con trim sellado para sistemas de alta presi\u00f3n Cod. V95 H -H"},{"@type":"BreadcrumbList","@id":"https:\/\/zaes.es\/es_do\/producto\/valvula-de-aguja-alta-calidad-con-trim-sellado-para-sistemas-de-alta-presion-cod-v97-h-h-hasta-690-bar-10-000-psi-con-purga\/#breadcrumb","itemListElement":[{"@type":"ListItem","position":1,"name":"Portada","item":"https:\/\/zaes.es\/"},{"@type":"ListItem","position":2,"name":"Shop","item":"https:\/\/zaes.es\/shop\/"},{"@type":"ListItem","position":3,"name":"V\u00e1lvulas de Aguja","item":"https:\/\/zaes.es\/es_do\/categoria-producto\/valvulas-de-aguja\/"},{"@type":"ListItem","position":4,"name":"Valvula de aguja Alta Calidad con trim sellado para sistemas de alta presi\u00f3n Cod. V97 H &#8211; H Hasta 690 bar 10.000 psi con Purga"}]},{"@type":"WebSite","@id":"https:\/\/zaes.es\/#website","url":"https:\/\/zaes.es\/","name":"V\u00e1lvulas de Seguridad - Zaes","description":"","publisher":{"@id":"https:\/\/zaes.es\/#organization"},"potentialAction":[{"@type":"SearchAction","target":{"@type":"EntryPoint","urlTemplate":"https:\/\/zaes.es\/?s={search_term_string}"},"query-input":{"@type":"PropertyValueSpecification","valueRequired":true,"valueName":"search_term_string"}}],"inLanguage":"es-DO"},{"@type":"Organization","@id":"https:\/\/zaes.es\/#organization","name":"V\u00e1lvulas de Seguridad - Zaes","url":"https:\/\/zaes.es\/","logo":{"@type":"ImageObject","inLanguage":"es-DO","@id":"https:\/\/zaes.es\/#\/schema\/logo\/image\/","url":"https:\/\/zaes.es\/wp-content\/uploads\/2017\/07\/cropped-zaes-logofooter.png","contentUrl":"https:\/\/zaes.es\/wp-content\/uploads\/2017\/07\/cropped-zaes-logofooter.png","width":233,"height":85,"caption":"V\u00e1lvulas de Seguridad - Zaes"},"image":{"@id":"https:\/\/zaes.es\/#\/schema\/logo\/image\/"}}]}},"_links":{"self":[{"href":"https:\/\/zaes.es\/es_do\/wp-json\/wp\/v2\/product\/988459","targetHints":{"allow":["GET"]}}],"collection":[{"href":"https:\/\/zaes.es\/es_do\/wp-json\/wp\/v2\/product"}],"about":[{"href":"https:\/\/zaes.es\/es_do\/wp-json\/wp\/v2\/types\/product"}],"wp:featuredmedia":[{"embeddable":true,"href":"https:\/\/zaes.es\/es_do\/wp-json\/wp\/v2\/media\/988461"}],"wp:attachment":[{"href":"https:\/\/zaes.es\/es_do\/wp-json\/wp\/v2\/media?parent=988459"}],"wp:term":[{"taxonomy":"product_brand","embeddable":true,"href":"https:\/\/zaes.es\/es_do\/wp-json\/wp\/v2\/product_brand?post=988459"},{"taxonomy":"product_cat","embeddable":true,"href":"https:\/\/zaes.es\/es_do\/wp-json\/wp\/v2\/product_cat?post=988459"},{"taxonomy":"product_tag","embeddable":true,"href":"https:\/\/zaes.es\/es_do\/wp-json\/wp\/v2\/product_tag?post=988459"}],"curies":[{"name":"wp","href":"https:\/\/api.w.org\/{rel}","templated":true}]}}