{"id":988490,"date":"2022-02-15T09:59:18","date_gmt":"2022-02-15T09:59:18","guid":{"rendered":"http:\/\/ceaseformacion.com\/zaes\/?post_type=product&#038;p=988490"},"modified":"2023-03-01T08:29:44","modified_gmt":"2023-03-01T08:29:44","slug":"valvula-de-flotador-en-acero-inoxidable-cod-v80-05-varilla-roscada","status":"publish","type":"product","link":"https:\/\/zaes.es\/es_mx\/producto\/valvula-de-flotador-en-acero-inoxidable-cod-v80-05-varilla-roscada\/","title":{"rendered":"V\u00e1lvula de flotador en acero inoxidable Cod. V80.05 varilla roscada."},"content":{"rendered":"<div class=\"vgblk-rw-wrapper limit-wrapper\">\r\n<h2>Te contamos m\u00e1s sobre la V\u00e1lvula de flotador en acero inoxidable Cod. V80.05 varilla roscada.<\/h2>\r\n<p>&nbsp;<\/p>\r\n<h3>Materiales disponibles:<\/h3>\r\n<p>&#8211; Silicona \/ Silicone<br \/>&#8211; FPM \/ FPM<\/p>\r\n<h3>Embalaje:<\/h3>\r\n<p>Presentaci\u00f3n plastificada en bolsa herm\u00e9tica<br \/>para prevenir su deterioro. <img loading=\"lazy\" decoding=\"async\" title=\"DIMENS~1\" src=\"https:\/\/zaes.es\/wp-content\/uploads\/2022\/02\/DIMENS1-11.png\" sizes=\"auto, (max-width: 768px) 100vw, 100vw\" srcset=\"data:image\/svg+xml;utf8,&lt;svg%20xmlns=&quot;http:\/\/www.w3.org\/2000\/svg&quot;%20viewBox=&quot;0%200%201455%20538&quot;%20height=&quot;538px&quot;%20width=&quot;1455px&quot;\/&gt;\" alt=\"Dimensiones V\u00e1lvula de flotador en acero inoxidable Cod. V80.05 varilla roscada.\" width=\"1455\" height=\"538\" data-srcset=\"https:\/\/zaes.es\/wp-content\/uploads\/2022\/02\/DIMENS1-11.png 1455w, https:\/\/zaes.es\/wp-content\/uploads\/2022\/02\/DIMENS1-11-300x111.png 300w, https:\/\/zaes.es\/wp-content\/uploads\/2022\/02\/DIMENS1-11-1024x379.png 1024w, https:\/\/zaes.es\/wp-content\/uploads\/2022\/02\/DIMENS1-11-768x284.png 768w, https:\/\/zaes.es\/wp-content\/uploads\/2022\/02\/DIMENS1-11-1400x518.png 1400w, https:\/\/zaes.es\/wp-content\/uploads\/2022\/02\/DIMENS1-11-700x259.png 700w, https:\/\/zaes.es\/wp-content\/uploads\/2022\/02\/DIMENS1-11-466x172.png 466w, https:\/\/zaes.es\/wp-content\/uploads\/2022\/02\/DIMENS1-11-933x345.png 933w, https:\/\/zaes.es\/wp-content\/uploads\/2022\/02\/DIMENS1-11-350x129.png 350w\" \/><\/p>\r\n<\/div><!-- .vgblk-rw-wrapper -->","protected":false},"excerpt":{"rendered":"<p>V\u00e1lvula de flotador industrial con cuerpo fabricado en fundici\u00f3n de acero inoxidable AISI 316.<\/p>\n<p>Obturador basculante tipo clapeta con cierre de elastomero, V\u00e1lvula es de paso total con cierre progresivo.<\/p>\n<p>Destinadas al control de nivel en tanques de agua y otros fluidos.<\/p>\n<p>Barra de flotador desmontable.<\/p>\n<div class=\"ButtonProduct\">\n<p><a href=\"https:\/\/zaes.es\/Catalogos_de_Productos\/Valvulas_de_Flotador\/Valvulas_de_flotador_con_roscas_conexion_en_BSP_NPT\/Valvula_de_flotador_en_acero_inoxidable_Cod.V80.05_varilla_roscada.pdf\">DESCARGAR PDF<\/a><\/p>\n<\/div>","protected":false},"featured_media":988493,"template":"","meta":{"inline_featured_image":false},"product_brand":[],"product_cat":[67,84],"product_tag":[95,96,93],"class_list":{"0":"post-988490","1":"product","2":"type-product","3":"status-publish","4":"has-post-thumbnail","6":"product_cat-valvulas-de-flotador","7":"product_cat-valvulas-de-flotador-en-acero-inoxidable-con-conexion-roscas-en-bsp-o-npt","8":"product_tag-gestion-del-agua-agua-potable-y-aguas-residuales","9":"product_tag-limpieza-urbana-y-gestion-de-residuos","10":"product_tag-petroquimica-y-combustibles","12":"first","13":"instock","14":"shipping-taxable","15":"product-type-simple"},"yoast_head":"<!-- This site is optimized with the Yoast SEO plugin v27.3 - https:\/\/yoast.com\/product\/yoast-seo-wordpress\/ -->\n<title>V\u00e1lvula de flotador Cod. V80.05 varilla roscada.- V\u00e1lvulas de Seguridad - Zaes<\/title>\n<meta name=\"description\" content=\"V\u00e1lvula de flotador industrial con cuerpo fabricado en fundici\u00f3n de acero inoxidable AISI 316. V\u00e1lvula es de paso total con cierre progresivo.\" \/>\n<meta name=\"robots\" content=\"index, follow, max-snippet:-1, max-image-preview:large, max-video-preview:-1\" \/>\n<link rel=\"canonical\" href=\"https:\/\/zaes.es\/es_mx\/producto\/valvula-de-flotador-en-acero-inoxidable-cod-v80-05-varilla-roscada\/\" \/>\n<meta property=\"og:locale\" content=\"es_MX\" \/>\n<meta property=\"og:type\" content=\"article\" \/>\n<meta property=\"og:title\" content=\"V\u00e1lvula de flotador Cod. V80.05 varilla roscada.- V\u00e1lvulas de Seguridad - Zaes\" \/>\n<meta property=\"og:description\" content=\"V\u00e1lvula de flotador industrial con cuerpo fabricado en fundici\u00f3n de acero inoxidable AISI 316. V\u00e1lvula es de paso total con cierre progresivo.\" \/>\n<meta property=\"og:url\" content=\"https:\/\/zaes.es\/es_mx\/producto\/valvula-de-flotador-en-acero-inoxidable-cod-v80-05-varilla-roscada\/\" \/>\n<meta property=\"og:site_name\" content=\"V\u00e1lvulas de Seguridad - Zaes\" \/>\n<meta property=\"article:modified_time\" content=\"2023-03-01T08:29:44+00:00\" \/>\n<meta property=\"og:image\" content=\"https:\/\/zaes.es\/wp-content\/uploads\/2022\/02\/VALVUL1-2.jpg\" \/>\n\t<meta property=\"og:image:width\" content=\"1000\" \/>\n\t<meta property=\"og:image:height\" content=\"1000\" \/>\n\t<meta property=\"og:image:type\" content=\"image\/jpeg\" \/>\n<meta name=\"twitter:card\" content=\"summary_large_image\" \/>\n<meta name=\"twitter:label1\" content=\"Tiempo de lectura\" \/>\n\t<meta name=\"twitter:data1\" content=\"1 minuto\" \/>\n<script type=\"application\/ld+json\" class=\"yoast-schema-graph\">{\"@context\":\"https:\\\/\\\/schema.org\",\"@graph\":[{\"@type\":\"WebPage\",\"@id\":\"https:\\\/\\\/zaes.es\\\/es_mx\\\/producto\\\/valvula-de-flotador-en-acero-inoxidable-cod-v80-05-varilla-roscada\\\/\",\"url\":\"https:\\\/\\\/zaes.es\\\/es_mx\\\/producto\\\/valvula-de-flotador-en-acero-inoxidable-cod-v80-05-varilla-roscada\\\/\",\"name\":\"V\u00e1lvula de flotador Cod. V80.05 varilla roscada.- V\u00e1lvulas de Seguridad - Zaes\",\"isPartOf\":{\"@id\":\"https:\\\/\\\/zaes.es\\\/#website\"},\"primaryImageOfPage\":{\"@id\":\"https:\\\/\\\/zaes.es\\\/es_mx\\\/producto\\\/valvula-de-flotador-en-acero-inoxidable-cod-v80-05-varilla-roscada\\\/#primaryimage\"},\"image\":{\"@id\":\"https:\\\/\\\/zaes.es\\\/es_mx\\\/producto\\\/valvula-de-flotador-en-acero-inoxidable-cod-v80-05-varilla-roscada\\\/#primaryimage\"},\"thumbnailUrl\":\"https:\\\/\\\/zaes.es\\\/wp-content\\\/uploads\\\/2022\\\/02\\\/VALVUL1-2.jpg\",\"datePublished\":\"2022-02-15T09:59:18+00:00\",\"dateModified\":\"2023-03-01T08:29:44+00:00\",\"description\":\"V\u00e1lvula de flotador industrial con cuerpo fabricado en fundici\u00f3n de acero inoxidable AISI 316. V\u00e1lvula es de paso total con cierre progresivo.\",\"breadcrumb\":{\"@id\":\"https:\\\/\\\/zaes.es\\\/es_mx\\\/producto\\\/valvula-de-flotador-en-acero-inoxidable-cod-v80-05-varilla-roscada\\\/#breadcrumb\"},\"inLanguage\":\"es\",\"potentialAction\":[{\"@type\":\"ReadAction\",\"target\":[\"https:\\\/\\\/zaes.es\\\/es_mx\\\/producto\\\/valvula-de-flotador-en-acero-inoxidable-cod-v80-05-varilla-roscada\\\/\"]}]},{\"@type\":\"ImageObject\",\"inLanguage\":\"es\",\"@id\":\"https:\\\/\\\/zaes.es\\\/es_mx\\\/producto\\\/valvula-de-flotador-en-acero-inoxidable-cod-v80-05-varilla-roscada\\\/#primaryimage\",\"url\":\"https:\\\/\\\/zaes.es\\\/wp-content\\\/uploads\\\/2022\\\/02\\\/VALVUL1-2.jpg\",\"contentUrl\":\"https:\\\/\\\/zaes.es\\\/wp-content\\\/uploads\\\/2022\\\/02\\\/VALVUL1-2.jpg\",\"width\":1000,\"height\":1000,\"caption\":\"V\u00e1lvula de flotador en acero inoxidable Cod. V80.05 varilla roscada.\"},{\"@type\":\"BreadcrumbList\",\"@id\":\"https:\\\/\\\/zaes.es\\\/es_mx\\\/producto\\\/valvula-de-flotador-en-acero-inoxidable-cod-v80-05-varilla-roscada\\\/#breadcrumb\",\"itemListElement\":[{\"@type\":\"ListItem\",\"position\":1,\"name\":\"Portada\",\"item\":\"https:\\\/\\\/zaes.es\\\/\"},{\"@type\":\"ListItem\",\"position\":2,\"name\":\"Shop\",\"item\":\"https:\\\/\\\/zaes.es\\\/shop\\\/\"},{\"@type\":\"ListItem\",\"position\":3,\"name\":\"V\u00e1lvulas de Flotador\",\"item\":\"https:\\\/\\\/zaes.es\\\/es_mx\\\/categoria-producto\\\/valvulas-de-flotador\\\/\"},{\"@type\":\"ListItem\",\"position\":4,\"name\":\"V\u00e1lvula de flotador en acero inoxidable Cod. V80.05 varilla roscada.\"}]},{\"@type\":\"WebSite\",\"@id\":\"https:\\\/\\\/zaes.es\\\/#website\",\"url\":\"https:\\\/\\\/zaes.es\\\/\",\"name\":\"V\u00e1lvulas de Seguridad - Zaes\",\"description\":\"\",\"publisher\":{\"@id\":\"https:\\\/\\\/zaes.es\\\/#organization\"},\"potentialAction\":[{\"@type\":\"SearchAction\",\"target\":{\"@type\":\"EntryPoint\",\"urlTemplate\":\"https:\\\/\\\/zaes.es\\\/?s={search_term_string}\"},\"query-input\":{\"@type\":\"PropertyValueSpecification\",\"valueRequired\":true,\"valueName\":\"search_term_string\"}}],\"inLanguage\":\"es\"},{\"@type\":\"Organization\",\"@id\":\"https:\\\/\\\/zaes.es\\\/#organization\",\"name\":\"V\u00e1lvulas de Seguridad - Zaes\",\"url\":\"https:\\\/\\\/zaes.es\\\/\",\"logo\":{\"@type\":\"ImageObject\",\"inLanguage\":\"es\",\"@id\":\"https:\\\/\\\/zaes.es\\\/#\\\/schema\\\/logo\\\/image\\\/\",\"url\":\"https:\\\/\\\/zaes.es\\\/wp-content\\\/uploads\\\/2017\\\/07\\\/cropped-zaes-logofooter.png\",\"contentUrl\":\"https:\\\/\\\/zaes.es\\\/wp-content\\\/uploads\\\/2017\\\/07\\\/cropped-zaes-logofooter.png\",\"width\":233,\"height\":85,\"caption\":\"V\u00e1lvulas de Seguridad - Zaes\"},\"image\":{\"@id\":\"https:\\\/\\\/zaes.es\\\/#\\\/schema\\\/logo\\\/image\\\/\"}}]}<\/script>\n<!-- \/ Yoast SEO plugin. -->","yoast_head_json":{"title":"V\u00e1lvula de flotador Cod. V80.05 varilla roscada.- V\u00e1lvulas de Seguridad - Zaes","description":"V\u00e1lvula de flotador industrial con cuerpo fabricado en fundici\u00f3n de acero inoxidable AISI 316. V\u00e1lvula es de paso total con cierre progresivo.","robots":{"index":"index","follow":"follow","max-snippet":"max-snippet:-1","max-image-preview":"max-image-preview:large","max-video-preview":"max-video-preview:-1"},"canonical":"https:\/\/zaes.es\/es_mx\/producto\/valvula-de-flotador-en-acero-inoxidable-cod-v80-05-varilla-roscada\/","og_locale":"es_MX","og_type":"article","og_title":"V\u00e1lvula de flotador Cod. V80.05 varilla roscada.- V\u00e1lvulas de Seguridad - Zaes","og_description":"V\u00e1lvula de flotador industrial con cuerpo fabricado en fundici\u00f3n de acero inoxidable AISI 316. V\u00e1lvula es de paso total con cierre progresivo.","og_url":"https:\/\/zaes.es\/es_mx\/producto\/valvula-de-flotador-en-acero-inoxidable-cod-v80-05-varilla-roscada\/","og_site_name":"V\u00e1lvulas de Seguridad - Zaes","article_modified_time":"2023-03-01T08:29:44+00:00","og_image":[{"width":1000,"height":1000,"url":"https:\/\/zaes.es\/wp-content\/uploads\/2022\/02\/VALVUL1-2.jpg","type":"image\/jpeg"}],"twitter_card":"summary_large_image","twitter_misc":{"Tiempo de lectura":"1 minuto"},"schema":{"@context":"https:\/\/schema.org","@graph":[{"@type":"WebPage","@id":"https:\/\/zaes.es\/es_mx\/producto\/valvula-de-flotador-en-acero-inoxidable-cod-v80-05-varilla-roscada\/","url":"https:\/\/zaes.es\/es_mx\/producto\/valvula-de-flotador-en-acero-inoxidable-cod-v80-05-varilla-roscada\/","name":"V\u00e1lvula de flotador Cod. V80.05 varilla roscada.- V\u00e1lvulas de Seguridad - Zaes","isPartOf":{"@id":"https:\/\/zaes.es\/#website"},"primaryImageOfPage":{"@id":"https:\/\/zaes.es\/es_mx\/producto\/valvula-de-flotador-en-acero-inoxidable-cod-v80-05-varilla-roscada\/#primaryimage"},"image":{"@id":"https:\/\/zaes.es\/es_mx\/producto\/valvula-de-flotador-en-acero-inoxidable-cod-v80-05-varilla-roscada\/#primaryimage"},"thumbnailUrl":"https:\/\/zaes.es\/wp-content\/uploads\/2022\/02\/VALVUL1-2.jpg","datePublished":"2022-02-15T09:59:18+00:00","dateModified":"2023-03-01T08:29:44+00:00","description":"V\u00e1lvula de flotador industrial con cuerpo fabricado en fundici\u00f3n de acero inoxidable AISI 316. V\u00e1lvula es de paso total con cierre progresivo.","breadcrumb":{"@id":"https:\/\/zaes.es\/es_mx\/producto\/valvula-de-flotador-en-acero-inoxidable-cod-v80-05-varilla-roscada\/#breadcrumb"},"inLanguage":"es","potentialAction":[{"@type":"ReadAction","target":["https:\/\/zaes.es\/es_mx\/producto\/valvula-de-flotador-en-acero-inoxidable-cod-v80-05-varilla-roscada\/"]}]},{"@type":"ImageObject","inLanguage":"es","@id":"https:\/\/zaes.es\/es_mx\/producto\/valvula-de-flotador-en-acero-inoxidable-cod-v80-05-varilla-roscada\/#primaryimage","url":"https:\/\/zaes.es\/wp-content\/uploads\/2022\/02\/VALVUL1-2.jpg","contentUrl":"https:\/\/zaes.es\/wp-content\/uploads\/2022\/02\/VALVUL1-2.jpg","width":1000,"height":1000,"caption":"V\u00e1lvula de flotador en acero inoxidable Cod. V80.05 varilla roscada."},{"@type":"BreadcrumbList","@id":"https:\/\/zaes.es\/es_mx\/producto\/valvula-de-flotador-en-acero-inoxidable-cod-v80-05-varilla-roscada\/#breadcrumb","itemListElement":[{"@type":"ListItem","position":1,"name":"Portada","item":"https:\/\/zaes.es\/"},{"@type":"ListItem","position":2,"name":"Shop","item":"https:\/\/zaes.es\/shop\/"},{"@type":"ListItem","position":3,"name":"V\u00e1lvulas de Flotador","item":"https:\/\/zaes.es\/es_mx\/categoria-producto\/valvulas-de-flotador\/"},{"@type":"ListItem","position":4,"name":"V\u00e1lvula de flotador en acero inoxidable Cod. V80.05 varilla roscada."}]},{"@type":"WebSite","@id":"https:\/\/zaes.es\/#website","url":"https:\/\/zaes.es\/","name":"V\u00e1lvulas de Seguridad - Zaes","description":"","publisher":{"@id":"https:\/\/zaes.es\/#organization"},"potentialAction":[{"@type":"SearchAction","target":{"@type":"EntryPoint","urlTemplate":"https:\/\/zaes.es\/?s={search_term_string}"},"query-input":{"@type":"PropertyValueSpecification","valueRequired":true,"valueName":"search_term_string"}}],"inLanguage":"es"},{"@type":"Organization","@id":"https:\/\/zaes.es\/#organization","name":"V\u00e1lvulas de Seguridad - Zaes","url":"https:\/\/zaes.es\/","logo":{"@type":"ImageObject","inLanguage":"es","@id":"https:\/\/zaes.es\/#\/schema\/logo\/image\/","url":"https:\/\/zaes.es\/wp-content\/uploads\/2017\/07\/cropped-zaes-logofooter.png","contentUrl":"https:\/\/zaes.es\/wp-content\/uploads\/2017\/07\/cropped-zaes-logofooter.png","width":233,"height":85,"caption":"V\u00e1lvulas de Seguridad - Zaes"},"image":{"@id":"https:\/\/zaes.es\/#\/schema\/logo\/image\/"}}]}},"_links":{"self":[{"href":"https:\/\/zaes.es\/es_mx\/wp-json\/wp\/v2\/product\/988490","targetHints":{"allow":["GET"]}}],"collection":[{"href":"https:\/\/zaes.es\/es_mx\/wp-json\/wp\/v2\/product"}],"about":[{"href":"https:\/\/zaes.es\/es_mx\/wp-json\/wp\/v2\/types\/product"}],"wp:featuredmedia":[{"embeddable":true,"href":"https:\/\/zaes.es\/es_mx\/wp-json\/wp\/v2\/media\/988493"}],"wp:attachment":[{"href":"https:\/\/zaes.es\/es_mx\/wp-json\/wp\/v2\/media?parent=988490"}],"wp:term":[{"taxonomy":"product_brand","embeddable":true,"href":"https:\/\/zaes.es\/es_mx\/wp-json\/wp\/v2\/product_brand?post=988490"},{"taxonomy":"product_cat","embeddable":true,"href":"https:\/\/zaes.es\/es_mx\/wp-json\/wp\/v2\/product_cat?post=988490"},{"taxonomy":"product_tag","embeddable":true,"href":"https:\/\/zaes.es\/es_mx\/wp-json\/wp\/v2\/product_tag?post=988490"}],"curies":[{"name":"wp","href":"https:\/\/api.w.org\/{rel}","templated":true}]}}