{"id":987945,"date":"2022-02-03T10:59:10","date_gmt":"2022-02-03T10:59:10","guid":{"rendered":"http:\/\/ceaseformacion.com\/zaes\/?page_id=987945"},"modified":"2023-03-03T11:09:25","modified_gmt":"2023-03-03T11:09:25","slug":"valvulas-de-seguridad","status":"publish","type":"page","link":"https:\/\/zaes.es\/es_pe\/productos\/valvulas-de-seguridad\/","title":{"rendered":"V\u00e1lvulas de Seguridad"},"content":{"rendered":"<div class=\"vgblk-rw-wrapper limit-wrapper\">\n\n\t<p><a href=\"https:\/\/zaes.es\/es_pe\/contacto\/\">SOLICITA INFORMACI\u00d3N<\/a><\/p>\n<h1>\n\tQue es una v\u00e1lvula<br \/><strong>de Seguridad<\/strong>\n\t<\/h1>\n\t<p>La v\u00e1lvula de seguridad es un dispositivo de seguridad utilizado para evacuar el caudal de fluido necesario de un, recipiente una instalaci\u00f3n o equipo a presi\u00f3n, de tal forma que no supere constantemente la presi\u00f3n m\u00e1xima admisible.<\/p>\n<h2>\n\tCaracter\u00edsticas y funciones <br \/><strong>de una v\u00e1lvula de seguridad<\/strong>\n\t<\/h2>\n\t<p>La funci\u00f3n una v\u00e1lvula de seguridad es principalmente la de proteger personas e instalaciones. Las v\u00e1lvulas de seguridad deben instalarse en aquellas instalaciones y equipos en los que el l\u00edmite de una presi\u00f3n m\u00e1xima tiene que \u00a0ser garantizado. El l\u00edmite de presi\u00f3n puede sobrepasarse por distintas causas , incluyendo sobrepresiones, fallos de control, picos de presi\u00f3n, variaci\u00f3n de temperatura, etc.<\/p>\n\t<a href=\"https:\/\/zaes.es\/es_pe\/categor%c3%ada+de+producto\/valvula-de-seguridad\/\" target=\"_self\" role=\"button\" rel=\"noopener\">\n\t\t\t\t\tVER V\u00c1LVULAS DE SEGURIDAD\n\t<\/a>\n\t\t\t\t\t\t\t<img decoding=\"async\" loading=\"lazy\" src=\"https:\/\/zaes.es\/wp-content\/uploads\/2022\/02\/Whitevalvula-seguridad-600x600-1.jpg\" alt=\"valvula-seguridad\" itemprop=\"image\" height=\"600\" width=\"600\" title=\"Whitevalvula-seguridad-600x600\" onerror=\"this.style.display='none'\"  sizes=\"auto, (max-width: 768px) 100vw, 100vw\" srcset=\"https:\/\/zaes.es\/wp-content\/uploads\/2022\/02\/Whitevalvula-seguridad-600x600-1.jpg 600w, https:\/\/zaes.es\/wp-content\/uploads\/2022\/02\/Whitevalvula-seguridad-600x600-1-300x300.jpg 300w, https:\/\/zaes.es\/wp-content\/uploads\/2022\/02\/Whitevalvula-seguridad-600x600-1-150x150.jpg 150w, https:\/\/zaes.es\/wp-content\/uploads\/2022\/02\/Whitevalvula-seguridad-600x600-1-466x466.jpg 466w, https:\/\/zaes.es\/wp-content\/uploads\/2022\/02\/Whitevalvula-seguridad-600x600-1-350x350.jpg 350w, https:\/\/zaes.es\/wp-content\/uploads\/2022\/02\/Whitevalvula-seguridad-600x600-1-100x100.jpg 100w\" \/>\t\t\t\t\t\t\t\n<h2>\n\t\u00bfQ\u00fae tipos de Valvulas de <br \/><strong> Seguridad existen?<\/strong>\n\t<\/h2>\n<h4>\n\tV\u00e1lvulas con muelle de acci\u00f3n directa\n\t<\/h4>\n<h4>\n\tV\u00e1lvulas pilotadas\n\t<\/h4>\n<h2>\n\t<strong>En Zaes como fabricante de v\u00e1lvulas de seguridad, desde hace m\u00e1s de 60 a\u00f1os, les garantizamos un producto de calidad para sus instalaciones.<\/strong>\n\t<\/h2>\n\t<p>La correcta manipulaci\u00f3n e instalaci\u00f3n en una v\u00e1lvula de seguridad son claves para evitar el mal funcionamiento del dispositivo.<\/p>\n\t\t\t\t\t\t\t<img decoding=\"async\" loading=\"lazy\" src=\"https:\/\/zaes.es\/wp-content\/uploads\/2023\/03\/V70-Valvula-Seguridad-Escape-Conducido-con-Palanca-PED-2014.68.CE-Safety-Valve-Enclosed-Discharge-With-Lever-PED-2014.68.png\" alt=\"V70-Valvula-Seguridad-Escape-Conducido-con-Palanca-PED-2014.68.CE---Safety-Valve-Enclosed-Discharge-With-Lever-PED-2014.68\" itemprop=\"image\" height=\"1000\" width=\"1000\" title=\"V70-Valvula-Seguridad-Escape-Conducido-con-Palanca-PED-2014.68.CE---Safety-Valve-Enclosed-Discharge-With-Lever-PED-2014.68\" onerror=\"this.style.display='none'\"  sizes=\"auto, (max-width: 768px) 100vw, 100vw\" srcset=\"https:\/\/zaes.es\/wp-content\/uploads\/2023\/03\/V70-Valvula-Seguridad-Escape-Conducido-con-Palanca-PED-2014.68.CE-Safety-Valve-Enclosed-Discharge-With-Lever-PED-2014.68.png 1000w, https:\/\/zaes.es\/wp-content\/uploads\/2023\/03\/V70-Valvula-Seguridad-Escape-Conducido-con-Palanca-PED-2014.68.CE-Safety-Valve-Enclosed-Discharge-With-Lever-PED-2014.68-300x300.png 300w, https:\/\/zaes.es\/wp-content\/uploads\/2023\/03\/V70-Valvula-Seguridad-Escape-Conducido-con-Palanca-PED-2014.68.CE-Safety-Valve-Enclosed-Discharge-With-Lever-PED-2014.68-150x150.png 150w, https:\/\/zaes.es\/wp-content\/uploads\/2023\/03\/V70-Valvula-Seguridad-Escape-Conducido-con-Palanca-PED-2014.68.CE-Safety-Valve-Enclosed-Discharge-With-Lever-PED-2014.68-768x768.png 768w, https:\/\/zaes.es\/wp-content\/uploads\/2023\/03\/V70-Valvula-Seguridad-Escape-Conducido-con-Palanca-PED-2014.68.CE-Safety-Valve-Enclosed-Discharge-With-Lever-PED-2014.68-12x12.png 12w, https:\/\/zaes.es\/wp-content\/uploads\/2023\/03\/V70-Valvula-Seguridad-Escape-Conducido-con-Palanca-PED-2014.68.CE-Safety-Valve-Enclosed-Discharge-With-Lever-PED-2014.68-700x700.png 700w, https:\/\/zaes.es\/wp-content\/uploads\/2023\/03\/V70-Valvula-Seguridad-Escape-Conducido-con-Palanca-PED-2014.68.CE-Safety-Valve-Enclosed-Discharge-With-Lever-PED-2014.68-466x466.png 466w, https:\/\/zaes.es\/wp-content\/uploads\/2023\/03\/V70-Valvula-Seguridad-Escape-Conducido-con-Palanca-PED-2014.68.CE-Safety-Valve-Enclosed-Discharge-With-Lever-PED-2014.68-933x933.png 933w, https:\/\/zaes.es\/wp-content\/uploads\/2023\/03\/V70-Valvula-Seguridad-Escape-Conducido-con-Palanca-PED-2014.68.CE-Safety-Valve-Enclosed-Discharge-With-Lever-PED-2014.68-350x350.png 350w, https:\/\/zaes.es\/wp-content\/uploads\/2023\/03\/V70-Valvula-Seguridad-Escape-Conducido-con-Palanca-PED-2014.68.CE-Safety-Valve-Enclosed-Discharge-With-Lever-PED-2014.68-100x100.png 100w\" \/>\t\t\t\t\t\t\t\n<h2>\n\t\u00bfC\u00f3mo se calcula una <strong>v\u00e1lvula de seguridad?<\/strong>\n\t<\/h2>\n\t<p>Para realizar un correcto dimensionamiento de una v\u00e1lvula de seguridad es imprescindible conocer los siguientes datos<\/p>\n<h2>\n\tDiferencias entre V\u00e1lvulas de Alivio y<br \/><strong>V\u00e1lvula de Seguridad<\/strong>\n\t<\/h2>\n\t<p>A pesar de tener la misma finalidad, evitar sobrepresiones en sistemas con riesgo de sobrepresi\u00f3n, la diferencia entre una v\u00e1lvula de seguridad y una de alivio es que la v\u00e1lvula de seguridad protege el equipo o sistema expulsando el fluido, tras una sobre presi\u00f3n, al exterior del sistema mientras que una v\u00e1lvula de prioriza conservar el flujo de la instalaci\u00f3n aliviando dentro y solamente se abrir\u00e1 para expulsar presi\u00f3n y fluido fuera de la instalaci\u00f3n en caso que la presi\u00f3n la presi\u00f3n comience a incrementarse progresivamente.<\/p>\n\t\t\t\t\t\t\t<img decoding=\"async\" loading=\"lazy\" src=\"https:\/\/zaes.es\/wp-content\/uploads\/2022\/02\/Whitevalvula-seguridad-600x600-1.jpg\" alt=\"valvula-seguridad\" itemprop=\"image\" height=\"600\" width=\"600\" title=\"Whitevalvula-seguridad-600x600\" onerror=\"this.style.display='none'\"  sizes=\"auto, (max-width: 768px) 100vw, 100vw\" srcset=\"https:\/\/zaes.es\/wp-content\/uploads\/2022\/02\/Whitevalvula-seguridad-600x600-1.jpg 600w, https:\/\/zaes.es\/wp-content\/uploads\/2022\/02\/Whitevalvula-seguridad-600x600-1-300x300.jpg 300w, https:\/\/zaes.es\/wp-content\/uploads\/2022\/02\/Whitevalvula-seguridad-600x600-1-150x150.jpg 150w, https:\/\/zaes.es\/wp-content\/uploads\/2022\/02\/Whitevalvula-seguridad-600x600-1-466x466.jpg 466w, https:\/\/zaes.es\/wp-content\/uploads\/2022\/02\/Whitevalvula-seguridad-600x600-1-350x350.jpg 350w, https:\/\/zaes.es\/wp-content\/uploads\/2022\/02\/Whitevalvula-seguridad-600x600-1-100x100.jpg 100w\" \/>\t\t\t\t\t\t\t\n\n<\/div><!-- .vgblk-rw-wrapper -->","protected":false},"excerpt":{"rendered":"<p>SOLICITA INFORMACI\u00d3N Que es una v\u00e1lvulade Seguridad La v\u00e1lvula de seguridad es un dispositivo de seguridad utilizado para evacuar el caudal de fluido necesario de un, recipiente una instalaci\u00f3n o equipo a presi\u00f3n, de tal forma que no supere constantemente la presi\u00f3n m\u00e1xima admisible. Caracter\u00edsticas y funciones de una v\u00e1lvula de seguridad La funci\u00f3n una&#8230;<\/p>","protected":false},"author":1,"featured_media":0,"parent":987852,"menu_order":0,"comment_status":"closed","ping_status":"closed","template":"","meta":{"inline_featured_image":false,"footnotes":""},"class_list":["post-987945","page","type-page","status-publish","hentry"],"yoast_head":"<!-- This site is optimized with the Yoast SEO plugin v27.3 - https:\/\/yoast.com\/product\/yoast-seo-wordpress\/ -->\n<title>V\u00e1lvulas de seguridad - Zaes - Fabricantes V\u00e1lvulas de seguridad<\/title>\n<meta name=\"description\" content=\"La v\u00e1lvula de seguridad es un dispositivo de seguridad utilizado para evacuar el caudal de fluido necesario de un recipiente...\" \/>\n<meta name=\"robots\" content=\"index, follow, max-snippet:-1, max-image-preview:large, max-video-preview:-1\" \/>\n<link rel=\"canonical\" href=\"https:\/\/zaes.es\/es_pe\/productos\/valvulas-de-seguridad\/\" \/>\n<meta property=\"og:locale\" content=\"es_ES\" \/>\n<meta property=\"og:type\" content=\"article\" \/>\n<meta property=\"og:title\" content=\"V\u00e1lvulas de seguridad - Zaes - Fabricantes V\u00e1lvulas de seguridad\" \/>\n<meta property=\"og:description\" content=\"La v\u00e1lvula de seguridad es un dispositivo de seguridad utilizado para evacuar el caudal de fluido necesario de un recipiente...\" \/>\n<meta property=\"og:url\" content=\"https:\/\/zaes.es\/es_pe\/productos\/valvulas-de-seguridad\/\" \/>\n<meta property=\"og:site_name\" content=\"V\u00e1lvulas de Seguridad - Zaes\" \/>\n<meta property=\"article:modified_time\" content=\"2023-03-03T11:09:25+00:00\" \/>\n<meta property=\"og:image\" content=\"https:\/\/zaes.es\/wp-content\/uploads\/2022\/02\/Whitevalvula-seguridad-600x600-1.jpg\" \/>\n<meta name=\"twitter:card\" content=\"summary_large_image\" \/>\n<meta name=\"twitter:label1\" content=\"Est. reading time\" \/>\n\t<meta name=\"twitter:data1\" content=\"2 minutos\" \/>\n<script type=\"application\/ld+json\" class=\"yoast-schema-graph\">{\"@context\":\"https:\\\/\\\/schema.org\",\"@graph\":[{\"@type\":\"WebPage\",\"@id\":\"https:\\\/\\\/zaes.es\\\/productos\\\/valvulas-de-seguridad\\\/\",\"url\":\"https:\\\/\\\/zaes.es\\\/productos\\\/valvulas-de-seguridad\\\/\",\"name\":\"V\u00e1lvulas de seguridad - Zaes - Fabricantes V\u00e1lvulas de seguridad\",\"isPartOf\":{\"@id\":\"https:\\\/\\\/zaes.es\\\/#website\"},\"primaryImageOfPage\":{\"@id\":\"https:\\\/\\\/zaes.es\\\/productos\\\/valvulas-de-seguridad\\\/#primaryimage\"},\"image\":{\"@id\":\"https:\\\/\\\/zaes.es\\\/productos\\\/valvulas-de-seguridad\\\/#primaryimage\"},\"thumbnailUrl\":\"https:\\\/\\\/zaes.es\\\/wp-content\\\/uploads\\\/2022\\\/02\\\/Whitevalvula-seguridad-600x600-1.jpg\",\"datePublished\":\"2022-02-03T10:59:10+00:00\",\"dateModified\":\"2023-03-03T11:09:25+00:00\",\"description\":\"La v\u00e1lvula de seguridad es un dispositivo de seguridad utilizado para evacuar el caudal de fluido necesario de un recipiente...\",\"breadcrumb\":{\"@id\":\"https:\\\/\\\/zaes.es\\\/productos\\\/valvulas-de-seguridad\\\/#breadcrumb\"},\"inLanguage\":\"es-PE\",\"potentialAction\":[{\"@type\":\"ReadAction\",\"target\":[\"https:\\\/\\\/zaes.es\\\/productos\\\/valvulas-de-seguridad\\\/\"]}]},{\"@type\":\"ImageObject\",\"inLanguage\":\"es-PE\",\"@id\":\"https:\\\/\\\/zaes.es\\\/productos\\\/valvulas-de-seguridad\\\/#primaryimage\",\"url\":\"https:\\\/\\\/zaes.es\\\/wp-content\\\/uploads\\\/2022\\\/02\\\/Whitevalvula-seguridad-600x600-1.jpg\",\"contentUrl\":\"https:\\\/\\\/zaes.es\\\/wp-content\\\/uploads\\\/2022\\\/02\\\/Whitevalvula-seguridad-600x600-1.jpg\"},{\"@type\":\"BreadcrumbList\",\"@id\":\"https:\\\/\\\/zaes.es\\\/productos\\\/valvulas-de-seguridad\\\/#breadcrumb\",\"itemListElement\":[{\"@type\":\"ListItem\",\"position\":1,\"name\":\"Portada\",\"item\":\"https:\\\/\\\/zaes.es\\\/\"},{\"@type\":\"ListItem\",\"position\":2,\"name\":\"Productos\",\"item\":\"https:\\\/\\\/zaes.es\\\/productos\\\/\"},{\"@type\":\"ListItem\",\"position\":3,\"name\":\"V\u00e1lvulas de Seguridad\"}]},{\"@type\":\"WebSite\",\"@id\":\"https:\\\/\\\/zaes.es\\\/#website\",\"url\":\"https:\\\/\\\/zaes.es\\\/\",\"name\":\"V\u00e1lvulas de Seguridad - Zaes\",\"description\":\"\",\"publisher\":{\"@id\":\"https:\\\/\\\/zaes.es\\\/#organization\"},\"potentialAction\":[{\"@type\":\"SearchAction\",\"target\":{\"@type\":\"EntryPoint\",\"urlTemplate\":\"https:\\\/\\\/zaes.es\\\/?s={search_term_string}\"},\"query-input\":{\"@type\":\"PropertyValueSpecification\",\"valueRequired\":true,\"valueName\":\"search_term_string\"}}],\"inLanguage\":\"es-PE\"},{\"@type\":\"Organization\",\"@id\":\"https:\\\/\\\/zaes.es\\\/#organization\",\"name\":\"V\u00e1lvulas de Seguridad - Zaes\",\"url\":\"https:\\\/\\\/zaes.es\\\/\",\"logo\":{\"@type\":\"ImageObject\",\"inLanguage\":\"es-PE\",\"@id\":\"https:\\\/\\\/zaes.es\\\/#\\\/schema\\\/logo\\\/image\\\/\",\"url\":\"https:\\\/\\\/zaes.es\\\/wp-content\\\/uploads\\\/2017\\\/07\\\/cropped-zaes-logofooter.png\",\"contentUrl\":\"https:\\\/\\\/zaes.es\\\/wp-content\\\/uploads\\\/2017\\\/07\\\/cropped-zaes-logofooter.png\",\"width\":233,\"height\":85,\"caption\":\"V\u00e1lvulas de Seguridad - Zaes\"},\"image\":{\"@id\":\"https:\\\/\\\/zaes.es\\\/#\\\/schema\\\/logo\\\/image\\\/\"}}]}<\/script>\n<!-- \/ Yoast SEO plugin. -->","yoast_head_json":{"title":"V\u00e1lvulas de seguridad - Zaes - Fabricantes V\u00e1lvulas de seguridad","description":"La v\u00e1lvula de seguridad es un dispositivo de seguridad utilizado para evacuar el caudal de fluido necesario de un recipiente...","robots":{"index":"index","follow":"follow","max-snippet":"max-snippet:-1","max-image-preview":"max-image-preview:large","max-video-preview":"max-video-preview:-1"},"canonical":"https:\/\/zaes.es\/es_pe\/productos\/valvulas-de-seguridad\/","og_locale":"es_ES","og_type":"article","og_title":"V\u00e1lvulas de seguridad - Zaes - Fabricantes V\u00e1lvulas de seguridad","og_description":"La v\u00e1lvula de seguridad es un dispositivo de seguridad utilizado para evacuar el caudal de fluido necesario de un recipiente...","og_url":"https:\/\/zaes.es\/es_pe\/productos\/valvulas-de-seguridad\/","og_site_name":"V\u00e1lvulas de Seguridad - Zaes","article_modified_time":"2023-03-03T11:09:25+00:00","og_image":[{"url":"https:\/\/zaes.es\/wp-content\/uploads\/2022\/02\/Whitevalvula-seguridad-600x600-1.jpg","type":"","width":"","height":""}],"twitter_card":"summary_large_image","twitter_misc":{"Est. reading time":"2 minutos"},"schema":{"@context":"https:\/\/schema.org","@graph":[{"@type":"WebPage","@id":"https:\/\/zaes.es\/productos\/valvulas-de-seguridad\/","url":"https:\/\/zaes.es\/productos\/valvulas-de-seguridad\/","name":"V\u00e1lvulas de seguridad - Zaes - Fabricantes V\u00e1lvulas de seguridad","isPartOf":{"@id":"https:\/\/zaes.es\/#website"},"primaryImageOfPage":{"@id":"https:\/\/zaes.es\/productos\/valvulas-de-seguridad\/#primaryimage"},"image":{"@id":"https:\/\/zaes.es\/productos\/valvulas-de-seguridad\/#primaryimage"},"thumbnailUrl":"https:\/\/zaes.es\/wp-content\/uploads\/2022\/02\/Whitevalvula-seguridad-600x600-1.jpg","datePublished":"2022-02-03T10:59:10+00:00","dateModified":"2023-03-03T11:09:25+00:00","description":"La v\u00e1lvula de seguridad es un dispositivo de seguridad utilizado para evacuar el caudal de fluido necesario de un recipiente...","breadcrumb":{"@id":"https:\/\/zaes.es\/productos\/valvulas-de-seguridad\/#breadcrumb"},"inLanguage":"es-PE","potentialAction":[{"@type":"ReadAction","target":["https:\/\/zaes.es\/productos\/valvulas-de-seguridad\/"]}]},{"@type":"ImageObject","inLanguage":"es-PE","@id":"https:\/\/zaes.es\/productos\/valvulas-de-seguridad\/#primaryimage","url":"https:\/\/zaes.es\/wp-content\/uploads\/2022\/02\/Whitevalvula-seguridad-600x600-1.jpg","contentUrl":"https:\/\/zaes.es\/wp-content\/uploads\/2022\/02\/Whitevalvula-seguridad-600x600-1.jpg"},{"@type":"BreadcrumbList","@id":"https:\/\/zaes.es\/productos\/valvulas-de-seguridad\/#breadcrumb","itemListElement":[{"@type":"ListItem","position":1,"name":"Portada","item":"https:\/\/zaes.es\/"},{"@type":"ListItem","position":2,"name":"Productos","item":"https:\/\/zaes.es\/productos\/"},{"@type":"ListItem","position":3,"name":"V\u00e1lvulas de Seguridad"}]},{"@type":"WebSite","@id":"https:\/\/zaes.es\/#website","url":"https:\/\/zaes.es\/","name":"V\u00e1lvulas de Seguridad - Zaes","description":"","publisher":{"@id":"https:\/\/zaes.es\/#organization"},"potentialAction":[{"@type":"SearchAction","target":{"@type":"EntryPoint","urlTemplate":"https:\/\/zaes.es\/?s={search_term_string}"},"query-input":{"@type":"PropertyValueSpecification","valueRequired":true,"valueName":"search_term_string"}}],"inLanguage":"es-PE"},{"@type":"Organization","@id":"https:\/\/zaes.es\/#organization","name":"V\u00e1lvulas de Seguridad - Zaes","url":"https:\/\/zaes.es\/","logo":{"@type":"ImageObject","inLanguage":"es-PE","@id":"https:\/\/zaes.es\/#\/schema\/logo\/image\/","url":"https:\/\/zaes.es\/wp-content\/uploads\/2017\/07\/cropped-zaes-logofooter.png","contentUrl":"https:\/\/zaes.es\/wp-content\/uploads\/2017\/07\/cropped-zaes-logofooter.png","width":233,"height":85,"caption":"V\u00e1lvulas de Seguridad - Zaes"},"image":{"@id":"https:\/\/zaes.es\/#\/schema\/logo\/image\/"}}]}},"_links":{"self":[{"href":"https:\/\/zaes.es\/es_pe\/wp-json\/wp\/v2\/pages\/987945","targetHints":{"allow":["GET"]}}],"collection":[{"href":"https:\/\/zaes.es\/es_pe\/wp-json\/wp\/v2\/pages"}],"about":[{"href":"https:\/\/zaes.es\/es_pe\/wp-json\/wp\/v2\/types\/page"}],"author":[{"embeddable":true,"href":"https:\/\/zaes.es\/es_pe\/wp-json\/wp\/v2\/users\/1"}],"replies":[{"embeddable":true,"href":"https:\/\/zaes.es\/es_pe\/wp-json\/wp\/v2\/comments?post=987945"}],"version-history":[{"count":51,"href":"https:\/\/zaes.es\/es_pe\/wp-json\/wp\/v2\/pages\/987945\/revisions"}],"predecessor-version":[{"id":990584,"href":"https:\/\/zaes.es\/es_pe\/wp-json\/wp\/v2\/pages\/987945\/revisions\/990584"}],"up":[{"embeddable":true,"href":"https:\/\/zaes.es\/es_pe\/wp-json\/wp\/v2\/pages\/987852"}],"wp:attachment":[{"href":"https:\/\/zaes.es\/es_pe\/wp-json\/wp\/v2\/media?parent=987945"}],"curies":[{"name":"wp","href":"https:\/\/api.w.org\/{rel}","templated":true}]}}