{"id":988697,"date":"2022-02-16T11:42:57","date_gmt":"2022-02-16T11:42:57","guid":{"rendered":"http:\/\/ceaseformacion.com\/zaes\/?post_type=product&#038;p=988697"},"modified":"2023-03-01T08:14:43","modified_gmt":"2023-03-01T08:14:43","slug":"manifold-3-valvulas-en-angulo-2-vias-montaje-remoto-hembra-con-drenaje-cod-v107","status":"publish","type":"product","link":"https:\/\/zaes.es\/es_pe\/producto\/manifold-3-valvulas-en-angulo-2-vias-montaje-remoto-hembra-con-drenaje-cod-v107\/","title":{"rendered":"Manifold 3 V\u00e1lvulas en \u00c1ngulo 2 V\u00edas Montaje Remoto Hembra con drenaje Cod. V107"},"content":{"rendered":"<div class=\"vgblk-rw-wrapper limit-wrapper\">\r\n<h2>Te contamos m\u00e1s sobre el Manifold 3 V\u00e1lvulas en \u00c1ngulo 2 V\u00edas Montaje Remoto Hembra con<br \/>drenaje Cod. V107<\/h2>\r\n<h3>Materiales disponibles<\/h3>\r\n<p>&#8211; AISI 304 SS \/ AISI 316 SS\/ AISI 316L SS<br \/>&#8211; Acero Carbono \/ Carbon Steel<br \/>&#8211; Monel, Inconel, Hastelloy, Duplex, Super<br \/>Duplex<\/p>\r\n<h3>Empaquetaduras disponibles:<\/h3>\r\n<p>&#8211; PTFE<br \/>&#8211; Grafito<\/p>\r\n<h3>Embalaje:<\/h3>\r\n<p>Presentaci\u00f3n plastificada en bolsa herm\u00e9tica para prevenir su deterior y embalada en\u00a0 caja de cart\u00f3n unitaria.<\/p>\r\n<p><img loading=\"lazy\" decoding=\"async\" title=\"DIMENS~1\" src=\"https:\/\/zaes.es\/wp-content\/uploads\/2022\/02\/DIMENS1-25.jpg\" sizes=\"auto, (max-width: 768px) 100vw, 100vw\" srcset=\"data:image\/svg+xml;utf8,&lt;svg%20xmlns=&quot;http:\/\/www.w3.org\/2000\/svg&quot;%20viewBox=&quot;0%200%201453%20229&quot;%20height=&quot;229px&quot;%20width=&quot;1453px&quot;\/&gt;\" alt=\"Dimensiones Manifold_3_Valvulas_en_Angulo_2_Vias_Montaje_Remoto_Hembra_drenaje_Cod.V107\" width=\"1453\" height=\"229\" data-srcset=\"https:\/\/zaes.es\/wp-content\/uploads\/2022\/02\/DIMENS1-25.jpg 1453w, https:\/\/zaes.es\/wp-content\/uploads\/2022\/02\/DIMENS1-25-300x47.jpg 300w, https:\/\/zaes.es\/wp-content\/uploads\/2022\/02\/DIMENS1-25-1024x161.jpg 1024w, https:\/\/zaes.es\/wp-content\/uploads\/2022\/02\/DIMENS1-25-768x121.jpg 768w, https:\/\/zaes.es\/wp-content\/uploads\/2022\/02\/DIMENS1-25-1400x221.jpg 1400w, https:\/\/zaes.es\/wp-content\/uploads\/2022\/02\/DIMENS1-25-700x110.jpg 700w, https:\/\/zaes.es\/wp-content\/uploads\/2022\/02\/DIMENS1-25-466x73.jpg 466w, https:\/\/zaes.es\/wp-content\/uploads\/2022\/02\/DIMENS1-25-933x147.jpg 933w, https:\/\/zaes.es\/wp-content\/uploads\/2022\/02\/DIMENS1-25-350x55.jpg 350w\" \/><\/p>\r\n<\/div><!-- .vgblk-rw-wrapper -->","protected":false},"excerpt":{"rendered":"<p>El manifold con v\u00e1lvulas de aguja Zaes \u00ae fabricada a partir de barra laminada, es la mejor opcion para las labores de testeo prueba y drenaje de la instrumentaci\u00f3n en sus instalaciones.\u00a0<\/p>\n<p>Cuenta con tres v\u00e1lvulas destinadas al equilibrado de sistemas con instrumentos de medida de presi\u00f3n diferencial, dos valvulas para aislamiento (una de la linea de alta presi\u00f3n y\/o temperatura y otra para la de baja ) y una tercera que hace de BY PASS y permite el correcto calibrado del instrumento.<\/p>\n<p>Empaquetadura de calidad para garantizar el sellado total del circuito y trim de v\u00e1lvulas aislados para una larga durabilidad y ahorro en mantenimiento.<\/p>\n<div class=\"ButtonProduct\">\n<p><a href=\"https:\/\/zaes.es\/Catalogos_de_Productos\/Manifolds_de_Instrumentacion\/Manifold_2_vias_3_valvulas\/Manifold_3_Valvulas_en_Angulo_2_Vias_Montaje_Remoto_Hembra_drenaje_Cod.V107.pdf\" target=\"_blank\" rel=\"noopener\">DESCARGAR PDF<\/a><\/p>\n<\/div>","protected":false},"featured_media":988698,"template":"","meta":{"inline_featured_image":false},"product_brand":[],"product_cat":[82,70],"product_tag":[75,94,93,74],"class_list":{"0":"post-988697","1":"product","2":"type-product","3":"status-publish","4":"has-post-thumbnail","6":"product_cat-manifold-2-vias-3-valvulas","7":"product_cat-manifolds-para-instrumentacion","8":"product_tag-aire-comprimido","9":"product_tag-gases-y-criogenia","10":"product_tag-petroquimica-y-combustibles","11":"product_tag-vapor","13":"first","14":"instock","15":"shipping-taxable","16":"product-type-simple"},"yoast_head":"<!-- This site is optimized with the Yoast SEO plugin v27.3 - https:\/\/yoast.com\/product\/yoast-seo-wordpress\/ -->\n<title>Manifold 3 V\u00e1lvulas en \u00c1ngulo, 2 V\u00edas Montaje Remoto H + drenaje - V\u00e1lvulas de Seguridad - Zaes<\/title>\n<meta name=\"description\" content=\"El manifold con v\u00e1lvulas de aguja Zaes es la mejor opci\u00f3n para las labores de testeo prueba y drenaje de la instrumentaci\u00f3n en sus instalaciones.\" \/>\n<meta name=\"robots\" content=\"index, follow, max-snippet:-1, max-image-preview:large, max-video-preview:-1\" \/>\n<link rel=\"canonical\" href=\"https:\/\/zaes.es\/es_pe\/producto\/manifold-3-valvulas-en-angulo-2-vias-montaje-remoto-hembra-con-drenaje-cod-v107\/\" \/>\n<meta property=\"og:locale\" content=\"es_ES\" \/>\n<meta property=\"og:type\" content=\"article\" \/>\n<meta property=\"og:title\" content=\"Manifold 3 V\u00e1lvulas en \u00c1ngulo, 2 V\u00edas Montaje Remoto H + drenaje - V\u00e1lvulas de Seguridad - Zaes\" \/>\n<meta property=\"og:description\" content=\"El manifold con v\u00e1lvulas de aguja Zaes es la mejor opci\u00f3n para las labores de testeo prueba y drenaje de la instrumentaci\u00f3n en sus instalaciones.\" \/>\n<meta property=\"og:url\" content=\"https:\/\/zaes.es\/es_pe\/producto\/manifold-3-valvulas-en-angulo-2-vias-montaje-remoto-hembra-con-drenaje-cod-v107\/\" \/>\n<meta property=\"og:site_name\" content=\"V\u00e1lvulas de Seguridad - Zaes\" \/>\n<meta property=\"article:modified_time\" content=\"2023-03-01T08:14:43+00:00\" \/>\n<meta property=\"og:image\" content=\"https:\/\/zaes.es\/wp-content\/uploads\/2022\/02\/MANIFO1-9.jpg\" \/>\n\t<meta property=\"og:image:width\" content=\"1000\" \/>\n\t<meta property=\"og:image:height\" content=\"1000\" \/>\n\t<meta property=\"og:image:type\" content=\"image\/jpeg\" \/>\n<meta name=\"twitter:card\" content=\"summary_large_image\" \/>\n<meta name=\"twitter:label1\" content=\"Est. reading time\" \/>\n\t<meta name=\"twitter:data1\" content=\"1 minuto\" \/>\n<script type=\"application\/ld+json\" class=\"yoast-schema-graph\">{\"@context\":\"https:\\\/\\\/schema.org\",\"@graph\":[{\"@type\":\"WebPage\",\"@id\":\"https:\\\/\\\/zaes.es\\\/es_pe\\\/producto\\\/manifold-3-valvulas-en-angulo-2-vias-montaje-remoto-hembra-con-drenaje-cod-v107\\\/\",\"url\":\"https:\\\/\\\/zaes.es\\\/es_pe\\\/producto\\\/manifold-3-valvulas-en-angulo-2-vias-montaje-remoto-hembra-con-drenaje-cod-v107\\\/\",\"name\":\"Manifold 3 V\u00e1lvulas en \u00c1ngulo, 2 V\u00edas Montaje Remoto H + drenaje - V\u00e1lvulas de Seguridad - Zaes\",\"isPartOf\":{\"@id\":\"https:\\\/\\\/zaes.es\\\/#website\"},\"primaryImageOfPage\":{\"@id\":\"https:\\\/\\\/zaes.es\\\/es_pe\\\/producto\\\/manifold-3-valvulas-en-angulo-2-vias-montaje-remoto-hembra-con-drenaje-cod-v107\\\/#primaryimage\"},\"image\":{\"@id\":\"https:\\\/\\\/zaes.es\\\/es_pe\\\/producto\\\/manifold-3-valvulas-en-angulo-2-vias-montaje-remoto-hembra-con-drenaje-cod-v107\\\/#primaryimage\"},\"thumbnailUrl\":\"https:\\\/\\\/zaes.es\\\/wp-content\\\/uploads\\\/2022\\\/02\\\/MANIFO1-9.jpg\",\"datePublished\":\"2022-02-16T11:42:57+00:00\",\"dateModified\":\"2023-03-01T08:14:43+00:00\",\"description\":\"El manifold con v\u00e1lvulas de aguja Zaes es la mejor opci\u00f3n para las labores de testeo prueba y drenaje de la instrumentaci\u00f3n en sus instalaciones.\",\"breadcrumb\":{\"@id\":\"https:\\\/\\\/zaes.es\\\/es_pe\\\/producto\\\/manifold-3-valvulas-en-angulo-2-vias-montaje-remoto-hembra-con-drenaje-cod-v107\\\/#breadcrumb\"},\"inLanguage\":\"es-PE\",\"potentialAction\":[{\"@type\":\"ReadAction\",\"target\":[\"https:\\\/\\\/zaes.es\\\/es_pe\\\/producto\\\/manifold-3-valvulas-en-angulo-2-vias-montaje-remoto-hembra-con-drenaje-cod-v107\\\/\"]}]},{\"@type\":\"ImageObject\",\"inLanguage\":\"es-PE\",\"@id\":\"https:\\\/\\\/zaes.es\\\/es_pe\\\/producto\\\/manifold-3-valvulas-en-angulo-2-vias-montaje-remoto-hembra-con-drenaje-cod-v107\\\/#primaryimage\",\"url\":\"https:\\\/\\\/zaes.es\\\/wp-content\\\/uploads\\\/2022\\\/02\\\/MANIFO1-9.jpg\",\"contentUrl\":\"https:\\\/\\\/zaes.es\\\/wp-content\\\/uploads\\\/2022\\\/02\\\/MANIFO1-9.jpg\",\"width\":1000,\"height\":1000,\"caption\":\"Manifold_3_Valvulas_en_Angulo_2_Vias_Montaje_Remoto_Hembra_drenaje_Cod.V107\"},{\"@type\":\"BreadcrumbList\",\"@id\":\"https:\\\/\\\/zaes.es\\\/es_pe\\\/producto\\\/manifold-3-valvulas-en-angulo-2-vias-montaje-remoto-hembra-con-drenaje-cod-v107\\\/#breadcrumb\",\"itemListElement\":[{\"@type\":\"ListItem\",\"position\":1,\"name\":\"Portada\",\"item\":\"https:\\\/\\\/zaes.es\\\/\"},{\"@type\":\"ListItem\",\"position\":2,\"name\":\"Shop\",\"item\":\"https:\\\/\\\/zaes.es\\\/shop\\\/\"},{\"@type\":\"ListItem\",\"position\":3,\"name\":\"Manifolds para instrumentaci\u00f3n\",\"item\":\"https:\\\/\\\/zaes.es\\\/es_pe\\\/categoria-producto\\\/manifolds-para-instrumentacion\\\/\"},{\"@type\":\"ListItem\",\"position\":4,\"name\":\"Manifold 3 V\u00e1lvulas en \u00c1ngulo 2 V\u00edas Montaje Remoto Hembra con drenaje Cod. V107\"}]},{\"@type\":\"WebSite\",\"@id\":\"https:\\\/\\\/zaes.es\\\/#website\",\"url\":\"https:\\\/\\\/zaes.es\\\/\",\"name\":\"V\u00e1lvulas de Seguridad - Zaes\",\"description\":\"\",\"publisher\":{\"@id\":\"https:\\\/\\\/zaes.es\\\/#organization\"},\"potentialAction\":[{\"@type\":\"SearchAction\",\"target\":{\"@type\":\"EntryPoint\",\"urlTemplate\":\"https:\\\/\\\/zaes.es\\\/?s={search_term_string}\"},\"query-input\":{\"@type\":\"PropertyValueSpecification\",\"valueRequired\":true,\"valueName\":\"search_term_string\"}}],\"inLanguage\":\"es-PE\"},{\"@type\":\"Organization\",\"@id\":\"https:\\\/\\\/zaes.es\\\/#organization\",\"name\":\"V\u00e1lvulas de Seguridad - Zaes\",\"url\":\"https:\\\/\\\/zaes.es\\\/\",\"logo\":{\"@type\":\"ImageObject\",\"inLanguage\":\"es-PE\",\"@id\":\"https:\\\/\\\/zaes.es\\\/#\\\/schema\\\/logo\\\/image\\\/\",\"url\":\"https:\\\/\\\/zaes.es\\\/wp-content\\\/uploads\\\/2017\\\/07\\\/cropped-zaes-logofooter.png\",\"contentUrl\":\"https:\\\/\\\/zaes.es\\\/wp-content\\\/uploads\\\/2017\\\/07\\\/cropped-zaes-logofooter.png\",\"width\":233,\"height\":85,\"caption\":\"V\u00e1lvulas de Seguridad - Zaes\"},\"image\":{\"@id\":\"https:\\\/\\\/zaes.es\\\/#\\\/schema\\\/logo\\\/image\\\/\"}}]}<\/script>\n<!-- \/ Yoast SEO plugin. -->","yoast_head_json":{"title":"Manifold 3 V\u00e1lvulas en \u00c1ngulo, 2 V\u00edas Montaje Remoto H + drenaje - V\u00e1lvulas de Seguridad - Zaes","description":"El manifold con v\u00e1lvulas de aguja Zaes es la mejor opci\u00f3n para las labores de testeo prueba y drenaje de la instrumentaci\u00f3n en sus instalaciones.","robots":{"index":"index","follow":"follow","max-snippet":"max-snippet:-1","max-image-preview":"max-image-preview:large","max-video-preview":"max-video-preview:-1"},"canonical":"https:\/\/zaes.es\/es_pe\/producto\/manifold-3-valvulas-en-angulo-2-vias-montaje-remoto-hembra-con-drenaje-cod-v107\/","og_locale":"es_ES","og_type":"article","og_title":"Manifold 3 V\u00e1lvulas en \u00c1ngulo, 2 V\u00edas Montaje Remoto H + drenaje - V\u00e1lvulas de Seguridad - Zaes","og_description":"El manifold con v\u00e1lvulas de aguja Zaes es la mejor opci\u00f3n para las labores de testeo prueba y drenaje de la instrumentaci\u00f3n en sus instalaciones.","og_url":"https:\/\/zaes.es\/es_pe\/producto\/manifold-3-valvulas-en-angulo-2-vias-montaje-remoto-hembra-con-drenaje-cod-v107\/","og_site_name":"V\u00e1lvulas de Seguridad - Zaes","article_modified_time":"2023-03-01T08:14:43+00:00","og_image":[{"width":1000,"height":1000,"url":"https:\/\/zaes.es\/wp-content\/uploads\/2022\/02\/MANIFO1-9.jpg","type":"image\/jpeg"}],"twitter_card":"summary_large_image","twitter_misc":{"Est. reading time":"1 minuto"},"schema":{"@context":"https:\/\/schema.org","@graph":[{"@type":"WebPage","@id":"https:\/\/zaes.es\/es_pe\/producto\/manifold-3-valvulas-en-angulo-2-vias-montaje-remoto-hembra-con-drenaje-cod-v107\/","url":"https:\/\/zaes.es\/es_pe\/producto\/manifold-3-valvulas-en-angulo-2-vias-montaje-remoto-hembra-con-drenaje-cod-v107\/","name":"Manifold 3 V\u00e1lvulas en \u00c1ngulo, 2 V\u00edas Montaje Remoto H + drenaje - V\u00e1lvulas de Seguridad - Zaes","isPartOf":{"@id":"https:\/\/zaes.es\/#website"},"primaryImageOfPage":{"@id":"https:\/\/zaes.es\/es_pe\/producto\/manifold-3-valvulas-en-angulo-2-vias-montaje-remoto-hembra-con-drenaje-cod-v107\/#primaryimage"},"image":{"@id":"https:\/\/zaes.es\/es_pe\/producto\/manifold-3-valvulas-en-angulo-2-vias-montaje-remoto-hembra-con-drenaje-cod-v107\/#primaryimage"},"thumbnailUrl":"https:\/\/zaes.es\/wp-content\/uploads\/2022\/02\/MANIFO1-9.jpg","datePublished":"2022-02-16T11:42:57+00:00","dateModified":"2023-03-01T08:14:43+00:00","description":"El manifold con v\u00e1lvulas de aguja Zaes es la mejor opci\u00f3n para las labores de testeo prueba y drenaje de la instrumentaci\u00f3n en sus instalaciones.","breadcrumb":{"@id":"https:\/\/zaes.es\/es_pe\/producto\/manifold-3-valvulas-en-angulo-2-vias-montaje-remoto-hembra-con-drenaje-cod-v107\/#breadcrumb"},"inLanguage":"es-PE","potentialAction":[{"@type":"ReadAction","target":["https:\/\/zaes.es\/es_pe\/producto\/manifold-3-valvulas-en-angulo-2-vias-montaje-remoto-hembra-con-drenaje-cod-v107\/"]}]},{"@type":"ImageObject","inLanguage":"es-PE","@id":"https:\/\/zaes.es\/es_pe\/producto\/manifold-3-valvulas-en-angulo-2-vias-montaje-remoto-hembra-con-drenaje-cod-v107\/#primaryimage","url":"https:\/\/zaes.es\/wp-content\/uploads\/2022\/02\/MANIFO1-9.jpg","contentUrl":"https:\/\/zaes.es\/wp-content\/uploads\/2022\/02\/MANIFO1-9.jpg","width":1000,"height":1000,"caption":"Manifold_3_Valvulas_en_Angulo_2_Vias_Montaje_Remoto_Hembra_drenaje_Cod.V107"},{"@type":"BreadcrumbList","@id":"https:\/\/zaes.es\/es_pe\/producto\/manifold-3-valvulas-en-angulo-2-vias-montaje-remoto-hembra-con-drenaje-cod-v107\/#breadcrumb","itemListElement":[{"@type":"ListItem","position":1,"name":"Portada","item":"https:\/\/zaes.es\/"},{"@type":"ListItem","position":2,"name":"Shop","item":"https:\/\/zaes.es\/shop\/"},{"@type":"ListItem","position":3,"name":"Manifolds para instrumentaci\u00f3n","item":"https:\/\/zaes.es\/es_pe\/categoria-producto\/manifolds-para-instrumentacion\/"},{"@type":"ListItem","position":4,"name":"Manifold 3 V\u00e1lvulas en \u00c1ngulo 2 V\u00edas Montaje Remoto Hembra con drenaje Cod. V107"}]},{"@type":"WebSite","@id":"https:\/\/zaes.es\/#website","url":"https:\/\/zaes.es\/","name":"V\u00e1lvulas de Seguridad - Zaes","description":"","publisher":{"@id":"https:\/\/zaes.es\/#organization"},"potentialAction":[{"@type":"SearchAction","target":{"@type":"EntryPoint","urlTemplate":"https:\/\/zaes.es\/?s={search_term_string}"},"query-input":{"@type":"PropertyValueSpecification","valueRequired":true,"valueName":"search_term_string"}}],"inLanguage":"es-PE"},{"@type":"Organization","@id":"https:\/\/zaes.es\/#organization","name":"V\u00e1lvulas de Seguridad - Zaes","url":"https:\/\/zaes.es\/","logo":{"@type":"ImageObject","inLanguage":"es-PE","@id":"https:\/\/zaes.es\/#\/schema\/logo\/image\/","url":"https:\/\/zaes.es\/wp-content\/uploads\/2017\/07\/cropped-zaes-logofooter.png","contentUrl":"https:\/\/zaes.es\/wp-content\/uploads\/2017\/07\/cropped-zaes-logofooter.png","width":233,"height":85,"caption":"V\u00e1lvulas de Seguridad - Zaes"},"image":{"@id":"https:\/\/zaes.es\/#\/schema\/logo\/image\/"}}]}},"_links":{"self":[{"href":"https:\/\/zaes.es\/es_pe\/wp-json\/wp\/v2\/product\/988697","targetHints":{"allow":["GET"]}}],"collection":[{"href":"https:\/\/zaes.es\/es_pe\/wp-json\/wp\/v2\/product"}],"about":[{"href":"https:\/\/zaes.es\/es_pe\/wp-json\/wp\/v2\/types\/product"}],"wp:featuredmedia":[{"embeddable":true,"href":"https:\/\/zaes.es\/es_pe\/wp-json\/wp\/v2\/media\/988698"}],"wp:attachment":[{"href":"https:\/\/zaes.es\/es_pe\/wp-json\/wp\/v2\/media?parent=988697"}],"wp:term":[{"taxonomy":"product_brand","embeddable":true,"href":"https:\/\/zaes.es\/es_pe\/wp-json\/wp\/v2\/product_brand?post=988697"},{"taxonomy":"product_cat","embeddable":true,"href":"https:\/\/zaes.es\/es_pe\/wp-json\/wp\/v2\/product_cat?post=988697"},{"taxonomy":"product_tag","embeddable":true,"href":"https:\/\/zaes.es\/es_pe\/wp-json\/wp\/v2\/product_tag?post=988697"}],"curies":[{"name":"wp","href":"https:\/\/api.w.org\/{rel}","templated":true}]}}