{"id":987994,"date":"2022-02-03T12:41:34","date_gmt":"2022-02-03T12:41:34","guid":{"rendered":"http:\/\/ceaseformacion.com\/zaes\/?page_id=987994"},"modified":"2023-03-03T11:11:48","modified_gmt":"2023-03-03T11:11:48","slug":"manifolds-para-instrumentacion","status":"publish","type":"page","link":"https:\/\/zaes.es\/es_uy\/productos\/manifolds-para-instrumentacion\/","title":{"rendered":"Manifolds para instrumentaci\u00f3n"},"content":{"rendered":"<div class=\"vgblk-rw-wrapper limit-wrapper\">\n<h1>\n\tQue es un Manifold para<br \/><strong> Instrumentaci\u00f3n<\/strong>\n\t<\/h1>\n\t<p>Un manifold para instrumentaci\u00f3n es un mecanismo que unifica en un \u00fanico elemento l\u00edneas de instalaci\u00f3n usadas para la protecci\u00f3n, aislamiento, mantenimiento, venteo \/ purga y calibraci\u00f3n de instrumentos industriales de medida principalmente de presi\u00f3n.<\/p>\n<p>Unificando 2, 3 o 5 v\u00e1lvulas en un solo elemento, evitamos las fugas de las uniones y conseguimos las aplicaciones descritas en un espacio muy reducido y fiable<\/p>\n<h2>\n\t\u00bfPara qu\u00e9 se usa un <strong>Manifold de Instrumentaci\u00f3n?<\/strong>\n\t<\/h2>\n\t<p>Actualmente un manifold para instrumentaci\u00f3n es un elemento o accesorio estandar en las instalaciones con transmisores o instrumentos de presi\u00f3n diferencial para controlar los fluidos que afectan a este dispositivo de medici\u00f3n.<\/p>\n\t<p>Usando un manifold para instrumentaci\u00f3n podemos:<\/p>\n\t<a href=\"https:\/\/zaes.es\/es_uy\/categor%c3%ada+de+producto\/manifolds-para-instrumentacion\/\" target=\"_self\" role=\"button\" rel=\"noopener\">\n\t\t\t\t\tVER MANIFOLDS PARA INSTRUMENTACI\u00d3N\n\t<\/a>\n\t\t\t\t\t\t\t<img decoding=\"async\" loading=\"lazy\" src=\"https:\/\/zaes.es\/wp-content\/uploads\/2022\/02\/WhiteManifold600x600-1.jpg\" alt=\"V102 Manifold Stainless Steel AISI 316L, Acero Carbono, Carbon Steel, Monel, Inconel, Hastelloy, Duplex, Super Duplex\" itemprop=\"image\" height=\"600\" width=\"600\" title=\"V102 Manifold Stainless Steel AISI 316L, Acero Carbono, Carbon Steel, Monel, Inconel, Hastelloy, Duplex, Super Duplex\" onerror=\"this.style.display='none'\"  sizes=\"auto, (max-width: 768px) 100vw, 100vw\" srcset=\"https:\/\/zaes.es\/wp-content\/uploads\/2022\/02\/WhiteManifold600x600-1.jpg 600w, https:\/\/zaes.es\/wp-content\/uploads\/2022\/02\/WhiteManifold600x600-1-300x300.jpg 300w, https:\/\/zaes.es\/wp-content\/uploads\/2022\/02\/WhiteManifold600x600-1-150x150.jpg 150w, https:\/\/zaes.es\/wp-content\/uploads\/2022\/02\/WhiteManifold600x600-1-466x466.jpg 466w, https:\/\/zaes.es\/wp-content\/uploads\/2022\/02\/WhiteManifold600x600-1-350x350.jpg 350w, https:\/\/zaes.es\/wp-content\/uploads\/2022\/02\/WhiteManifold600x600-1-100x100.jpg 100w\" \/>\t\t\t\t\t\t\t\n<h2>\n\tQu\u00e9 tipos de Manifolds para<br \/><strong> Instrumentaci\u00f3n existen<\/strong>\n\t<\/h2>\n<h4>\n\tManifolds de 2 v\u00e1lvulas\n\t<\/h4>\n<h4>\n\tManifolds de 5 v\u00e1lvulas\n\t<\/h4>\n<h4>\n\tManifolds de 3 v\u00e1lvulas\n\t<\/h4>\n<h2>\n\t<strong>En Zaes como fabricante de manifolds para instrumentaci\u00f3n, desde hace m\u00e1s de 60 a\u00f1os, les garantizamos un producto de calidad para sus instalaciones.<\/strong>\n\t<\/h2>\n<h2>\n\t\u00bfNecesitamos un Manifold en nuestras instalaciones con<strong> Instrumentaci\u00f3n de medida?<\/strong>\n\t<\/h2>\n\t<p>Los manifolds para instrumentaci\u00f3n son muy \u00fatiles para distintas aplicaciones. Desde maquinas industriales hasta grandes plantas industriales.\u00a0 Al unificar distintas l\u00edneas de fluidos de un sistema, los manifolds para instrumentaci\u00f3n consiguen resultados m\u00e1s eficaces en lo referente a costos y gasto de energ\u00eda.<\/p>\n<p>Beneficios entre los que podemos encontrar, como por ejemplo, los siguientes:<\/p>\n\t\t\t\t\t\t\t<img decoding=\"async\" loading=\"lazy\" src=\"https:\/\/zaes.es\/wp-content\/uploads\/2023\/03\/V113-Manifold-Stainless-Steel-AISI-316L-Acero-Carbono-Carbon-Steel-Monel-Inconel-Hastelloy-Duplex-Super-Duplex.png\" alt=\"V113-Manifold-Stainless-Steel-AISI-316L,-Acero-Carbono,-Carbon-Steel,-Monel,-Inconel,-Hastelloy,-Duplex,-Super-Duplex\" itemprop=\"image\" height=\"1000\" width=\"1000\" title=\"V113-Manifold-Stainless-Steel-AISI-316L,-Acero-Carbono,-Carbon-Steel,-Monel,-Inconel,-Hastelloy,-Duplex,-Super-Duplex\" onerror=\"this.style.display='none'\"  sizes=\"auto, (max-width: 768px) 100vw, 100vw\" srcset=\"https:\/\/zaes.es\/wp-content\/uploads\/2023\/03\/V113-Manifold-Stainless-Steel-AISI-316L-Acero-Carbono-Carbon-Steel-Monel-Inconel-Hastelloy-Duplex-Super-Duplex.png 1000w, https:\/\/zaes.es\/wp-content\/uploads\/2023\/03\/V113-Manifold-Stainless-Steel-AISI-316L-Acero-Carbono-Carbon-Steel-Monel-Inconel-Hastelloy-Duplex-Super-Duplex-300x300.png 300w, https:\/\/zaes.es\/wp-content\/uploads\/2023\/03\/V113-Manifold-Stainless-Steel-AISI-316L-Acero-Carbono-Carbon-Steel-Monel-Inconel-Hastelloy-Duplex-Super-Duplex-150x150.png 150w, https:\/\/zaes.es\/wp-content\/uploads\/2023\/03\/V113-Manifold-Stainless-Steel-AISI-316L-Acero-Carbono-Carbon-Steel-Monel-Inconel-Hastelloy-Duplex-Super-Duplex-768x768.png 768w, https:\/\/zaes.es\/wp-content\/uploads\/2023\/03\/V113-Manifold-Stainless-Steel-AISI-316L-Acero-Carbono-Carbon-Steel-Monel-Inconel-Hastelloy-Duplex-Super-Duplex-12x12.png 12w, https:\/\/zaes.es\/wp-content\/uploads\/2023\/03\/V113-Manifold-Stainless-Steel-AISI-316L-Acero-Carbono-Carbon-Steel-Monel-Inconel-Hastelloy-Duplex-Super-Duplex-700x700.png 700w, https:\/\/zaes.es\/wp-content\/uploads\/2023\/03\/V113-Manifold-Stainless-Steel-AISI-316L-Acero-Carbono-Carbon-Steel-Monel-Inconel-Hastelloy-Duplex-Super-Duplex-466x466.png 466w, https:\/\/zaes.es\/wp-content\/uploads\/2023\/03\/V113-Manifold-Stainless-Steel-AISI-316L-Acero-Carbono-Carbon-Steel-Monel-Inconel-Hastelloy-Duplex-Super-Duplex-933x933.png 933w, https:\/\/zaes.es\/wp-content\/uploads\/2023\/03\/V113-Manifold-Stainless-Steel-AISI-316L-Acero-Carbono-Carbon-Steel-Monel-Inconel-Hastelloy-Duplex-Super-Duplex-350x350.png 350w, https:\/\/zaes.es\/wp-content\/uploads\/2023\/03\/V113-Manifold-Stainless-Steel-AISI-316L-Acero-Carbono-Carbon-Steel-Monel-Inconel-Hastelloy-Duplex-Super-Duplex-100x100.png 100w\" \/>\t\t\t\t\t\t\t\n\n<\/div><!-- .vgblk-rw-wrapper -->","protected":false},"excerpt":{"rendered":"<p>Que es un Manifold para Instrumentaci\u00f3n Un manifold para instrumentaci\u00f3n es un mecanismo que unifica en un \u00fanico elemento l\u00edneas de instalaci\u00f3n usadas para la protecci\u00f3n, aislamiento, mantenimiento, venteo \/ purga y calibraci\u00f3n de instrumentos industriales de medida principalmente de presi\u00f3n. Unificando 2, 3 o 5 v\u00e1lvulas en un solo elemento, evitamos las fugas de&#8230;<\/p>","protected":false},"author":1,"featured_media":0,"parent":987852,"menu_order":0,"comment_status":"closed","ping_status":"closed","template":"","meta":{"inline_featured_image":false,"footnotes":""},"class_list":["post-987994","page","type-page","status-publish","hentry"],"yoast_head":"<!-- This site is optimized with the Yoast SEO plugin v27.3 - https:\/\/yoast.com\/product\/yoast-seo-wordpress\/ -->\n<title>Manifolds para Instrumentos - Zaes - Fabricante de manifold<\/title>\n<meta name=\"description\" content=\"Un manifolds para instrumentaci\u00f3n es un mecanismo que unifica en un \u00fanico elemento l\u00edneas de instalaci\u00f3n usadas para la protecci\u00f3n...\" \/>\n<meta name=\"robots\" content=\"index, follow, max-snippet:-1, max-image-preview:large, max-video-preview:-1\" \/>\n<link rel=\"canonical\" href=\"https:\/\/zaes.es\/es_uy\/productos\/manifolds-para-instrumentacion\/\" \/>\n<meta property=\"og:locale\" content=\"es_ES\" \/>\n<meta property=\"og:type\" content=\"article\" \/>\n<meta property=\"og:title\" content=\"Manifolds para Instrumentos - Zaes - Fabricante de manifold\" \/>\n<meta property=\"og:description\" content=\"Un manifolds para instrumentaci\u00f3n es un mecanismo que unifica en un \u00fanico elemento l\u00edneas de instalaci\u00f3n usadas para la protecci\u00f3n...\" \/>\n<meta property=\"og:url\" content=\"https:\/\/zaes.es\/es_uy\/productos\/manifolds-para-instrumentacion\/\" \/>\n<meta property=\"og:site_name\" content=\"V\u00e1lvulas de Seguridad - Zaes\" \/>\n<meta property=\"article:modified_time\" content=\"2023-03-03T11:11:48+00:00\" \/>\n<meta property=\"og:image\" content=\"https:\/\/zaes.es\/wp-content\/uploads\/2022\/02\/WhiteManifold600x600-1.jpg\" \/>\n<meta name=\"twitter:card\" content=\"summary_large_image\" \/>\n<meta name=\"twitter:label1\" content=\"Est. reading time\" \/>\n\t<meta name=\"twitter:data1\" content=\"2 minutos\" \/>\n<script type=\"application\/ld+json\" class=\"yoast-schema-graph\">{\"@context\":\"https:\\\/\\\/schema.org\",\"@graph\":[{\"@type\":\"WebPage\",\"@id\":\"https:\\\/\\\/zaes.es\\\/productos\\\/manifolds-para-instrumentacion\\\/\",\"url\":\"https:\\\/\\\/zaes.es\\\/productos\\\/manifolds-para-instrumentacion\\\/\",\"name\":\"Manifolds para Instrumentos - Zaes - Fabricante de manifold\",\"isPartOf\":{\"@id\":\"https:\\\/\\\/zaes.es\\\/#website\"},\"primaryImageOfPage\":{\"@id\":\"https:\\\/\\\/zaes.es\\\/productos\\\/manifolds-para-instrumentacion\\\/#primaryimage\"},\"image\":{\"@id\":\"https:\\\/\\\/zaes.es\\\/productos\\\/manifolds-para-instrumentacion\\\/#primaryimage\"},\"thumbnailUrl\":\"https:\\\/\\\/zaes.es\\\/wp-content\\\/uploads\\\/2022\\\/02\\\/WhiteManifold600x600-1.jpg\",\"datePublished\":\"2022-02-03T12:41:34+00:00\",\"dateModified\":\"2023-03-03T11:11:48+00:00\",\"description\":\"Un manifolds para instrumentaci\u00f3n es un mecanismo que unifica en un \u00fanico elemento l\u00edneas de instalaci\u00f3n usadas para la protecci\u00f3n...\",\"breadcrumb\":{\"@id\":\"https:\\\/\\\/zaes.es\\\/productos\\\/manifolds-para-instrumentacion\\\/#breadcrumb\"},\"inLanguage\":\"es-UY\",\"potentialAction\":[{\"@type\":\"ReadAction\",\"target\":[\"https:\\\/\\\/zaes.es\\\/productos\\\/manifolds-para-instrumentacion\\\/\"]}]},{\"@type\":\"ImageObject\",\"inLanguage\":\"es-UY\",\"@id\":\"https:\\\/\\\/zaes.es\\\/productos\\\/manifolds-para-instrumentacion\\\/#primaryimage\",\"url\":\"https:\\\/\\\/zaes.es\\\/wp-content\\\/uploads\\\/2022\\\/02\\\/WhiteManifold600x600-1.jpg\",\"contentUrl\":\"https:\\\/\\\/zaes.es\\\/wp-content\\\/uploads\\\/2022\\\/02\\\/WhiteManifold600x600-1.jpg\"},{\"@type\":\"BreadcrumbList\",\"@id\":\"https:\\\/\\\/zaes.es\\\/productos\\\/manifolds-para-instrumentacion\\\/#breadcrumb\",\"itemListElement\":[{\"@type\":\"ListItem\",\"position\":1,\"name\":\"Portada\",\"item\":\"https:\\\/\\\/zaes.es\\\/\"},{\"@type\":\"ListItem\",\"position\":2,\"name\":\"Productos\",\"item\":\"https:\\\/\\\/zaes.es\\\/productos\\\/\"},{\"@type\":\"ListItem\",\"position\":3,\"name\":\"Manifolds para instrumentaci\u00f3n\"}]},{\"@type\":\"WebSite\",\"@id\":\"https:\\\/\\\/zaes.es\\\/#website\",\"url\":\"https:\\\/\\\/zaes.es\\\/\",\"name\":\"V\u00e1lvulas de Seguridad - Zaes\",\"description\":\"\",\"publisher\":{\"@id\":\"https:\\\/\\\/zaes.es\\\/#organization\"},\"potentialAction\":[{\"@type\":\"SearchAction\",\"target\":{\"@type\":\"EntryPoint\",\"urlTemplate\":\"https:\\\/\\\/zaes.es\\\/?s={search_term_string}\"},\"query-input\":{\"@type\":\"PropertyValueSpecification\",\"valueRequired\":true,\"valueName\":\"search_term_string\"}}],\"inLanguage\":\"es-UY\"},{\"@type\":\"Organization\",\"@id\":\"https:\\\/\\\/zaes.es\\\/#organization\",\"name\":\"V\u00e1lvulas de Seguridad - Zaes\",\"url\":\"https:\\\/\\\/zaes.es\\\/\",\"logo\":{\"@type\":\"ImageObject\",\"inLanguage\":\"es-UY\",\"@id\":\"https:\\\/\\\/zaes.es\\\/#\\\/schema\\\/logo\\\/image\\\/\",\"url\":\"https:\\\/\\\/zaes.es\\\/wp-content\\\/uploads\\\/2017\\\/07\\\/cropped-zaes-logofooter.png\",\"contentUrl\":\"https:\\\/\\\/zaes.es\\\/wp-content\\\/uploads\\\/2017\\\/07\\\/cropped-zaes-logofooter.png\",\"width\":233,\"height\":85,\"caption\":\"V\u00e1lvulas de Seguridad - Zaes\"},\"image\":{\"@id\":\"https:\\\/\\\/zaes.es\\\/#\\\/schema\\\/logo\\\/image\\\/\"}}]}<\/script>\n<!-- \/ Yoast SEO plugin. -->","yoast_head_json":{"title":"Manifolds para Instrumentos - Zaes - Fabricante de manifold","description":"Un manifolds para instrumentaci\u00f3n es un mecanismo que unifica en un \u00fanico elemento l\u00edneas de instalaci\u00f3n usadas para la protecci\u00f3n...","robots":{"index":"index","follow":"follow","max-snippet":"max-snippet:-1","max-image-preview":"max-image-preview:large","max-video-preview":"max-video-preview:-1"},"canonical":"https:\/\/zaes.es\/es_uy\/productos\/manifolds-para-instrumentacion\/","og_locale":"es_ES","og_type":"article","og_title":"Manifolds para Instrumentos - Zaes - Fabricante de manifold","og_description":"Un manifolds para instrumentaci\u00f3n es un mecanismo que unifica en un \u00fanico elemento l\u00edneas de instalaci\u00f3n usadas para la protecci\u00f3n...","og_url":"https:\/\/zaes.es\/es_uy\/productos\/manifolds-para-instrumentacion\/","og_site_name":"V\u00e1lvulas de Seguridad - Zaes","article_modified_time":"2023-03-03T11:11:48+00:00","og_image":[{"url":"https:\/\/zaes.es\/wp-content\/uploads\/2022\/02\/WhiteManifold600x600-1.jpg","type":"","width":"","height":""}],"twitter_card":"summary_large_image","twitter_misc":{"Est. reading time":"2 minutos"},"schema":{"@context":"https:\/\/schema.org","@graph":[{"@type":"WebPage","@id":"https:\/\/zaes.es\/productos\/manifolds-para-instrumentacion\/","url":"https:\/\/zaes.es\/productos\/manifolds-para-instrumentacion\/","name":"Manifolds para Instrumentos - Zaes - Fabricante de manifold","isPartOf":{"@id":"https:\/\/zaes.es\/#website"},"primaryImageOfPage":{"@id":"https:\/\/zaes.es\/productos\/manifolds-para-instrumentacion\/#primaryimage"},"image":{"@id":"https:\/\/zaes.es\/productos\/manifolds-para-instrumentacion\/#primaryimage"},"thumbnailUrl":"https:\/\/zaes.es\/wp-content\/uploads\/2022\/02\/WhiteManifold600x600-1.jpg","datePublished":"2022-02-03T12:41:34+00:00","dateModified":"2023-03-03T11:11:48+00:00","description":"Un manifolds para instrumentaci\u00f3n es un mecanismo que unifica en un \u00fanico elemento l\u00edneas de instalaci\u00f3n usadas para la protecci\u00f3n...","breadcrumb":{"@id":"https:\/\/zaes.es\/productos\/manifolds-para-instrumentacion\/#breadcrumb"},"inLanguage":"es-UY","potentialAction":[{"@type":"ReadAction","target":["https:\/\/zaes.es\/productos\/manifolds-para-instrumentacion\/"]}]},{"@type":"ImageObject","inLanguage":"es-UY","@id":"https:\/\/zaes.es\/productos\/manifolds-para-instrumentacion\/#primaryimage","url":"https:\/\/zaes.es\/wp-content\/uploads\/2022\/02\/WhiteManifold600x600-1.jpg","contentUrl":"https:\/\/zaes.es\/wp-content\/uploads\/2022\/02\/WhiteManifold600x600-1.jpg"},{"@type":"BreadcrumbList","@id":"https:\/\/zaes.es\/productos\/manifolds-para-instrumentacion\/#breadcrumb","itemListElement":[{"@type":"ListItem","position":1,"name":"Portada","item":"https:\/\/zaes.es\/"},{"@type":"ListItem","position":2,"name":"Productos","item":"https:\/\/zaes.es\/productos\/"},{"@type":"ListItem","position":3,"name":"Manifolds para instrumentaci\u00f3n"}]},{"@type":"WebSite","@id":"https:\/\/zaes.es\/#website","url":"https:\/\/zaes.es\/","name":"V\u00e1lvulas de Seguridad - Zaes","description":"","publisher":{"@id":"https:\/\/zaes.es\/#organization"},"potentialAction":[{"@type":"SearchAction","target":{"@type":"EntryPoint","urlTemplate":"https:\/\/zaes.es\/?s={search_term_string}"},"query-input":{"@type":"PropertyValueSpecification","valueRequired":true,"valueName":"search_term_string"}}],"inLanguage":"es-UY"},{"@type":"Organization","@id":"https:\/\/zaes.es\/#organization","name":"V\u00e1lvulas de Seguridad - Zaes","url":"https:\/\/zaes.es\/","logo":{"@type":"ImageObject","inLanguage":"es-UY","@id":"https:\/\/zaes.es\/#\/schema\/logo\/image\/","url":"https:\/\/zaes.es\/wp-content\/uploads\/2017\/07\/cropped-zaes-logofooter.png","contentUrl":"https:\/\/zaes.es\/wp-content\/uploads\/2017\/07\/cropped-zaes-logofooter.png","width":233,"height":85,"caption":"V\u00e1lvulas de Seguridad - Zaes"},"image":{"@id":"https:\/\/zaes.es\/#\/schema\/logo\/image\/"}}]}},"_links":{"self":[{"href":"https:\/\/zaes.es\/es_uy\/wp-json\/wp\/v2\/pages\/987994","targetHints":{"allow":["GET"]}}],"collection":[{"href":"https:\/\/zaes.es\/es_uy\/wp-json\/wp\/v2\/pages"}],"about":[{"href":"https:\/\/zaes.es\/es_uy\/wp-json\/wp\/v2\/types\/page"}],"author":[{"embeddable":true,"href":"https:\/\/zaes.es\/es_uy\/wp-json\/wp\/v2\/users\/1"}],"replies":[{"embeddable":true,"href":"https:\/\/zaes.es\/es_uy\/wp-json\/wp\/v2\/comments?post=987994"}],"version-history":[{"count":30,"href":"https:\/\/zaes.es\/es_uy\/wp-json\/wp\/v2\/pages\/987994\/revisions"}],"predecessor-version":[{"id":990586,"href":"https:\/\/zaes.es\/es_uy\/wp-json\/wp\/v2\/pages\/987994\/revisions\/990586"}],"up":[{"embeddable":true,"href":"https:\/\/zaes.es\/es_uy\/wp-json\/wp\/v2\/pages\/987852"}],"wp:attachment":[{"href":"https:\/\/zaes.es\/es_uy\/wp-json\/wp\/v2\/media?parent=987994"}],"curies":[{"name":"wp","href":"https:\/\/api.w.org\/{rel}","templated":true}]}}